{"id":1493,"date":"2020-07-01T00:39:09","date_gmt":"2020-06-30T22:39:09","guid":{"rendered":"https:\/\/www.tavolata.ch\/?page_id=1493"},"modified":"2023-12-18T13:48:31","modified_gmt":"2023-12-18T12:48:31","slug":"impegno","status":"publish","type":"page","link":"https:\/\/www.tavolata.ch\/it\/impegno\/","title":{"rendered":"Enti promotori"},"content":{"rendered":"<h3><img loading=\"lazy\" decoding=\"async\" class=\"alignnone wp-image-6781\" src=\"https:\/\/www.tavolata.ch\/wp-content\/uploads\/2021\/04\/Logo_FGE_MK_cmyk_300dpi_IT-300x56.jpg\" alt=\"\" width=\"267\" height=\"50\" srcset=\"https:\/\/www.tavolata.ch\/wp-content\/uploads\/2021\/04\/Logo_FGE_MK_cmyk_300dpi_IT-300x56.jpg 300w, https:\/\/www.tavolata.ch\/wp-content\/uploads\/2021\/04\/Logo_FGE_MK_cmyk_300dpi_IT-1024x192.jpg 1024w, https:\/\/www.tavolata.ch\/wp-content\/uploads\/2021\/04\/Logo_FGE_MK_cmyk_300dpi_IT-768x144.jpg 768w, https:\/\/www.tavolata.ch\/wp-content\/uploads\/2021\/04\/Logo_FGE_MK_cmyk_300dpi_IT-1536x288.jpg 1536w, https:\/\/www.tavolata.ch\/wp-content\/uploads\/2021\/04\/Logo_FGE_MK_cmyk_300dpi_IT-2048x384.jpg 2048w\" sizes=\"auto, (max-width: 267px) 100vw, 267px\" \/><\/h3>\n<div class=\"p100\">\n<div class=\"nester\">\n<div class=\"p100\">\n<div class=\"content bwhite\">\n<p><strong>Percento culturale Migros<\/strong><br \/>\nIl Percento culturale Migros \u00e8 un\u2019istituzione ancorata negli statuti Migros nata per un senso di responsabilit\u00e0 nei confronti della societ\u00e0. Il Percento culturale Migros sostiene iniziative culturali e sociali, proponendo un\u2019offerta variegata a un\u2019ampia fascia di popolazione.<br \/>\n<a href=\"https:\/\/engagement.migros.ch\/it\" target=\"_blank\" rel=\"noopener\">engagement.migros.ch<\/a><\/p>\n<p>&nbsp;<\/p>\n<\/div>\n<p><img loading=\"lazy\" decoding=\"async\" class=\"alignnone wp-image-384\" src=\"https:\/\/www.tavolata.ch\/wp-content\/uploads\/2020\/06\/gfch_logo_3spr_pos_rgb_A4-A5-300x60.png\" alt=\"\" width=\"251\" height=\"50\" srcset=\"https:\/\/www.tavolata.ch\/wp-content\/uploads\/2020\/06\/gfch_logo_3spr_pos_rgb_A4-A5-300x60.png 300w, https:\/\/www.tavolata.ch\/wp-content\/uploads\/2020\/06\/gfch_logo_3spr_pos_rgb_A4-A5-1024x204.png 1024w, https:\/\/www.tavolata.ch\/wp-content\/uploads\/2020\/06\/gfch_logo_3spr_pos_rgb_A4-A5-768x153.png 768w, https:\/\/www.tavolata.ch\/wp-content\/uploads\/2020\/06\/gfch_logo_3spr_pos_rgb_A4-A5.png 1056w\" sizes=\"auto, (max-width: 251px) 100vw, 251px\" \/><\/p>\n<p><strong>Promozione Salute Svizzera<\/strong><br \/>\nPromozione Salute Svizzera \u00e8 una fondazione privata, sostenuta dai cantoni e dagli assicurati. Su mandato legislativo \u00e8 incaricata di lanciare, coordinare e valutare misure di promozione della salute e prevenzione delle malattie.<br \/>\n<a href=\"https:\/\/promotionsante.ch\/\" target=\"_blank\" rel=\"noopener noreferrer\">promotionsante.ch<\/a><\/p>\n<\/div>\n<\/div>\n<\/div>\n<p>&nbsp;<\/p>\n<p><img loading=\"lazy\" decoding=\"async\" class=\"alignnone size-medium wp-image-13144\" src=\"https:\/\/www.tavolata.ch\/wp-content\/uploads\/2023\/12\/Logo_BeisheimStiftung_01_RGB-300x111.jpg\" alt=\"\" width=\"300\" height=\"111\" srcset=\"https:\/\/www.tavolata.ch\/wp-content\/uploads\/2023\/12\/Logo_BeisheimStiftung_01_RGB-300x111.jpg 300w, https:\/\/www.tavolata.ch\/wp-content\/uploads\/2023\/12\/Logo_BeisheimStiftung_01_RGB-1024x379.jpg 1024w, https:\/\/www.tavolata.ch\/wp-content\/uploads\/2023\/12\/Logo_BeisheimStiftung_01_RGB-768x284.jpg 768w, https:\/\/www.tavolata.ch\/wp-content\/uploads\/2023\/12\/Logo_BeisheimStiftung_01_RGB.jpg 1181w\" sizes=\"auto, (max-width: 300px) 100vw, 300px\" \/><\/p>\n<div class=\"p100\">\n<div class=\"nester\">\n<p><strong>Fondazione Beisheim<\/strong><br \/>\nLa Fondazione Beisheim promuove idee progettuali innovative nei settori dell&#8217;istruzione, della salute, della cultura e dello sport. Sviluppa progetti propri o mette a disposizione dei partner le proprie conoscenze e risorse.<br \/>\n<a href=\"https:\/\/www.beisheim-stiftung.com\/ch\/de\" target=\"_blank\" rel=\"noopener\">beisheim-stiftung.com<\/a><\/p>\n<p>&nbsp;<\/p>\n<p><img loading=\"lazy\" decoding=\"async\" class=\"alignnone size-medium wp-image-13147\" src=\"https:\/\/www.tavolata.ch\/wp-content\/uploads\/2023\/12\/image001-300x104.png\" alt=\"\" width=\"300\" height=\"104\" srcset=\"https:\/\/www.tavolata.ch\/wp-content\/uploads\/2023\/12\/image001-300x104.png 300w, https:\/\/www.tavolata.ch\/wp-content\/uploads\/2023\/12\/image001.png 397w\" sizes=\"auto, (max-width: 300px) 100vw, 300px\" \/><br \/>\n<strong>Fondazione Walder<\/strong><br \/>\nLa Fondazione Walder sostiene, tra l&#8217;altro, progetti che contribuiscono a migliorare la qualit\u00e0 della vita delle persone anziane, a promuovere la comunit\u00e0, a sostenere la conservazione dell&#8217;indipendenza e della libert\u00e0 di scelta o a presentare un&#8217;immagine imparziale e multistrato delle persone anziane.<br \/>\n<a href=\"https:\/\/www.walder-stiftung.ch\/\" target=\"_blank\" rel=\"noopener\">walder-stiftung.ch<\/a><\/p>\n<p>&nbsp;<\/p>\n<p><img loading=\"lazy\" decoding=\"async\" class=\"alignnone size-medium wp-image-13159\" src=\"https:\/\/www.tavolata.ch\/wp-content\/uploads\/2023\/12\/CKS_logo-1-300x159.jpg\" alt=\"\" width=\"300\" height=\"159\" srcset=\"https:\/\/www.tavolata.ch\/wp-content\/uploads\/2023\/12\/CKS_logo-1-300x159.jpg 300w, https:\/\/www.tavolata.ch\/wp-content\/uploads\/2023\/12\/CKS_logo-1.jpg 584w\" sizes=\"auto, (max-width: 300px) 100vw, 300px\" \/><br \/>\n<strong>Fondazione Cornelius Kn\u00fcpffer<\/strong><br \/>\nLa fondazione, con sede a Lucerna, sostiene organizzazioni caritatevoli nei settori della convivenza in et\u00e0 avanzata, delle cure palliative, dello sviluppo dei bambini e dei giovani, dell&#8217;arte e della cultura.<br \/>\n<a href=\"https:\/\/ck-stiftung.ch\/\" target=\"_blank\" rel=\"noopener\">ck-stiftung.ch<\/a><\/p>\n<\/div>\n<\/div>\n<p>&nbsp;<\/p>\n<p>&nbsp;<\/p>\n<div class=\"p100\">\n<div class=\"nester\">\n<div class=\"p100\">\n<div class=\"content bwhite\">\n<p><img loading=\"lazy\" decoding=\"async\" class=\"alignnone wp-image-397\" src=\"https:\/\/www.tavolata.ch\/wp-content\/uploads\/2020\/06\/logo_migros-1-1-300x95.jpg\" alt=\"\" width=\"158\" height=\"50\" srcset=\"https:\/\/www.tavolata.ch\/wp-content\/uploads\/2020\/06\/logo_migros-1-1-300x95.jpg 300w, https:\/\/www.tavolata.ch\/wp-content\/uploads\/2020\/06\/logo_migros-1-1-768x243.jpg 768w, https:\/\/www.tavolata.ch\/wp-content\/uploads\/2020\/06\/logo_migros-1-1.jpg 981w\" sizes=\"auto, (max-width: 158px) 100vw, 158px\" \/><\/p>\n<p><strong>Cooperativa Migros Aare, Lucerna, Svizzera orientale, Zurigo e Ticino<\/strong><br \/>\nInsieme ai responsabili regionali del progetto Tavolata le Cooperative Migros si impegnano a diffondere e consolidare il progetto nelle loro regioni. Grazie di cuore!<br \/>\n<a href=\"https:\/\/www.migros.ch\/de\/genossenschaften.html\" target=\"_blank\" rel=\"noopener noreferrer\">migros.ch<\/a><\/p>\n<\/div>\n<\/div>\n<\/div>\n<\/div>\n","protected":false},"excerpt":{"rendered":"<p>Percento culturale Migros Il Percento culturale Migros \u00e8 un\u2019istituzione ancorata negli statuti Migros nata per un senso di responsabilit\u00e0 nei confronti della societ\u00e0. Il Percento culturale Migros sostiene iniziative culturali e sociali, proponendo un\u2019offerta variegata a un\u2019ampia fascia di popolazione. engagement.migros.ch &nbsp; Promozione Salute Svizzera Promozione Salute Svizzera \u00e8 una fondazione privata, sostenuta dai cantoni [&hellip;]<\/p>\n","protected":false},"author":2,"featured_media":0,"parent":0,"menu_order":126,"comment_status":"closed","ping_status":"closed","template":"","meta":{"_acf_changed":false,"footnotes":""},"class_list":["post-1493","page","type-page","status-publish","hentry"],"acf":[],"_links":{"self":[{"href":"https:\/\/www.tavolata.ch\/it\/wp-json\/wp\/v2\/pages\/1493","targetHints":{"allow":["GET"]}}],"collection":[{"href":"https:\/\/www.tavolata.ch\/it\/wp-json\/wp\/v2\/pages"}],"about":[{"href":"https:\/\/www.tavolata.ch\/it\/wp-json\/wp\/v2\/types\/page"}],"author":[{"embeddable":true,"href":"https:\/\/www.tavolata.ch\/it\/wp-json\/wp\/v2\/users\/2"}],"replies":[{"embeddable":true,"href":"https:\/\/www.tavolata.ch\/it\/wp-json\/wp\/v2\/comments?post=1493"}],"version-history":[{"count":16,"href":"https:\/\/www.tavolata.ch\/it\/wp-json\/wp\/v2\/pages\/1493\/revisions"}],"predecessor-version":[{"id":13165,"href":"https:\/\/www.tavolata.ch\/it\/wp-json\/wp\/v2\/pages\/1493\/revisions\/13165"}],"wp:attachment":[{"href":"https:\/\/www.tavolata.ch\/it\/wp-json\/wp\/v2\/media?parent=1493"}],"curies":[{"name":"wp","href":"https:\/\/api.w.org\/{rel}","templated":true}]}}