{"id":1474,"date":"2020-07-01T00:32:27","date_gmt":"2020-06-30T22:32:27","guid":{"rendered":"https:\/\/www.tavolata.ch\/?page_id=1474"},"modified":"2025-02-03T15:27:39","modified_gmt":"2025-02-03T14:27:39","slug":"partenariat","status":"publish","type":"page","link":"https:\/\/www.tavolata.ch\/it\/partenariat\/","title":{"rendered":"Partenariat"},"content":{"rendered":"<div class=\"p100\">\n<div class=\"content bwhite\">\n<p><img loading=\"lazy\" decoding=\"async\" class=\"alignnone size-medium wp-image-14179\" src=\"https:\/\/www.tavolata.ch\/wp-content\/uploads\/2024\/04\/aelterwerdenimfricktal-logo_kombo_rot-300x90.png\" alt=\"\" width=\"300\" height=\"90\" srcset=\"https:\/\/www.tavolata.ch\/wp-content\/uploads\/2024\/04\/aelterwerdenimfricktal-logo_kombo_rot-300x90.png 300w, https:\/\/www.tavolata.ch\/wp-content\/uploads\/2024\/04\/aelterwerdenimfricktal-logo_kombo_rot-1024x306.png 1024w, https:\/\/www.tavolata.ch\/wp-content\/uploads\/2024\/04\/aelterwerdenimfricktal-logo_kombo_rot-768x229.png 768w, https:\/\/www.tavolata.ch\/wp-content\/uploads\/2024\/04\/aelterwerdenimfricktal-logo_kombo_rot-1536x458.png 1536w, https:\/\/www.tavolata.ch\/wp-content\/uploads\/2024\/04\/aelterwerdenimfricktal-logo_kombo_rot-2048x611.png 2048w\" sizes=\"auto, (max-width: 300px) 100vw, 300px\" \/><\/p>\n<h4>\u00c4lterwerden im Fricktal<strong><br \/>\n<\/strong><\/h4>\n<p>La piattaforma &#8220;\u00c4lterwerden im Fricktal&#8221; (Invecchiare nella Fricktal) \u00e8 stata lanciata nell&#8217;ambito della regione assistenziale della Fricktal. La Tavolata \u00e8 una delle tante offerte per le persone con esigenze di assistenza nella regione.<br \/>\n<a href=\"https:\/\/www.aelterwerden-fricktal.ch\/angebote\/der-verein-tavolata-unterstutzt-interessierte-pers?q=Tavolata%3A+Selbstorganisierte+Kochgemeinschaften\" target=\"_blank\" rel=\"noopener\">aelterwerden-fricktal.ch<\/a><\/p>\n<p>&nbsp;<\/p>\n<\/div>\n<\/div>\n<p><img loading=\"lazy\" decoding=\"async\" class=\"alignnone wp-image-15534 size-medium\" src=\"https:\/\/www.tavolata.ch\/wp-content\/uploads\/2025\/02\/connect_farbig_positiv__PNG__Logo_connect_mClaim_alle-1-300x110.png\" alt=\"\" width=\"300\" height=\"110\" srcset=\"https:\/\/www.tavolata.ch\/wp-content\/uploads\/2025\/02\/connect_farbig_positiv__PNG__Logo_connect_mClaim_alle-1-300x110.png 300w, https:\/\/www.tavolata.ch\/wp-content\/uploads\/2025\/02\/connect_farbig_positiv__PNG__Logo_connect_mClaim_alle-1-1024x375.png 1024w, https:\/\/www.tavolata.ch\/wp-content\/uploads\/2025\/02\/connect_farbig_positiv__PNG__Logo_connect_mClaim_alle-1-768x281.png 768w, https:\/\/www.tavolata.ch\/wp-content\/uploads\/2025\/02\/connect_farbig_positiv__PNG__Logo_connect_mClaim_alle-1-1536x563.png 1536w, https:\/\/www.tavolata.ch\/wp-content\/uploads\/2025\/02\/connect_farbig_positiv__PNG__Logo_connect_mClaim_alle-1-2048x751.png 2048w\" sizes=\"auto, (max-width: 300px) 100vw, 300px\" \/><\/p>\n<p><strong>\u00abconnect!\u00bb<\/strong><br \/>\nL&#8217;associazione \u201cconnect!\u201d si impegna ad alleviare le conseguenze negative individuali e sociali della solitudine in Svizzera.<br \/>\n<a href=\"https:\/\/ch-connect.ch\/\" target=\"_blank\" rel=\"noopener\">ch-connect.ch<\/a><\/p>\n<div class=\"p100\">\n<div class=\"content bwhite\">\n<p>&nbsp;<\/p>\n<\/div>\n<\/div>\n<p><img loading=\"lazy\" decoding=\"async\" class=\"alignnone wp-image-9758\" src=\"https:\/\/www.tavolata.ch\/wp-content\/uploads\/2022\/02\/svamv_logo_it-300x247.png\" alt=\"\" width=\"200\" height=\"164\" srcset=\"https:\/\/www.tavolata.ch\/wp-content\/uploads\/2022\/02\/svamv_logo_it-300x247.png 300w, https:\/\/www.tavolata.ch\/wp-content\/uploads\/2022\/02\/svamv_logo_it.png 590w\" sizes=\"auto, (max-width: 200px) 100vw, 200px\" \/><\/p>\n<h4>Federazione svizzera delle famiglie monoparentali FSFM<\/h4>\n<p>La FSFM \u00e8 impegnata a favore delle famiglie monoparentali e dei loro bisogni dal 1984. L&#8217;associazione offre consigli e sostegno ai genitori single.<br \/>\n<a href=\"https:\/\/svamv.ch\/it\/\" target=\"_blank\" rel=\"noopener\">www.svamv.ch\/it<\/a><\/p>\n<p>&nbsp;<\/p>\n<div class=\"p100\">\n<div class=\"nester\">\n<div class=\"p100\">\n<p><img loading=\"lazy\" decoding=\"async\" class=\"alignnone size-medium wp-image-390\" src=\"https:\/\/www.tavolata.ch\/wp-content\/uploads\/2020\/06\/forum-elle-logo-300x89.jpg\" alt=\"\" width=\"300\" height=\"89\" srcset=\"https:\/\/www.tavolata.ch\/wp-content\/uploads\/2020\/06\/forum-elle-logo-300x89.jpg 300w, https:\/\/www.tavolata.ch\/wp-content\/uploads\/2020\/06\/forum-elle-logo.jpg 420w\" sizes=\"auto, (max-width: 300px) 100vw, 300px\" \/><\/p>\n<h4>Forum elle<\/h4>\n<p>Forum elle \u00e8 l\u2019organizzazione femminile della Migros. \u00c8 una piattaforma di donne per le donne di scambio apartitica, aconfessionale e indipendente.<br \/>\n<a href=\"https:\/\/www.forum-elle.ch\/de\/startseite\/\" target=\"_blank\" rel=\"noopener noreferrer\">forum-elle.ch<\/a><\/p>\n<\/div>\n<\/div>\n<\/div>\n<p>&nbsp;<\/p>\n<p><img loading=\"lazy\" decoding=\"async\" class=\"alignnone size-full wp-image-12653\" src=\"https:\/\/www.tavolata.ch\/wp-content\/uploads\/2023\/09\/Fourgette-verte.jpg\" alt=\"\" width=\"138\" height=\"112\" \/><\/p>\n<p><strong>Fourchette verte<br \/>\n<\/strong>L&#8217;associazione Fourchette verte promuove un&#8217;alimentazione sana e uno stile di vita migliore. Insieme a Tavolata, l&#8217;associazione propone eventi in vari cantoni.<br \/>\n<a href=\"https:\/\/www.fourchetteverte.ch\/\" target=\"_blank\" rel=\"noopener\">fourchetteverte.ch<\/a><\/p>\n<p>&nbsp;<\/p>\n<p><img loading=\"lazy\" decoding=\"async\" class=\"alignnone wp-image-13021\" src=\"https:\/\/www.tavolata.ch\/wp-content\/uploads\/2023\/12\/Bildschirmfoto-2023-12-05-um-11.47.53-300x127.png\" alt=\"\" width=\"200\" height=\"85\" srcset=\"https:\/\/www.tavolata.ch\/wp-content\/uploads\/2023\/12\/Bildschirmfoto-2023-12-05-um-11.47.53-300x127.png 300w, https:\/\/www.tavolata.ch\/wp-content\/uploads\/2023\/12\/Bildschirmfoto-2023-12-05-um-11.47.53.png 358w\" sizes=\"auto, (max-width: 200px) 100vw, 200px\" \/><\/p>\n<p><strong>Helvetic Care<\/strong><br \/>\nHelvetic Care mira a sostenere le persone nella loro vita quotidiana. L&#8217;organizzazione mette in rete, fornisce informazioni e organizza servizi specifici e consulenze professionali.<br \/>\n<a href=\"https:\/\/www.helveticcare.ch\/\" target=\"_blank\" rel=\"noopener\">helveticcare.ch<\/a><\/p>\n<p>&nbsp;<\/p>\n<div class=\"p100\">\n<div class=\"nester\">\n<div class=\"p100\">\n<div class=\"content bwhite\">\n<p><img loading=\"lazy\" decoding=\"async\" class=\"alignnone wp-image-6959 \" src=\"https:\/\/www.tavolata.ch\/wp-content\/uploads\/2021\/06\/I_ProSenectute_RGB_35mm_MitClaim-Schutzzone-300x142.png\" alt=\"\" width=\"150\" height=\"71\" srcset=\"https:\/\/www.tavolata.ch\/wp-content\/uploads\/2021\/06\/I_ProSenectute_RGB_35mm_MitClaim-Schutzzone-300x142.png 300w, https:\/\/www.tavolata.ch\/wp-content\/uploads\/2021\/06\/I_ProSenectute_RGB_35mm_MitClaim-Schutzzone.png 413w\" sizes=\"auto, (max-width: 150px) 100vw, 150px\" \/><\/p>\n<h4>Pro Senectute<\/h4>\n<p>Con i seguenti Partner lavoriamo in stretta collaborazione: Pro Senectute nei cantoni di Argovia, Basilea Campagna, Basilea Citt\u00e0, Berna, Friburgo, Giura\/Neuenburg, Nidvaldo, San Gallo, Turgovia, Zugo e Zurigo.<br \/>\n<a href=\"https:\/\/prosenectute.ch\/de.html\" target=\"_blank\" rel=\"noopener noreferrer\">prosenectute.ch<\/a><\/p>\n<p>&nbsp;<\/p>\n<p><img loading=\"lazy\" decoding=\"async\" class=\"alignnone wp-image-6411 \" src=\"https:\/\/www.tavolata.ch\/wp-content\/uploads\/2021\/01\/Bildschirmfoto-2021-01-22-um-08.18.42-300x88.png\" alt=\"\" width=\"198\" height=\"58\" srcset=\"https:\/\/www.tavolata.ch\/wp-content\/uploads\/2021\/01\/Bildschirmfoto-2021-01-22-um-08.18.42-300x88.png 300w, https:\/\/www.tavolata.ch\/wp-content\/uploads\/2021\/01\/Bildschirmfoto-2021-01-22-um-08.18.42.png 323w\" sizes=\"auto, (max-width: 198px) 100vw, 198px\" \/><\/p>\n<h4>Prevenzione delle dipendenze di Bezirk B\u00fclach<\/h4>\n<p>L\u2019ufficio per la prevenzione delle dipendenze dello Bezirk B\u00fclach \u00e8 istanza di riferimento e centro di competenze per tutte le questioni riguardanti la prevenzione delle dipendenze. Fornisce a prestazioni ai comuni e sostiene autorit\u00e0, scuole, genitori e altre persone impegnate in questo ambito nei loro sforzi per prevenire le dipendenze.<br \/>\n<a href=\"http:\/\/praevention-fabb.ch\">praevention-fabb.ch<\/a><\/p>\n<p>&nbsp;<\/p>\n<\/div>\n<\/div>\n<\/div>\n<h3><img loading=\"lazy\" decoding=\"async\" class=\"alignnone wp-image-5858 size-medium\" src=\"https:\/\/www.tavolata.ch\/wp-content\/uploads\/2020\/10\/SGE_logo_500_RGB-300x82.jpg\" alt=\"\" width=\"300\" height=\"82\" srcset=\"https:\/\/www.tavolata.ch\/wp-content\/uploads\/2020\/10\/SGE_logo_500_RGB-300x82.jpg 300w, https:\/\/www.tavolata.ch\/wp-content\/uploads\/2020\/10\/SGE_logo_500_RGB-1024x279.jpg 1024w, https:\/\/www.tavolata.ch\/wp-content\/uploads\/2020\/10\/SGE_logo_500_RGB-768x210.jpg 768w, https:\/\/www.tavolata.ch\/wp-content\/uploads\/2020\/10\/SGE_logo_500_RGB-1536x419.jpg 1536w, https:\/\/www.tavolata.ch\/wp-content\/uploads\/2020\/10\/SGE_logo_500_RGB-2048x559.jpg 2048w\" sizes=\"auto, (max-width: 300px) 100vw, 300px\" \/><\/h3>\n<div class=\"nester\">\n<div class=\"p100\">\n<div class=\"content bwhite\">\n<h4><strong>Societ\u00e0 Svizzera di Nutrizione SSN<br \/>\n<\/strong><\/h4>\n<p><a href=\"http:\/\/www.sge-ssn.ch\/\" target=\"_blank\" rel=\"noopener noreferrer\">www.sge-ssn.ch\/it<\/a><\/p>\n<\/div>\n<\/div>\n<\/div>\n<\/div>\n<div class=\"p100\">\n<div class=\"nester\">\n<div class=\"p33\">\n<div class=\"content \"><\/div>\n<\/div>\n<div class=\"p33\">\n<div class=\"content \"><\/div>\n<\/div>\n<div class=\"p33\">\n<div class=\"content \">\n<p>&nbsp;<\/p>\n<\/div>\n<\/div>\n<div class=\"p33\">\n<div class=\"content \">\n<p>&nbsp;<\/p>\n<\/div>\n<\/div>\n<div class=\"p33\">\n<div class=\"content \">\n<p>&nbsp;<\/p>\n<\/div>\n<\/div>\n<\/div>\n<\/div>\n","protected":false},"excerpt":{"rendered":"<p>\u00c4lterwerden im Fricktal La piattaforma &#8220;\u00c4lterwerden im Fricktal&#8221; (Invecchiare nella Fricktal) \u00e8 stata lanciata nell&#8217;ambito della regione assistenziale della Fricktal. La Tavolata \u00e8 una delle tante offerte per le persone con esigenze di assistenza nella regione. aelterwerden-fricktal.ch &nbsp; \u00abconnect!\u00bb L&#8217;associazione \u201cconnect!\u201d si impegna ad alleviare le conseguenze negative individuali e sociali della solitudine in Svizzera. [&hellip;]<\/p>\n","protected":false},"author":2,"featured_media":0,"parent":0,"menu_order":103,"comment_status":"closed","ping_status":"closed","template":"","meta":{"_acf_changed":false,"footnotes":""},"class_list":["post-1474","page","type-page","status-publish","hentry"],"acf":[],"_links":{"self":[{"href":"https:\/\/www.tavolata.ch\/it\/wp-json\/wp\/v2\/pages\/1474","targetHints":{"allow":["GET"]}}],"collection":[{"href":"https:\/\/www.tavolata.ch\/it\/wp-json\/wp\/v2\/pages"}],"about":[{"href":"https:\/\/www.tavolata.ch\/it\/wp-json\/wp\/v2\/types\/page"}],"author":[{"embeddable":true,"href":"https:\/\/www.tavolata.ch\/it\/wp-json\/wp\/v2\/users\/2"}],"replies":[{"embeddable":true,"href":"https:\/\/www.tavolata.ch\/it\/wp-json\/wp\/v2\/comments?post=1474"}],"version-history":[{"count":53,"href":"https:\/\/www.tavolata.ch\/it\/wp-json\/wp\/v2\/pages\/1474\/revisions"}],"predecessor-version":[{"id":15539,"href":"https:\/\/www.tavolata.ch\/it\/wp-json\/wp\/v2\/pages\/1474\/revisions\/15539"}],"wp:attachment":[{"href":"https:\/\/www.tavolata.ch\/it\/wp-json\/wp\/v2\/media?parent=1474"}],"curies":[{"name":"wp","href":"https:\/\/api.w.org\/{rel}","templated":true}]}}