{"id":1428,"date":"2020-07-01T00:23:56","date_gmt":"2020-06-30T22:23:56","guid":{"rendered":"https:\/\/www.tavolata.ch\/?page_id=1428"},"modified":"2021-06-17T11:43:58","modified_gmt":"2021-06-17T09:43:58","slug":"faq","status":"publish","type":"page","link":"https:\/\/www.tavolata.ch\/it\/faq\/","title":{"rendered":"Domande frequenti"},"content":{"rendered":"<p>Speriamo che vi siano di aiuto per trovare le risposte che cercate. In caso contrario, il <a href=\"https:\/\/www.tavolata.ch\/it\/contatto\">team di Tavolata<\/a> risponde volentieri alle vostre domande.<\/p>\n<div id=\"accordions-7319\" class=\"accordions-7319 accordions\" data-accordions={&quot;lazyLoad&quot;:true,&quot;id&quot;:&quot;7319&quot;,&quot;event&quot;:&quot;click&quot;,&quot;collapsible&quot;:&quot;true&quot;,&quot;heightStyle&quot;:&quot;content&quot;,&quot;animateStyle&quot;:&quot;swing&quot;,&quot;animateDelay&quot;:1000,&quot;navigation&quot;:true,&quot;active&quot;:999,&quot;expandedOther&quot;:&quot;no&quot;}>\r\n                <div id=\"accordions-lazy-7319\" class=\"accordions-lazy\" accordionsId=\"7319\">\r\n                    <\/div>\r\n\r\n    <div class=\"items\"  style=\"display:none\" >\r\n    \r\n            <div post_id=\"7319\" itemcount=\"0\"  header_id=\"header-1593033996428\" id=\"header-1593033996428\" style=\"\" class=\"accordions-head head1593033996428 border-none\" toggle-text=\"\" main-text=\"A cosa servono le regole del gioco di Tavolata?\">\r\n                                    <span id=\"accordion-icons-1593033996428\" class=\"accordion-icons\">\r\n                        <span class=\"accordion-icon-active accordion-plus\"><i class=\"fas fa-chevron-up\"><\/i><\/span>\r\n                        <span class=\"accordion-icon-inactive accordion-minus\"><i class=\"fas fa-chevron-right\"><\/i><\/span>\r\n                    <\/span>\r\n                    <span id=\"header-text-1593033996428\" class=\"accordions-head-title\">A cosa servono le regole del gioco di Tavolata?<\/span>\r\n                            <\/div>\r\n            <div class=\"accordion-content content1593033996428 \">\r\n                <p>Le <a href=\"https:\/\/www.tavolata.ch\/it\/regole-del-gioco\">regole del gioco<\/a> descrivono l'idea di base di Tavolata. Si tratta di linee guida generali per agevolare la fondazione e la coesione di un gruppo. Ogni gruppo \u00e8 libero di integrarle con le proprie regole del gioco interne.<\/p>\n            <\/div>\r\n    \r\n            <div post_id=\"7319\" itemcount=\"1\"  header_id=\"header-1593034096654\" id=\"header-1593034096654\" style=\"\" class=\"accordions-head head1593034096654 border-none\" toggle-text=\"\" main-text=\"Quali sono i miei obblighi quando aderisco a una Tavolata?\">\r\n                                    <span id=\"accordion-icons-1593034096654\" class=\"accordion-icons\">\r\n                        <span class=\"accordion-icon-active accordion-plus\"><i class=\"fas fa-chevron-up\"><\/i><\/span>\r\n                        <span class=\"accordion-icon-inactive accordion-minus\"><i class=\"fas fa-chevron-right\"><\/i><\/span>\r\n                    <\/span>\r\n                    <span id=\"header-text-1593034096654\" class=\"accordions-head-title\">Quali sono i miei obblighi quando aderisco a una Tavolata?<\/span>\r\n                            <\/div>\r\n            <div class=\"accordion-content content1593034096654 \">\r\n                <p>L'adesione a una Tavolata non comporta nessun obbligo legale. Sotto l'aspetto legale le Tavolate sono gruppi informali. Affinch\u00e9 funzionino bene, \u00e8 tuttavia importante che le persone aderenti possano fare affidamento sugli accordi presi.<\/p>\n            <\/div>\r\n    \r\n            <div post_id=\"7319\" itemcount=\"2\"  header_id=\"header-1593034186606\" id=\"header-1593034186606\" style=\"\" class=\"accordions-head head1593034186606 border-none\" toggle-text=\"\" main-text=\"Quali sono i compiti della persona di contatto?\">\r\n                                    <span id=\"accordion-icons-1593034186606\" class=\"accordion-icons\">\r\n                        <span class=\"accordion-icon-active accordion-plus\"><i class=\"fas fa-chevron-up\"><\/i><\/span>\r\n                        <span class=\"accordion-icon-inactive accordion-minus\"><i class=\"fas fa-chevron-right\"><\/i><\/span>\r\n                    <\/span>\r\n                    <span id=\"header-text-1593034186606\" class=\"accordions-head-title\">Quali sono i compiti della persona di contatto?<\/span>\r\n                            <\/div>\r\n            <div class=\"accordion-content content1593034186606 \">\r\n                <p>La persona di contatto stabilisce il collegamento tra il gruppo e la rete di Tavolata. Riceve dalla rete tutte le informazioni importanti (ad es. gli inviti agli eventi) ed \u00e8 raggiungibile con l'apposito formulario mediante l'elenco di <a href=\"https:\/\/www.tavolata.ch\/it\/cercare\">ricerca a disposizione delle persone interessate<\/a>. Chi fonda una Tavolata non deve necessariamente assumere il ruolo di persona di contatto.<\/p>\n            <\/div>\r\n    \r\n            <div post_id=\"7319\" itemcount=\"3\"  header_id=\"header-1593034258370\" id=\"header-1593034258370\" style=\"\" class=\"accordions-head head1593034258370 border-none\" toggle-text=\"\" main-text=\"Come faccio a mettere un&#039;inserzione sulla piattaforma?\">\r\n                                    <span id=\"accordion-icons-1593034258370\" class=\"accordion-icons\">\r\n                        <span class=\"accordion-icon-active accordion-plus\"><i class=\"fas fa-chevron-up\"><\/i><\/span>\r\n                        <span class=\"accordion-icon-inactive accordion-minus\"><i class=\"fas fa-chevron-right\"><\/i><\/span>\r\n                    <\/span>\r\n                    <span id=\"header-text-1593034258370\" class=\"accordions-head-title\">Come faccio a mettere un'inserzione sulla piattaforma?<\/span>\r\n                            <\/div>\r\n            <div class=\"accordion-content content1593034258370 \">\r\n                <p>\u00c8 molto facile: basta inviare l'inserzione mediante il formulario sulla\u00a0<a href=\"https:\/\/www.tavolata.ch\/it\/piattaforma\">piattaforma<\/a>. L'inserzione scade automaticamente dopo 6 mesi.<\/p>\n<p>Conservare la e-mail di conferma con il link all'inserzione, per poterla eventualmente elaborare o cancellare prima della scadenza.<\/p>\n            <\/div>\r\n    \r\n            <div post_id=\"7319\" itemcount=\"4\"  header_id=\"header-1593034405058\" id=\"header-1593034405058\" style=\"\" class=\"accordions-head head1593034405058 border-none\" toggle-text=\"\" main-text=\"Come contatto la persona che ha messo l&#039;inserzione?\">\r\n                                    <span id=\"accordion-icons-1593034405058\" class=\"accordion-icons\">\r\n                        <span class=\"accordion-icon-active accordion-plus\"><i class=\"fas fa-chevron-up\"><\/i><\/span>\r\n                        <span class=\"accordion-icon-inactive accordion-minus\"><i class=\"fas fa-chevron-right\"><\/i><\/span>\r\n                    <\/span>\r\n                    <span id=\"header-text-1593034405058\" class=\"accordions-head-title\">Come contatto la persona che ha messo l'inserzione?<\/span>\r\n                            <\/div>\r\n            <div class=\"accordion-content content1593034405058 \">\r\n                <p>La si pu\u00f2 contattare direttamente tramite la piattaforma. In caso di dubbi, <a href=\"https:\/\/www.tavolata.ch\/it\/contatto\">contattare<\/a>\u00a0prima noi.<\/p>\n            <\/div>\r\n    \r\n            <div post_id=\"7319\" itemcount=\"5\"  header_id=\"header-1593034534291\" id=\"header-1593034534291\" style=\"\" class=\"accordions-head head1593034534291 border-none\" toggle-text=\"\" main-text=\"Come trovo una Tavolata disposta a ospitarmi?\">\r\n                                    <span id=\"accordion-icons-1593034534291\" class=\"accordion-icons\">\r\n                        <span class=\"accordion-icon-active accordion-plus\"><i class=\"fas fa-chevron-up\"><\/i><\/span>\r\n                        <span class=\"accordion-icon-inactive accordion-minus\"><i class=\"fas fa-chevron-right\"><\/i><\/span>\r\n                    <\/span>\r\n                    <span id=\"header-text-1593034534291\" class=\"accordions-head-title\">Come trovo una Tavolata disposta a ospitarmi?<\/span>\r\n                            <\/div>\r\n            <div class=\"accordion-content content1593034534291 \">\r\n                <p>Se siete interessati a essere ospitati da una Tavolata, avete diverse possibilit\u00e0.<\/p>\n<ul>\n<li>In linea di massima potete annunciarvi presso ogni\u00a0<a href=\"https:\/\/www.tavolata.ch\/it\/cercare\">Tavolata<\/a> che vi interessa, tramite i dati di contatto indicati.<\/li>\n<li>Un'altra possibilit\u00e0 \u00e8 tramite la\u00a0<a href=\"https:\/\/www.tavolata.ch\/marktplatz\">piattaforma<\/a>. Alla rubrica \u00abOspite di Tavolata\u00bb trovate le inserzioni delle Tavolate che offrono questa possibilit\u00e0 e che cercano nuovi aderenti.<\/li>\n<\/ul>\n            <\/div>\r\n    \r\n            <div post_id=\"7319\" itemcount=\"6\"  header_id=\"header-1593034785260\" id=\"header-1593034785260\" style=\"\" class=\"accordions-head head1593034785260 border-none\" toggle-text=\"\" main-text=\"Come fondo una Tavolata?\">\r\n                                    <span id=\"accordion-icons-1593034785260\" class=\"accordion-icons\">\r\n                        <span class=\"accordion-icon-active accordion-plus\"><i class=\"fas fa-chevron-up\"><\/i><\/span>\r\n                        <span class=\"accordion-icon-inactive accordion-minus\"><i class=\"fas fa-chevron-right\"><\/i><\/span>\r\n                    <\/span>\r\n                    <span id=\"header-text-1593034785260\" class=\"accordions-head-title\">Come fondo una Tavolata?<\/span>\r\n                            <\/div>\r\n            <div class=\"accordion-content content1593034785260 \">\r\n                <p>L'idea alla base di Tavolata \u00e8 semplice \u2013\u00a0<a href=\"https:\/\/www.tavolata.ch\/it\/fondare\">qui<\/a>\u00a0sono disponibili alcune proposte su come procedere.<\/p>\n            <\/div>\r\n    \r\n            <div post_id=\"7319\" itemcount=\"7\"  header_id=\"header-1593034931824\" id=\"header-1593034931824\" style=\"\" class=\"accordions-head head1593034931824 border-none\" toggle-text=\"\" main-text=\"Quali persone formano un gruppo ben assortito?\">\r\n                                    <span id=\"accordion-icons-1593034931824\" class=\"accordion-icons\">\r\n                        <span class=\"accordion-icon-active accordion-plus\"><i class=\"fas fa-chevron-up\"><\/i><\/span>\r\n                        <span class=\"accordion-icon-inactive accordion-minus\"><i class=\"fas fa-chevron-right\"><\/i><\/span>\r\n                    <\/span>\r\n                    <span id=\"header-text-1593034931824\" class=\"accordions-head-title\">Quali persone formano un gruppo ben assortito?<\/span>\r\n                            <\/div>\r\n            <div class=\"accordion-content content1593034931824 \">\r\n                <p>Le persone con interessi e aspettative simili di regola fanno facilmente gruppo. Un gruppo vive per\u00f2 anche delle differenze delle persone che lo compongono. Chi fonda un nuovo gruppo, da un lato deve fidarsi del proprio intuito. Dall'altro, occorre anche dare fiducia alle persone partecipanti, affinch\u00e9 diventino un gruppo coeso.<\/p>\n            <\/div>\r\n    \r\n            <div post_id=\"7319\" itemcount=\"8\"  header_id=\"header-1593035009528\" id=\"header-1593035009528\" style=\"\" class=\"accordions-head head1593035009528 border-none\" toggle-text=\"\" main-text=\"A chi mi devo rivolgere, se ho bisogno di aiuto per la fondazione di un gruppo?\">\r\n                                    <span id=\"accordion-icons-1593035009528\" class=\"accordion-icons\">\r\n                        <span class=\"accordion-icon-active accordion-plus\"><i class=\"fas fa-chevron-up\"><\/i><\/span>\r\n                        <span class=\"accordion-icon-inactive accordion-minus\"><i class=\"fas fa-chevron-right\"><\/i><\/span>\r\n                    <\/span>\r\n                    <span id=\"header-text-1593035009528\" class=\"accordions-head-title\">A chi mi devo rivolgere, se ho bisogno di aiuto per la fondazione di un gruppo?<\/span>\r\n                            <\/div>\r\n            <div class=\"accordion-content content1593035009528 \">\r\n                <p>I\/Le\u00a0<a href=\"https:\/\/www.tavolata.ch\/it\/supporto\">rappresentanti regionali di Tavolata<\/a>\u00a0e anche il\u00a0<a href=\"https:\/\/www.tavolata.ch\/it\/contatto\">Team di Tavolata<\/a>\u00a0aiutano volentieri chi ha bisogno di sostegno per la fondazione di una Tavolata.<\/p>\n            <\/div>\r\n    \r\n            <div post_id=\"7319\" itemcount=\"9\"  header_id=\"header-1593035077775\" id=\"header-1593035077775\" style=\"\" class=\"accordions-head head1593035077775 border-none\" toggle-text=\"\" main-text=\"Come trovo persone disposte a partecipare all&#039;organizzazione di una Tavolata?\">\r\n                                    <span id=\"accordion-icons-1593035077775\" class=\"accordion-icons\">\r\n                        <span class=\"accordion-icon-active accordion-plus\"><i class=\"fas fa-chevron-up\"><\/i><\/span>\r\n                        <span class=\"accordion-icon-inactive accordion-minus\"><i class=\"fas fa-chevron-right\"><\/i><\/span>\r\n                    <\/span>\r\n                    <span id=\"header-text-1593035077775\" class=\"accordions-head-title\">Come trovo persone disposte a partecipare all'organizzazione di una Tavolata?<\/span>\r\n                            <\/div>\r\n            <div class=\"accordion-content content1593035077775 \">\r\n                <p>Esistono varie possibilit\u00e0 di trovare persone per una Tavolata:<\/p>\n<ul>\n<li>avviare una Tavolata con un amico\/un'amica, che a sua volta invita altre persone, con una sorta di \u00abeffetto valanga\u00bb;<\/li>\n<li>invitare conoscenti e altre persone del vicinato: \u00abTavolata di vicinato\u00bb;<\/li>\n<li>mettere un annuncio nel negozio di quartiere;<\/li>\n<li>chiedere a un'associazione, ad esempio di quartiere, della terza et\u00e0;<\/li>\n<li>anche la\u00a0<a href=\"https:\/\/www.tavolata.ch\/marktplatz\">piattaforma<\/a> offre la possibilit\u00e0 di trovare persone interessate a partecipare o a fondare una Tavolata;<\/li>\n<li>il\u00a0<a href=\"https:\/\/www.tavolata.ch\/it\/pubblicazioni\">volantino<\/a> pu\u00f2 essere inoltrato ad altre persone interessate.<\/li>\n<\/ul>\n            <\/div>\r\n    \r\n            <div post_id=\"7319\" itemcount=\"10\"  header_id=\"header-1593035203013\" id=\"header-1593035203013\" style=\"\" class=\"accordions-head head1593035203013 border-none\" toggle-text=\"\" main-text=\"Quali sono le Tavolate particolarmente ben funzionanti?\">\r\n                                    <span id=\"accordion-icons-1593035203013\" class=\"accordion-icons\">\r\n                        <span class=\"accordion-icon-active accordion-plus\"><i class=\"fas fa-chevron-up\"><\/i><\/span>\r\n                        <span class=\"accordion-icon-inactive accordion-minus\"><i class=\"fas fa-chevron-right\"><\/i><\/span>\r\n                    <\/span>\r\n                    <span id=\"header-text-1593035203013\" class=\"accordions-head-title\">Quali sono le Tavolate particolarmente ben funzionanti?<\/span>\r\n                            <\/div>\r\n            <div class=\"accordion-content content1593035203013 \">\r\n                <p>Esistono numerose Tavolate che funzionano molto bene gi\u00e0 da molti anni. Di norma si tratta di gruppi che hanno saputo organizzarsi bene da soli e che presentano una buona coesione. Questi gruppi si distinguono inoltre per l'equilibrio tra il \u00abdare e ricevere\u00bb al loro interno. Oltre alla divisione del lavoro e alla ripartizione delle spese, applicano anche il principio della \u00abpartecipazione attiva che lascia per\u00f2 spazio anche agli altri\u00bb (ad es. nelle discussioni).<\/p>\n            <\/div>\r\n    \r\n            <div post_id=\"7319\" itemcount=\"11\"  header_id=\"header-1593035267417\" id=\"header-1593035267417\" style=\"\" class=\"accordions-head head1593035267417 border-none\" toggle-text=\"\" main-text=\"C&#039;\u00e8 una grandezza ottimale del gruppo?\">\r\n                                    <span id=\"accordion-icons-1593035267417\" class=\"accordion-icons\">\r\n                        <span class=\"accordion-icon-active accordion-plus\"><i class=\"fas fa-chevron-up\"><\/i><\/span>\r\n                        <span class=\"accordion-icon-inactive accordion-minus\"><i class=\"fas fa-chevron-right\"><\/i><\/span>\r\n                    <\/span>\r\n                    <span id=\"header-text-1593035267417\" class=\"accordions-head-title\">C'\u00e8 una grandezza ottimale del gruppo?<\/span>\r\n                            <\/div>\r\n            <div class=\"accordion-content content1593035267417 \">\r\n                <p>Pi\u00f9 grande \u00e8 il gruppo, pi\u00f9 spesso attorno alla tavola si formano dei sottogruppi che discutono tra di loro temi diversi. Pi\u00f9 il gruppo cresce, pi\u00f9 \u00e8 importante che a turno una persona si assuma la responsabilit\u00e0 di pianificare lo svolgimento degli incontri (ad es. l'inizio, la fine, la divisione dei compiti) o di moderare la discussione quando bisogna prendere delle decisioni condivise.<\/p>\n            <\/div>\r\n    \r\n            <div post_id=\"7319\" itemcount=\"12\"  header_id=\"header-1593035308141\" id=\"header-1593035308141\" style=\"\" class=\"accordions-head head1593035308141 border-none\" toggle-text=\"\" main-text=\"Cosa favorisce la buona coesione di un gruppo?\">\r\n                                    <span id=\"accordion-icons-1593035308141\" class=\"accordion-icons\">\r\n                        <span class=\"accordion-icon-active accordion-plus\"><i class=\"fas fa-chevron-up\"><\/i><\/span>\r\n                        <span class=\"accordion-icon-inactive accordion-minus\"><i class=\"fas fa-chevron-right\"><\/i><\/span>\r\n                    <\/span>\r\n                    <span id=\"header-text-1593035308141\" class=\"accordions-head-title\">Cosa favorisce la buona coesione di un gruppo?<\/span>\r\n                            <\/div>\r\n            <div class=\"accordion-content content1593035308141 \">\r\n                <p>Il reciproco interesse e la partecipazione alla vita degli altri membri sono il fondamento della coesione del gruppo. La tolleranza, l'apertura, l'umorismo e la generosit\u00e0 favoriscono una buona atmosfera e aumentano la disponibilit\u00e0 a inserirsi nel gruppo e ad accogliere le esigenze altrui.<\/p>\n            <\/div>\r\n    \r\n            <div post_id=\"7319\" itemcount=\"13\"  header_id=\"header-1593035343162\" id=\"header-1593035343162\" style=\"\" class=\"accordions-head head1593035343162 border-none\" toggle-text=\"\" main-text=\"Quali ricette posso pubblicare sul sito web?\">\r\n                                    <span id=\"accordion-icons-1593035343162\" class=\"accordion-icons\">\r\n                        <span class=\"accordion-icon-active accordion-plus\"><i class=\"fas fa-chevron-up\"><\/i><\/span>\r\n                        <span class=\"accordion-icon-inactive accordion-minus\"><i class=\"fas fa-chevron-right\"><\/i><\/span>\r\n                    <\/span>\r\n                    <span id=\"header-text-1593035343162\" class=\"accordions-head-title\">Quali ricette posso pubblicare sul sito web?<\/span>\r\n                            <\/div>\r\n            <div class=\"accordion-content content1593035343162 \">\r\n                <p>In linea di massima sono benvenute tutte le ricette che incontrano il favore della vostra Tavolata.<\/p>\n            <\/div>\r\n    \r\n            <div post_id=\"7319\" itemcount=\"14\"  header_id=\"header-1593035371677\" id=\"header-1593035371677\" style=\"\" class=\"accordions-head head1593035371677 border-none\" toggle-text=\"\" main-text=\" Come facilitare la partecipazione delle persone con problemi di vista o di udito?\">\r\n                                    <span id=\"accordion-icons-1593035371677\" class=\"accordion-icons\">\r\n                        <span class=\"accordion-icon-active accordion-plus\"><i class=\"fas fa-chevron-up\"><\/i><\/span>\r\n                        <span class=\"accordion-icon-inactive accordion-minus\"><i class=\"fas fa-chevron-right\"><\/i><\/span>\r\n                    <\/span>\r\n                    <span id=\"header-text-1593035371677\" class=\"accordions-head-title\"> Come facilitare la partecipazione delle persone con problemi di vista o di udito?<\/span>\r\n                            <\/div>\r\n            <div class=\"accordion-content content1593035371677 \">\r\n                <ul>\n<li>Far sedere le persone con problemi di vista o di udito in un posto con alle spalle una finestra. In tal modo i visi degli altri commensali sono illuminati e la persona con problemi di vista o di udito li vede meglio.<\/li>\n<li>Fornire parole chiave alle persone con problemi di udito quando vi accorgete che hanno perso il filo del discorso. Coinvolgere attivamente nel dialogo le persone con problemi di udito, quando si chiudono nel loro guscio: \u00abStiamo parlando di... Tu che ne pensi?\u00bb<\/li>\n<li>Rivolgersi alle persone con problemi di udito guardandole negli occhi. Non parlare pi\u00f9 forte, ma pi\u00f9 lentamente e scandendo bene le parole.<\/li>\n<li>Informare le persone con problemi di vista in merito alle cose e ai processi che loro non possono vedere bene, ad esempio: \u00abXY \u00e8 uscita un momento dalla stanza e non pu\u00f2 sentire quello che dici.\u00bb<\/li>\n<li>Una tavola ben illuminata e apparecchiata con colori contrastanti aiutano le persone con problemi di vista a utilizzare appieno le capacit\u00e0 visive (ancora) presenti.<\/li>\n<li>Chiarire con le persone con problemi di udito e di vista il tipo di aiuto di cui hanno bisogno. Incoraggiarle a esprimere i loro desideri.<\/li>\n<\/ul>\n<p>Consigli di Fatima Heussler, Centro di competenza per le disabilit\u00e0 visive e uditive legate all'et\u00e0 (KSiA)<\/p>\n            <\/div>\r\n    \r\n            <div post_id=\"7319\" itemcount=\"15\"  header_id=\"header-1595856658467\" id=\"header-1595856658467\" style=\"\" class=\"accordions-head head1595856658467 border-none\" toggle-text=\"\" main-text=\"Cosa fare se nella nostra Tavolata non tutto funziona bene?\">\r\n                                    <span id=\"accordion-icons-1595856658467\" class=\"accordion-icons\">\r\n                        <span class=\"accordion-icon-active accordion-plus\"><i class=\"fas fa-chevron-up\"><\/i><\/span>\r\n                        <span class=\"accordion-icon-inactive accordion-minus\"><i class=\"fas fa-chevron-right\"><\/i><\/span>\r\n                    <\/span>\r\n                    <span id=\"header-text-1595856658467\" class=\"accordions-head-title\">Cosa fare se nella nostra Tavolata non tutto funziona bene?<\/span>\r\n                            <\/div>\r\n            <div class=\"accordion-content content1595856658467 \">\r\n                <p>Gli incontri di Tavolata sono momenti di felicit\u00e0! Talvolta gli incontri posso tuttavia essere impegnativi o il gruppo non sa bene come affrontare una particolare situazione. Per aiutarvi, abbiamo realizzato un\u00a0<a href=\"https:\/\/www.tavolata.ch\/wp-content\/uploads\/2020\/07\/Tavolata_Konzept_Konflikt_final_IT_20181218-1.pdf\" target=\"_blank\" rel=\"noopener\">opuscolo<\/a> con nozioni di base e proposte su come ampliare i propri schemi comportamentali. Partecipate anche ai nostri\u00a0<a href=\"https:\/\/www.tavolata.ch\/it\/incontri\">eventi<\/a> in cui ci scambiamo le idee su questo e altri temi.<\/p>\n            <\/div>\r\n    \r\n            <div post_id=\"7319\" itemcount=\"16\"  header_id=\"header-1595856782909\" id=\"header-1595856782909\" style=\"\" class=\"accordions-head head1595856782909 border-none\" toggle-text=\"\" main-text=\"Come convincere una persona che vive isolata a partecipare alla Tavolata?\">\r\n                                    <span id=\"accordion-icons-1595856782909\" class=\"accordion-icons\">\r\n                        <span class=\"accordion-icon-active accordion-plus\"><i class=\"fas fa-chevron-up\"><\/i><\/span>\r\n                        <span class=\"accordion-icon-inactive accordion-minus\"><i class=\"fas fa-chevron-right\"><\/i><\/span>\r\n                    <\/span>\r\n                    <span id=\"header-text-1595856782909\" class=\"accordions-head-title\">Come convincere una persona che vive isolata a partecipare alla Tavolata?<\/span>\r\n                            <\/div>\r\n            <div class=\"accordion-content content1595856782909 \">\r\n                <p>Gli incontri di Tavolata sono all'insegna della convivialit\u00e0. Per convincere le persone che vivono isolate a partecipare a una Tavolata occorre un po' di tatto e sensibilit\u00e0. Per aiutarvi, abbiamo realizzato un\u00a0<a href=\"https:\/\/www.tavolata.ch\/wp-content\/uploads\/2020\/07\/Tavolata_Konzept_Isolierte-Menschen_final_IT_20181218.pdf\" target=\"_blank\" rel=\"noopener\">opuscolo<\/a> con nozioni di base sui temi della solitudine e dell'isolamento, nonch\u00e9 proposte sul modo migliore di stabilire il contatto con le persone che vivono isolate. Partecipate anche ai nostri\u00a0<a href=\"https:\/\/www.tavolata.ch\/it\/incontri\">eventi<\/a> in cui ci scambiamo le idee su questo e altri temi.<\/p>\n            <\/div>\r\n    <\/div>\r\n\r\n\r\n\r\n            <\/div>\n","protected":false},"excerpt":{"rendered":"<p>Speriamo che vi siano di aiuto per trovare le risposte che cercate. In caso contrario, il team di Tavolata risponde volentieri alle vostre domande.<\/p>\n","protected":false},"author":2,"featured_media":0,"parent":0,"menu_order":53,"comment_status":"closed","ping_status":"closed","template":"","meta":{"_acf_changed":false,"footnotes":""},"class_list":["post-1428","page","type-page","status-publish","hentry"],"acf":[],"_links":{"self":[{"href":"https:\/\/www.tavolata.ch\/it\/wp-json\/wp\/v2\/pages\/1428","targetHints":{"allow":["GET"]}}],"collection":[{"href":"https:\/\/www.tavolata.ch\/it\/wp-json\/wp\/v2\/pages"}],"about":[{"href":"https:\/\/www.tavolata.ch\/it\/wp-json\/wp\/v2\/types\/page"}],"author":[{"embeddable":true,"href":"https:\/\/www.tavolata.ch\/it\/wp-json\/wp\/v2\/users\/2"}],"replies":[{"embeddable":true,"href":"https:\/\/www.tavolata.ch\/it\/wp-json\/wp\/v2\/comments?post=1428"}],"version-history":[{"count":2,"href":"https:\/\/www.tavolata.ch\/it\/wp-json\/wp\/v2\/pages\/1428\/revisions"}],"predecessor-version":[{"id":7320,"href":"https:\/\/www.tavolata.ch\/it\/wp-json\/wp\/v2\/pages\/1428\/revisions\/7320"}],"wp:attachment":[{"href":"https:\/\/www.tavolata.ch\/it\/wp-json\/wp\/v2\/media?parent=1428"}],"curies":[{"name":"wp","href":"https:\/\/api.w.org\/{rel}","templated":true}]}}