{"id":6790,"date":"2021-06-04T04:30:17","date_gmt":"2021-06-04T02:30:17","guid":{"rendered":"https:\/\/www.tavolata.ch\/?page_id=6790"},"modified":"2023-04-26T13:31:38","modified_gmt":"2023-04-26T11:31:38","slug":"reunion","status":"publish","type":"page","link":"https:\/\/www.tavolata.ch\/fr\/reunion\/","title":{"rendered":"R\u00e9union annuelle 2021"},"content":{"rendered":"<h3>Programme du 5 juin 2021<\/h3>\n<ul>\n<li><strong>De 10 h 30 \u00e0 11 h 30:<\/strong>Nous nous sommes rencontr\u00e9s en ligne, nous avons vu Robert Sempach partir \u00e0 la retraite, nous avons regard\u00e9 ensemble le film Tavolata et nous avons discut\u00e9 ensemble. C&rsquo;\u00e9tait magnifique! T\u00e9l\u00e9chargez la <a href=\"https:\/\/www.tavolata.ch\/wp-content\/uploads\/2021\/06\/Tavolata_Highlights_klein.pdf\" target=\"_blank\" rel=\"noopener\">pr\u00e9sentation (PDF)<\/a> et le <a href=\"https:\/\/www.tavolata.ch\/wp-content\/uploads\/2021\/06\/Tavolata_wordcloud.pdf\" target=\"_blank\" rel=\"noopener\">wordcloud (PDF)<\/a>\u00a0ici.<\/li>\n<li>De nombreuses Tavolata se sont retrouv\u00e9es sur place <strong>\u00e0 partir de 11h30<\/strong>: Merci \u00e0 tous ceux qui ont envoy\u00e9 une photo (voir ci-dessous)!<\/li>\n<\/ul>\n<h3>Film Tavolata<\/h3>\n<p><iframe loading=\"lazy\" hcb-fetch-image-from=\"https:\/\/www.youtube.com\/watch?v=bv2fmTxJ0T0\" title=\"Tavolata encourage les comp\u00e9tences de vie\" width=\"500\" height=\"281\" src=\"https:\/\/www.youtube.com\/embed\/bv2fmTxJ0T0?feature=oembed\" frameborder=\"0\" allow=\"accelerometer; autoplay; clipboard-write; encrypted-media; gyroscope; picture-in-picture; web-share\" referrerpolicy=\"strict-origin-when-cross-origin\" allowfullscreen><\/iframe><\/p>\n<h3>Impressions<\/h3>\n<p>Envoyez-nous une photo ou un souvenir de votre Tavolata \u00e0 <a href=\"mailto:info@tavolata.ch\">info@tavolata.ch<\/a> ou par WhatsApp au 079 342 14 74 (veuillez mentionner le nom de la Tavolata).<\/p>\n<div id='gallery-1' class='gallery galleryid-6790 gallery-columns-2 gallery-size-medium'><figure class='gallery-item'>\n\t\t\t<div class='gallery-icon landscape'>\n\t\t\t\t<a href='https:\/\/www.tavolata.ch\/wp-content\/uploads\/2021\/06\/WhatsApp-Image-2021-06-05-at-08.11.25.jpeg'><img loading=\"lazy\" decoding=\"async\" width=\"300\" height=\"169\" src=\"https:\/\/www.tavolata.ch\/wp-content\/uploads\/2021\/06\/WhatsApp-Image-2021-06-05-at-08.11.25-300x169.jpeg\" class=\"attachment-medium size-medium\" alt=\"\" aria-describedby=\"gallery-1-7117\" srcset=\"https:\/\/www.tavolata.ch\/wp-content\/uploads\/2021\/06\/WhatsApp-Image-2021-06-05-at-08.11.25-300x169.jpeg 300w, https:\/\/www.tavolata.ch\/wp-content\/uploads\/2021\/06\/WhatsApp-Image-2021-06-05-at-08.11.25-1024x576.jpeg 1024w, https:\/\/www.tavolata.ch\/wp-content\/uploads\/2021\/06\/WhatsApp-Image-2021-06-05-at-08.11.25-768x432.jpeg 768w, https:\/\/www.tavolata.ch\/wp-content\/uploads\/2021\/06\/WhatsApp-Image-2021-06-05-at-08.11.25-1536x864.jpeg 1536w, https:\/\/www.tavolata.ch\/wp-content\/uploads\/2021\/06\/WhatsApp-Image-2021-06-05-at-08.11.25.jpeg 2016w\" sizes=\"auto, (max-width: 300px) 100vw, 300px\" \/><\/a>\n\t\t\t<\/div>\n\t\t\t\t<figcaption class='wp-caption-text gallery-caption' id='gallery-1-7117'>\n\t\t\t\tTavolata Z\u00e4m\u00e4si\n\t\t\t\t<\/figcaption><\/figure><figure class='gallery-item'>\n\t\t\t<div class='gallery-icon portrait'>\n\t\t\t\t<a href='https:\/\/www.tavolata.ch\/wp-content\/uploads\/2021\/06\/WhatsApp-Image-2021-06-05-at-08.11.51.jpeg'><img loading=\"lazy\" decoding=\"async\" width=\"214\" height=\"300\" src=\"https:\/\/www.tavolata.ch\/wp-content\/uploads\/2021\/06\/WhatsApp-Image-2021-06-05-at-08.11.51-214x300.jpeg\" class=\"attachment-medium size-medium\" alt=\"\" aria-describedby=\"gallery-1-7114\" srcset=\"https:\/\/www.tavolata.ch\/wp-content\/uploads\/2021\/06\/WhatsApp-Image-2021-06-05-at-08.11.51-214x300.jpeg 214w, https:\/\/www.tavolata.ch\/wp-content\/uploads\/2021\/06\/WhatsApp-Image-2021-06-05-at-08.11.51-732x1024.jpeg 732w, https:\/\/www.tavolata.ch\/wp-content\/uploads\/2021\/06\/WhatsApp-Image-2021-06-05-at-08.11.51-768x1075.jpeg 768w, https:\/\/www.tavolata.ch\/wp-content\/uploads\/2021\/06\/WhatsApp-Image-2021-06-05-at-08.11.51-1097x1536.jpeg 1097w, https:\/\/www.tavolata.ch\/wp-content\/uploads\/2021\/06\/WhatsApp-Image-2021-06-05-at-08.11.51.jpeg 1463w\" sizes=\"auto, (max-width: 214px) 100vw, 214px\" \/><\/a>\n\t\t\t<\/div>\n\t\t\t\t<figcaption class='wp-caption-text gallery-caption' id='gallery-1-7114'>\n\t\t\t\tTavolata \u00abZ\u00e4masi\u00bb\n\t\t\t\t<\/figcaption><\/figure><figure class='gallery-item'>\n\t\t\t<div class='gallery-icon portrait'>\n\t\t\t\t<a href='https:\/\/www.tavolata.ch\/wp-content\/uploads\/2021\/06\/WhatsApp-Image-2021-06-05-at-08.12.06.jpeg'><img loading=\"lazy\" decoding=\"async\" width=\"169\" height=\"300\" src=\"https:\/\/www.tavolata.ch\/wp-content\/uploads\/2021\/06\/WhatsApp-Image-2021-06-05-at-08.12.06-169x300.jpeg\" class=\"attachment-medium size-medium\" alt=\"\" aria-describedby=\"gallery-1-7111\" srcset=\"https:\/\/www.tavolata.ch\/wp-content\/uploads\/2021\/06\/WhatsApp-Image-2021-06-05-at-08.12.06-169x300.jpeg 169w, https:\/\/www.tavolata.ch\/wp-content\/uploads\/2021\/06\/WhatsApp-Image-2021-06-05-at-08.12.06-576x1024.jpeg 576w, https:\/\/www.tavolata.ch\/wp-content\/uploads\/2021\/06\/WhatsApp-Image-2021-06-05-at-08.12.06-768x1365.jpeg 768w, https:\/\/www.tavolata.ch\/wp-content\/uploads\/2021\/06\/WhatsApp-Image-2021-06-05-at-08.12.06-864x1536.jpeg 864w, https:\/\/www.tavolata.ch\/wp-content\/uploads\/2021\/06\/WhatsApp-Image-2021-06-05-at-08.12.06.jpeg 1134w\" sizes=\"auto, (max-width: 169px) 100vw, 169px\" \/><\/a>\n\t\t\t<\/div>\n\t\t\t\t<figcaption class='wp-caption-text gallery-caption' id='gallery-1-7111'>\n\t\t\t\tTavolata Z\u00e4masi\n\t\t\t\t<\/figcaption><\/figure><figure class='gallery-item'>\n\t\t\t<div class='gallery-icon landscape'>\n\t\t\t\t<a href='https:\/\/www.tavolata.ch\/wp-content\/uploads\/2021\/06\/Tavolata-Brunnen2.jpg'><img loading=\"lazy\" decoding=\"async\" width=\"300\" height=\"225\" src=\"https:\/\/www.tavolata.ch\/wp-content\/uploads\/2021\/06\/Tavolata-Brunnen2-300x225.jpg\" class=\"attachment-medium size-medium\" alt=\"Tavolata Brunnen\" aria-describedby=\"gallery-1-7039\" srcset=\"https:\/\/www.tavolata.ch\/wp-content\/uploads\/2021\/06\/Tavolata-Brunnen2-300x225.jpg 300w, https:\/\/www.tavolata.ch\/wp-content\/uploads\/2021\/06\/Tavolata-Brunnen2-1024x768.jpg 1024w, https:\/\/www.tavolata.ch\/wp-content\/uploads\/2021\/06\/Tavolata-Brunnen2-768x576.jpg 768w, https:\/\/www.tavolata.ch\/wp-content\/uploads\/2021\/06\/Tavolata-Brunnen2-1536x1152.jpg 1536w, https:\/\/www.tavolata.ch\/wp-content\/uploads\/2021\/06\/Tavolata-Brunnen2.jpg 2048w\" sizes=\"auto, (max-width: 300px) 100vw, 300px\" \/><\/a>\n\t\t\t<\/div>\n\t\t\t\t<figcaption class='wp-caption-text gallery-caption' id='gallery-1-7039'>\n\t\t\t\tTavolata Brunnen\n\t\t\t\t<\/figcaption><\/figure><figure class='gallery-item'>\n\t\t\t<div class='gallery-icon landscape'>\n\t\t\t\t<a href='https:\/\/www.tavolata.ch\/wp-content\/uploads\/2021\/06\/Tavolata-Brunnen1.jpg'><img loading=\"lazy\" decoding=\"async\" width=\"300\" height=\"203\" src=\"https:\/\/www.tavolata.ch\/wp-content\/uploads\/2021\/06\/Tavolata-Brunnen1-300x203.jpg\" class=\"attachment-medium size-medium\" alt=\"Tavolata Brunnen\" aria-describedby=\"gallery-1-7036\" srcset=\"https:\/\/www.tavolata.ch\/wp-content\/uploads\/2021\/06\/Tavolata-Brunnen1-300x203.jpg 300w, https:\/\/www.tavolata.ch\/wp-content\/uploads\/2021\/06\/Tavolata-Brunnen1-1024x693.jpg 1024w, https:\/\/www.tavolata.ch\/wp-content\/uploads\/2021\/06\/Tavolata-Brunnen1-768x520.jpg 768w, https:\/\/www.tavolata.ch\/wp-content\/uploads\/2021\/06\/Tavolata-Brunnen1-1536x1040.jpg 1536w, https:\/\/www.tavolata.ch\/wp-content\/uploads\/2021\/06\/Tavolata-Brunnen1.jpg 2048w\" sizes=\"auto, (max-width: 300px) 100vw, 300px\" \/><\/a>\n\t\t\t<\/div>\n\t\t\t\t<figcaption class='wp-caption-text gallery-caption' id='gallery-1-7036'>\n\t\t\t\tTavolata Brunnen\n\t\t\t\t<\/figcaption><\/figure><figure class='gallery-item'>\n\t\t\t<div class='gallery-icon landscape'>\n\t\t\t\t<a href='https:\/\/www.tavolata.ch\/wp-content\/uploads\/2021\/06\/Tavolata-Viva-Bu\u0308lach.jpeg'><img loading=\"lazy\" decoding=\"async\" width=\"300\" height=\"225\" src=\"https:\/\/www.tavolata.ch\/wp-content\/uploads\/2021\/06\/Tavolata-Viva-Bu\u0308lach-300x225.jpeg\" class=\"attachment-medium size-medium\" alt=\"\" aria-describedby=\"gallery-1-7144\" srcset=\"https:\/\/www.tavolata.ch\/wp-content\/uploads\/2021\/06\/Tavolata-Viva-Bu\u0308lach-300x225.jpeg 300w, https:\/\/www.tavolata.ch\/wp-content\/uploads\/2021\/06\/Tavolata-Viva-Bu\u0308lach-1024x768.jpeg 1024w, https:\/\/www.tavolata.ch\/wp-content\/uploads\/2021\/06\/Tavolata-Viva-Bu\u0308lach-768x576.jpeg 768w, https:\/\/www.tavolata.ch\/wp-content\/uploads\/2021\/06\/Tavolata-Viva-Bu\u0308lach-1536x1152.jpeg 1536w, https:\/\/www.tavolata.ch\/wp-content\/uploads\/2021\/06\/Tavolata-Viva-Bu\u0308lach.jpeg 2048w\" sizes=\"auto, (max-width: 300px) 100vw, 300px\" \/><\/a>\n\t\t\t<\/div>\n\t\t\t\t<figcaption class='wp-caption-text gallery-caption' id='gallery-1-7144'>\n\t\t\t\tTavolata \u00abViva B\u00fclach\u00bb\n\t\t\t\t<\/figcaption><\/figure><figure class='gallery-item'>\n\t\t\t<div class='gallery-icon portrait'>\n\t\t\t\t<a href='https:\/\/www.tavolata.ch\/wp-content\/uploads\/2021\/06\/Tavoalta-Viva-Bu\u0308lach-2.jpeg'><img loading=\"lazy\" decoding=\"async\" width=\"146\" height=\"300\" src=\"https:\/\/www.tavolata.ch\/wp-content\/uploads\/2021\/06\/Tavoalta-Viva-Bu\u0308lach-2-146x300.jpeg\" class=\"attachment-medium size-medium\" alt=\"\" aria-describedby=\"gallery-1-7141\" srcset=\"https:\/\/www.tavolata.ch\/wp-content\/uploads\/2021\/06\/Tavoalta-Viva-Bu\u0308lach-2-146x300.jpeg 146w, https:\/\/www.tavolata.ch\/wp-content\/uploads\/2021\/06\/Tavoalta-Viva-Bu\u0308lach-2-498x1024.jpeg 498w, https:\/\/www.tavolata.ch\/wp-content\/uploads\/2021\/06\/Tavoalta-Viva-Bu\u0308lach-2-768x1579.jpeg 768w, https:\/\/www.tavolata.ch\/wp-content\/uploads\/2021\/06\/Tavoalta-Viva-Bu\u0308lach-2-747x1536.jpeg 747w, https:\/\/www.tavolata.ch\/wp-content\/uploads\/2021\/06\/Tavoalta-Viva-Bu\u0308lach-2.jpeg 996w\" sizes=\"auto, (max-width: 146px) 100vw, 146px\" \/><\/a>\n\t\t\t<\/div>\n\t\t\t\t<figcaption class='wp-caption-text gallery-caption' id='gallery-1-7141'>\n\t\t\t\tTavolata \u00abViva B\u00fclach\u00bb\n\t\t\t\t<\/figcaption><\/figure><figure class='gallery-item'>\n\t\t\t<div class='gallery-icon portrait'>\n\t\t\t\t<a href='https:\/\/www.tavolata.ch\/wp-content\/uploads\/2021\/06\/Tavolata-Viva-Bu\u0308lach-3.jpeg'><img loading=\"lazy\" decoding=\"async\" width=\"225\" height=\"300\" src=\"https:\/\/www.tavolata.ch\/wp-content\/uploads\/2021\/06\/Tavolata-Viva-Bu\u0308lach-3-225x300.jpeg\" class=\"attachment-medium size-medium\" alt=\"\" aria-describedby=\"gallery-1-7138\" srcset=\"https:\/\/www.tavolata.ch\/wp-content\/uploads\/2021\/06\/Tavolata-Viva-Bu\u0308lach-3-225x300.jpeg 225w, https:\/\/www.tavolata.ch\/wp-content\/uploads\/2021\/06\/Tavolata-Viva-Bu\u0308lach-3-768x1024.jpeg 768w, https:\/\/www.tavolata.ch\/wp-content\/uploads\/2021\/06\/Tavolata-Viva-Bu\u0308lach-3-1152x1536.jpeg 1152w, https:\/\/www.tavolata.ch\/wp-content\/uploads\/2021\/06\/Tavolata-Viva-Bu\u0308lach-3.jpeg 1536w\" sizes=\"auto, (max-width: 225px) 100vw, 225px\" \/><\/a>\n\t\t\t<\/div>\n\t\t\t\t<figcaption class='wp-caption-text gallery-caption' id='gallery-1-7138'>\n\t\t\t\tTavolata \u00abViva B\u00fclach\u00bb\n\t\t\t\t<\/figcaption><\/figure><figure class='gallery-item'>\n\t\t\t<div class='gallery-icon portrait'>\n\t\t\t\t<a href='https:\/\/www.tavolata.ch\/wp-content\/uploads\/2021\/06\/Tavolata-Fiori_2.jpeg'><img loading=\"lazy\" decoding=\"async\" width=\"225\" height=\"300\" src=\"https:\/\/www.tavolata.ch\/wp-content\/uploads\/2021\/06\/Tavolata-Fiori_2-225x300.jpeg\" class=\"attachment-medium size-medium\" alt=\"\" aria-describedby=\"gallery-1-7135\" srcset=\"https:\/\/www.tavolata.ch\/wp-content\/uploads\/2021\/06\/Tavolata-Fiori_2-225x300.jpeg 225w, https:\/\/www.tavolata.ch\/wp-content\/uploads\/2021\/06\/Tavolata-Fiori_2-768x1024.jpeg 768w, https:\/\/www.tavolata.ch\/wp-content\/uploads\/2021\/06\/Tavolata-Fiori_2-1152x1536.jpeg 1152w, https:\/\/www.tavolata.ch\/wp-content\/uploads\/2021\/06\/Tavolata-Fiori_2.jpeg 1536w\" sizes=\"auto, (max-width: 225px) 100vw, 225px\" \/><\/a>\n\t\t\t<\/div>\n\t\t\t\t<figcaption class='wp-caption-text gallery-caption' id='gallery-1-7135'>\n\t\t\t\tTavolata Fiori\n\t\t\t\t<\/figcaption><\/figure><figure class='gallery-item'>\n\t\t\t<div class='gallery-icon portrait'>\n\t\t\t\t<a href='https:\/\/www.tavolata.ch\/wp-content\/uploads\/2021\/06\/Tavolata-Fiori.jpeg'><img loading=\"lazy\" decoding=\"async\" width=\"259\" height=\"300\" src=\"https:\/\/www.tavolata.ch\/wp-content\/uploads\/2021\/06\/Tavolata-Fiori-259x300.jpeg\" class=\"attachment-medium size-medium\" alt=\"\" aria-describedby=\"gallery-1-7120\" srcset=\"https:\/\/www.tavolata.ch\/wp-content\/uploads\/2021\/06\/Tavolata-Fiori-259x300.jpeg 259w, https:\/\/www.tavolata.ch\/wp-content\/uploads\/2021\/06\/Tavolata-Fiori-885x1024.jpeg 885w, https:\/\/www.tavolata.ch\/wp-content\/uploads\/2021\/06\/Tavolata-Fiori-768x889.jpeg 768w, https:\/\/www.tavolata.ch\/wp-content\/uploads\/2021\/06\/Tavolata-Fiori.jpeg 1080w\" sizes=\"auto, (max-width: 259px) 100vw, 259px\" \/><\/a>\n\t\t\t<\/div>\n\t\t\t\t<figcaption class='wp-caption-text gallery-caption' id='gallery-1-7120'>\n\t\t\t\tTavolata Fiori\n\t\t\t\t<\/figcaption><\/figure><figure class='gallery-item'>\n\t\t\t<div class='gallery-icon landscape'>\n\t\t\t\t<a href='https:\/\/www.tavolata.ch\/wp-content\/uploads\/2021\/06\/Tavolata-Projektteam_2.jpeg'><img loading=\"lazy\" decoding=\"async\" width=\"300\" height=\"146\" src=\"https:\/\/www.tavolata.ch\/wp-content\/uploads\/2021\/06\/Tavolata-Projektteam_2-300x146.jpeg\" class=\"attachment-medium size-medium\" alt=\"\" aria-describedby=\"gallery-1-7126\" srcset=\"https:\/\/www.tavolata.ch\/wp-content\/uploads\/2021\/06\/Tavolata-Projektteam_2-300x146.jpeg 300w, https:\/\/www.tavolata.ch\/wp-content\/uploads\/2021\/06\/Tavolata-Projektteam_2-1024x498.jpeg 1024w, https:\/\/www.tavolata.ch\/wp-content\/uploads\/2021\/06\/Tavolata-Projektteam_2-768x373.jpeg 768w, https:\/\/www.tavolata.ch\/wp-content\/uploads\/2021\/06\/Tavolata-Projektteam_2-1536x747.jpeg 1536w, https:\/\/www.tavolata.ch\/wp-content\/uploads\/2021\/06\/Tavolata-Projektteam_2.jpeg 2016w\" sizes=\"auto, (max-width: 300px) 100vw, 300px\" \/><\/a>\n\t\t\t<\/div>\n\t\t\t\t<figcaption class='wp-caption-text gallery-caption' id='gallery-1-7126'>\n\t\t\t\tTavolata des Projektteams\n\t\t\t\t<\/figcaption><\/figure><figure class='gallery-item'>\n\t\t\t<div class='gallery-icon landscape'>\n\t\t\t\t<a href='https:\/\/www.tavolata.ch\/wp-content\/uploads\/2021\/06\/Tavolata-Projektteam_4.jpeg'><img loading=\"lazy\" decoding=\"async\" width=\"300\" height=\"146\" src=\"https:\/\/www.tavolata.ch\/wp-content\/uploads\/2021\/06\/Tavolata-Projektteam_4-300x146.jpeg\" class=\"attachment-medium size-medium\" alt=\"\" aria-describedby=\"gallery-1-7132\" srcset=\"https:\/\/www.tavolata.ch\/wp-content\/uploads\/2021\/06\/Tavolata-Projektteam_4-300x146.jpeg 300w, https:\/\/www.tavolata.ch\/wp-content\/uploads\/2021\/06\/Tavolata-Projektteam_4-1024x498.jpeg 1024w, https:\/\/www.tavolata.ch\/wp-content\/uploads\/2021\/06\/Tavolata-Projektteam_4-768x373.jpeg 768w, https:\/\/www.tavolata.ch\/wp-content\/uploads\/2021\/06\/Tavolata-Projektteam_4-1536x747.jpeg 1536w, https:\/\/www.tavolata.ch\/wp-content\/uploads\/2021\/06\/Tavolata-Projektteam_4.jpeg 2016w\" sizes=\"auto, (max-width: 300px) 100vw, 300px\" \/><\/a>\n\t\t\t<\/div>\n\t\t\t\t<figcaption class='wp-caption-text gallery-caption' id='gallery-1-7132'>\n\t\t\t\tTavolata des Projektteams\n\t\t\t\t<\/figcaption><\/figure><figure class='gallery-item'>\n\t\t\t<div class='gallery-icon portrait'>\n\t\t\t\t<a href='https:\/\/www.tavolata.ch\/wp-content\/uploads\/2021\/06\/Tavolata-Projektteam_1.jpeg'><img loading=\"lazy\" decoding=\"async\" width=\"146\" height=\"300\" src=\"https:\/\/www.tavolata.ch\/wp-content\/uploads\/2021\/06\/Tavolata-Projektteam_1-146x300.jpeg\" class=\"attachment-medium size-medium\" alt=\"\" aria-describedby=\"gallery-1-7123\" srcset=\"https:\/\/www.tavolata.ch\/wp-content\/uploads\/2021\/06\/Tavolata-Projektteam_1-146x300.jpeg 146w, https:\/\/www.tavolata.ch\/wp-content\/uploads\/2021\/06\/Tavolata-Projektteam_1-498x1024.jpeg 498w, https:\/\/www.tavolata.ch\/wp-content\/uploads\/2021\/06\/Tavolata-Projektteam_1-768x1580.jpeg 768w, https:\/\/www.tavolata.ch\/wp-content\/uploads\/2021\/06\/Tavolata-Projektteam_1-747x1536.jpeg 747w, https:\/\/www.tavolata.ch\/wp-content\/uploads\/2021\/06\/Tavolata-Projektteam_1.jpeg 980w\" sizes=\"auto, (max-width: 146px) 100vw, 146px\" \/><\/a>\n\t\t\t<\/div>\n\t\t\t\t<figcaption class='wp-caption-text gallery-caption' id='gallery-1-7123'>\n\t\t\t\tTavolata des Projektteams\n\t\t\t\t<\/figcaption><\/figure><figure class='gallery-item'>\n\t\t\t<div class='gallery-icon landscape'>\n\t\t\t\t<a href='https:\/\/www.tavolata.ch\/wp-content\/uploads\/2021\/06\/Tavolata-la-table-Gourmande-1.jpg'><img loading=\"lazy\" decoding=\"async\" width=\"300\" height=\"169\" src=\"https:\/\/www.tavolata.ch\/wp-content\/uploads\/2021\/06\/Tavolata-la-table-Gourmande-1-300x169.jpg\" class=\"attachment-medium size-medium\" alt=\"\" aria-describedby=\"gallery-1-7196\" srcset=\"https:\/\/www.tavolata.ch\/wp-content\/uploads\/2021\/06\/Tavolata-la-table-Gourmande-1-300x169.jpg 300w, https:\/\/www.tavolata.ch\/wp-content\/uploads\/2021\/06\/Tavolata-la-table-Gourmande-1-768x432.jpg 768w, https:\/\/www.tavolata.ch\/wp-content\/uploads\/2021\/06\/Tavolata-la-table-Gourmande-1.jpg 800w\" sizes=\"auto, (max-width: 300px) 100vw, 300px\" \/><\/a>\n\t\t\t<\/div>\n\t\t\t\t<figcaption class='wp-caption-text gallery-caption' id='gallery-1-7196'>\n\t\t\t\tTavolata la table Gourmande\n\t\t\t\t<\/figcaption><\/figure><figure class='gallery-item'>\n\t\t\t<div class='gallery-icon landscape'>\n\t\t\t\t<a href='https:\/\/www.tavolata.ch\/wp-content\/uploads\/2021\/06\/Tavolata-Briscolina-3-1.jpeg'><img loading=\"lazy\" decoding=\"async\" width=\"300\" height=\"225\" src=\"https:\/\/www.tavolata.ch\/wp-content\/uploads\/2021\/06\/Tavolata-Briscolina-3-1-300x225.jpeg\" class=\"attachment-medium size-medium\" alt=\"\" aria-describedby=\"gallery-1-7193\" srcset=\"https:\/\/www.tavolata.ch\/wp-content\/uploads\/2021\/06\/Tavolata-Briscolina-3-1-300x225.jpeg 300w, https:\/\/www.tavolata.ch\/wp-content\/uploads\/2021\/06\/Tavolata-Briscolina-3-1-768x576.jpeg 768w, https:\/\/www.tavolata.ch\/wp-content\/uploads\/2021\/06\/Tavolata-Briscolina-3-1.jpeg 1000w\" sizes=\"auto, (max-width: 300px) 100vw, 300px\" \/><\/a>\n\t\t\t<\/div>\n\t\t\t\t<figcaption class='wp-caption-text gallery-caption' id='gallery-1-7193'>\n\t\t\t\tTavolata Briscolina\n\t\t\t\t<\/figcaption><\/figure><figure class='gallery-item'>\n\t\t\t<div class='gallery-icon landscape'>\n\t\t\t\t<a href='https:\/\/www.tavolata.ch\/wp-content\/uploads\/2021\/06\/Tavolata-Briscolina-scaled.jpeg'><img loading=\"lazy\" decoding=\"async\" width=\"300\" height=\"225\" src=\"https:\/\/www.tavolata.ch\/wp-content\/uploads\/2021\/06\/Tavolata-Briscolina-300x225.jpeg\" class=\"attachment-medium size-medium\" alt=\"\" aria-describedby=\"gallery-1-7189\" srcset=\"https:\/\/www.tavolata.ch\/wp-content\/uploads\/2021\/06\/Tavolata-Briscolina-300x225.jpeg 300w, https:\/\/www.tavolata.ch\/wp-content\/uploads\/2021\/06\/Tavolata-Briscolina-1024x768.jpeg 1024w, https:\/\/www.tavolata.ch\/wp-content\/uploads\/2021\/06\/Tavolata-Briscolina-768x576.jpeg 768w, https:\/\/www.tavolata.ch\/wp-content\/uploads\/2021\/06\/Tavolata-Briscolina-1536x1152.jpeg 1536w, https:\/\/www.tavolata.ch\/wp-content\/uploads\/2021\/06\/Tavolata-Briscolina-2048x1536.jpeg 2048w\" sizes=\"auto, (max-width: 300px) 100vw, 300px\" \/><\/a>\n\t\t\t<\/div>\n\t\t\t\t<figcaption class='wp-caption-text gallery-caption' id='gallery-1-7189'>\n\t\t\t\tTavolata Briscolina\n\t\t\t\t<\/figcaption><\/figure><figure class='gallery-item'>\n\t\t\t<div class='gallery-icon landscape'>\n\t\t\t\t<a href='https:\/\/www.tavolata.ch\/wp-content\/uploads\/2021\/06\/Tavolata-AAA-2-scaled.jpg'><img loading=\"lazy\" decoding=\"async\" width=\"300\" height=\"225\" src=\"https:\/\/www.tavolata.ch\/wp-content\/uploads\/2021\/06\/Tavolata-AAA-2-300x225.jpg\" class=\"attachment-medium size-medium\" alt=\"\" aria-describedby=\"gallery-1-7230\" srcset=\"https:\/\/www.tavolata.ch\/wp-content\/uploads\/2021\/06\/Tavolata-AAA-2-300x225.jpg 300w, https:\/\/www.tavolata.ch\/wp-content\/uploads\/2021\/06\/Tavolata-AAA-2-1024x768.jpg 1024w, https:\/\/www.tavolata.ch\/wp-content\/uploads\/2021\/06\/Tavolata-AAA-2-768x576.jpg 768w, https:\/\/www.tavolata.ch\/wp-content\/uploads\/2021\/06\/Tavolata-AAA-2-1536x1152.jpg 1536w, https:\/\/www.tavolata.ch\/wp-content\/uploads\/2021\/06\/Tavolata-AAA-2-2048x1536.jpg 2048w\" sizes=\"auto, (max-width: 300px) 100vw, 300px\" \/><\/a>\n\t\t\t<\/div>\n\t\t\t\t<figcaption class='wp-caption-text gallery-caption' id='gallery-1-7230'>\n\t\t\t\tTavolata Affoltern am Albis\n\t\t\t\t<\/figcaption><\/figure><figure class='gallery-item'>\n\t\t\t<div class='gallery-icon landscape'>\n\t\t\t\t<a href='https:\/\/www.tavolata.ch\/wp-content\/uploads\/2021\/06\/Tavolata-AAA-1-scaled.jpg'><img loading=\"lazy\" decoding=\"async\" width=\"300\" height=\"225\" src=\"https:\/\/www.tavolata.ch\/wp-content\/uploads\/2021\/06\/Tavolata-AAA-1-300x225.jpg\" class=\"attachment-medium size-medium\" alt=\"\" aria-describedby=\"gallery-1-7227\" srcset=\"https:\/\/www.tavolata.ch\/wp-content\/uploads\/2021\/06\/Tavolata-AAA-1-300x225.jpg 300w, https:\/\/www.tavolata.ch\/wp-content\/uploads\/2021\/06\/Tavolata-AAA-1-1024x768.jpg 1024w, https:\/\/www.tavolata.ch\/wp-content\/uploads\/2021\/06\/Tavolata-AAA-1-768x576.jpg 768w, https:\/\/www.tavolata.ch\/wp-content\/uploads\/2021\/06\/Tavolata-AAA-1-1536x1152.jpg 1536w, https:\/\/www.tavolata.ch\/wp-content\/uploads\/2021\/06\/Tavolata-AAA-1-2048x1536.jpg 2048w\" sizes=\"auto, (max-width: 300px) 100vw, 300px\" \/><\/a>\n\t\t\t<\/div>\n\t\t\t\t<figcaption class='wp-caption-text gallery-caption' id='gallery-1-7227'>\n\t\t\t\tTavolata Affoltern am Albis\n\t\t\t\t<\/figcaption><\/figure><figure class='gallery-item'>\n\t\t\t<div class='gallery-icon landscape'>\n\t\t\t\t<a href='https:\/\/www.tavolata.ch\/wp-content\/uploads\/2021\/06\/Tavolata-Brunnen-1.jpg'><img loading=\"lazy\" decoding=\"async\" width=\"300\" height=\"182\" src=\"https:\/\/www.tavolata.ch\/wp-content\/uploads\/2021\/06\/Tavolata-Brunnen-1-300x182.jpg\" class=\"attachment-medium size-medium\" alt=\"\" aria-describedby=\"gallery-1-7221\" srcset=\"https:\/\/www.tavolata.ch\/wp-content\/uploads\/2021\/06\/Tavolata-Brunnen-1-300x182.jpg 300w, https:\/\/www.tavolata.ch\/wp-content\/uploads\/2021\/06\/Tavolata-Brunnen-1-768x465.jpg 768w, https:\/\/www.tavolata.ch\/wp-content\/uploads\/2021\/06\/Tavolata-Brunnen-1.jpg 1024w\" sizes=\"auto, (max-width: 300px) 100vw, 300px\" \/><\/a>\n\t\t\t<\/div>\n\t\t\t\t<figcaption class='wp-caption-text gallery-caption' id='gallery-1-7221'>\n\t\t\t\tTavolata Brunnen\n\t\t\t\t<\/figcaption><\/figure><figure class='gallery-item'>\n\t\t\t<div class='gallery-icon landscape'>\n\t\t\t\t<a href='https:\/\/www.tavolata.ch\/wp-content\/uploads\/2021\/06\/Tavolata-Rainbowgoat.jpeg'><img loading=\"lazy\" decoding=\"async\" width=\"300\" height=\"225\" src=\"https:\/\/www.tavolata.ch\/wp-content\/uploads\/2021\/06\/Tavolata-Rainbowgoat-300x225.jpeg\" class=\"attachment-medium size-medium\" alt=\"\" aria-describedby=\"gallery-1-7324\" srcset=\"https:\/\/www.tavolata.ch\/wp-content\/uploads\/2021\/06\/Tavolata-Rainbowgoat-300x225.jpeg 300w, https:\/\/www.tavolata.ch\/wp-content\/uploads\/2021\/06\/Tavolata-Rainbowgoat-1024x768.jpeg 1024w, https:\/\/www.tavolata.ch\/wp-content\/uploads\/2021\/06\/Tavolata-Rainbowgoat-768x576.jpeg 768w, https:\/\/www.tavolata.ch\/wp-content\/uploads\/2021\/06\/Tavolata-Rainbowgoat.jpeg 1200w\" sizes=\"auto, (max-width: 300px) 100vw, 300px\" \/><\/a>\n\t\t\t<\/div>\n\t\t\t\t<figcaption class='wp-caption-text gallery-caption' id='gallery-1-7324'>\n\t\t\t\tTavolata Rainbowgoat\n\t\t\t\t<\/figcaption><\/figure>\n\t\t<\/div>\n\n","protected":false},"excerpt":{"rendered":"<p>Programme du 5 juin 2021 De 10 h 30 \u00e0 11 h 30:Nous nous sommes rencontr\u00e9s en ligne, nous avons vu Robert Sempach partir \u00e0 la retraite, nous avons regard\u00e9 ensemble le film Tavolata et nous avons discut\u00e9 ensemble. C&rsquo;\u00e9tait magnifique! T\u00e9l\u00e9chargez la pr\u00e9sentation (PDF) et le wordcloud (PDF)\u00a0ici. De nombreuses Tavolata se sont retrouv\u00e9es [&hellip;]<\/p>\n","protected":false},"author":2,"featured_media":0,"parent":0,"menu_order":120,"comment_status":"closed","ping_status":"closed","template":"","meta":{"_acf_changed":false,"footnotes":""},"class_list":["post-6790","page","type-page","status-publish","hentry"],"acf":[],"_links":{"self":[{"href":"https:\/\/www.tavolata.ch\/fr\/wp-json\/wp\/v2\/pages\/6790","targetHints":{"allow":["GET"]}}],"collection":[{"href":"https:\/\/www.tavolata.ch\/fr\/wp-json\/wp\/v2\/pages"}],"about":[{"href":"https:\/\/www.tavolata.ch\/fr\/wp-json\/wp\/v2\/types\/page"}],"author":[{"embeddable":true,"href":"https:\/\/www.tavolata.ch\/fr\/wp-json\/wp\/v2\/users\/2"}],"replies":[{"embeddable":true,"href":"https:\/\/www.tavolata.ch\/fr\/wp-json\/wp\/v2\/comments?post=6790"}],"version-history":[{"count":22,"href":"https:\/\/www.tavolata.ch\/fr\/wp-json\/wp\/v2\/pages\/6790\/revisions"}],"predecessor-version":[{"id":11912,"href":"https:\/\/www.tavolata.ch\/fr\/wp-json\/wp\/v2\/pages\/6790\/revisions\/11912"}],"wp:attachment":[{"href":"https:\/\/www.tavolata.ch\/fr\/wp-json\/wp\/v2\/media?parent=6790"}],"curies":[{"name":"wp","href":"https:\/\/api.w.org\/{rel}","templated":true}]}}