{"id":6572,"date":"2021-02-02T19:28:38","date_gmt":"2021-02-02T18:28:38","guid":{"rendered":"https:\/\/www.tavolata.ch\/?page_id=6572"},"modified":"2021-02-02T19:28:38","modified_gmt":"2021-02-02T18:28:38","slug":"amuse-bouche-2020","status":"publish","type":"page","link":"https:\/\/www.tavolata.ch\/fr\/amuse-bouche-2020\/","title":{"rendered":"Amuse-bouche 2020"},"content":{"rendered":"<p><strong>Le 11 ao\u00fbt 2020 \u00e0 17\u00a0h: conseils nutritionnels avec Daniela Specht<\/strong><\/p>\n<p>Daniela Specht est aussi di\u00e9t\u00e9ticienne. Elle nous a d\u00e9voil\u00e9 ses conseils personnels en mati\u00e8re de sant\u00e9 au cours d\u2019un entretien. Vous en trouverez ici une <a href=\"https:\/\/www.tavolata.ch\/event\/amuse-bouche-daniela-specht-verraet-ihre-ernaehrungstipps\">retranscription.<\/a><\/p>\n<p><strong>Le 9 septembre 2020, de 16\u00a0h \u00e0 17\u00a0h: le taco le plus simple au monde \u2013 en direct du Mexique!<\/strong><\/p>\n<p>Anina et Casper cuisinent en direct depuis la c\u00f4te cara\u00efbe du Mexique et montrent comment <a href=\"https:\/\/www.tavolata.ch\/der-einfachste-taco-der-welt-ist-auch-der-gesuendeste\">pr\u00e9parer un taco original<\/a> avec des ingr\u00e9dients simples. Savoureux et sain!<\/p>\n<p><strong>Le 1<sup>er<\/sup> octobre 2020, de 9 h \u00e0 10 h: yoga avec Simone Kalmus<\/strong><\/p>\n<p>La professeure de yoga Simone Kalmus montre comment quelques exercices simples permettent d\u2019am\u00e9liorer souplesse, tonus et attention pour vivre en meilleure sant\u00e9 et sans douleurs. <a href=\"https:\/\/www.tavolata.ch\/yoga-fuer-mehr-achtsamkeit-und-gesundheit-im-alltag\">Voir le Yoga<\/a><\/p>\n<p><strong>Le 18 novembre 2020, de 10 h \u00e0 11 h: cours de cuisine avec Simon Crescente<\/strong><\/p>\n<p>Cuisinier passionn\u00e9, Simon Crescente nous d\u00e9voile une super recette via Internet. <a href=\"https:\/\/vimeo.com\/480985232\" target=\"_blank\" rel=\"noopener noreferrer\">Voir le video<\/a><\/p>\n<p><strong>Le 14 d\u00e9cembre 2020, de 15\u00a0h \u00e0 16\u00a0h: menus de f\u00eate simples et d\u00e9licieux\u00a0<\/strong><\/p>\n<p>Nous \u00e9changeons librement sur des menus et des recettes savoureuses pour No\u00ebl. Nous nous r\u00e9jouissons de d\u00e9couvrir vos recettes pr\u00e9f\u00e9r\u00e9es et vos id\u00e9es originales! Daniela Specht assurera l\u2019animation de l\u2019\u00e9v\u00e9nement.<\/p>\n","protected":false},"excerpt":{"rendered":"<p>Le 11 ao\u00fbt 2020 \u00e0 17\u00a0h: conseils nutritionnels avec Daniela Specht Daniela Specht est aussi di\u00e9t\u00e9ticienne. Elle nous a d\u00e9voil\u00e9 ses conseils personnels en mati\u00e8re de sant\u00e9 au cours d\u2019un entretien. Vous en trouverez ici une retranscription. Le 9 septembre 2020, de 16\u00a0h \u00e0 17\u00a0h: le taco le plus simple au monde \u2013 en direct [&hellip;]<\/p>\n","protected":false},"author":2,"featured_media":0,"parent":0,"menu_order":29,"comment_status":"closed","ping_status":"closed","template":"","meta":{"_acf_changed":false,"footnotes":""},"class_list":["post-6572","page","type-page","status-publish","hentry"],"acf":[],"_links":{"self":[{"href":"https:\/\/www.tavolata.ch\/fr\/wp-json\/wp\/v2\/pages\/6572","targetHints":{"allow":["GET"]}}],"collection":[{"href":"https:\/\/www.tavolata.ch\/fr\/wp-json\/wp\/v2\/pages"}],"about":[{"href":"https:\/\/www.tavolata.ch\/fr\/wp-json\/wp\/v2\/types\/page"}],"author":[{"embeddable":true,"href":"https:\/\/www.tavolata.ch\/fr\/wp-json\/wp\/v2\/users\/2"}],"replies":[{"embeddable":true,"href":"https:\/\/www.tavolata.ch\/fr\/wp-json\/wp\/v2\/comments?post=6572"}],"version-history":[{"count":2,"href":"https:\/\/www.tavolata.ch\/fr\/wp-json\/wp\/v2\/pages\/6572\/revisions"}],"predecessor-version":[{"id":6575,"href":"https:\/\/www.tavolata.ch\/fr\/wp-json\/wp\/v2\/pages\/6572\/revisions\/6575"}],"wp:attachment":[{"href":"https:\/\/www.tavolata.ch\/fr\/wp-json\/wp\/v2\/media?parent=6572"}],"curies":[{"name":"wp","href":"https:\/\/api.w.org\/{rel}","templated":true}]}}