{"id":1401,"date":"2020-07-01T00:18:24","date_gmt":"2020-06-30T22:18:24","guid":{"rendered":"https:\/\/www.tavolata.ch\/?page_id=1401"},"modified":"2026-04-17T20:17:38","modified_gmt":"2026-04-17T18:17:38","slug":"qui-sommes-nous","status":"publish","type":"page","link":"https:\/\/www.tavolata.ch\/fr\/qui-sommes-nous\/","title":{"rendered":"Qui sommes-nous?"},"content":{"rendered":"<h3>L\u2019id\u00e9e<\/h3>\n<p>Jeunes et moins jeunes cuisinent et mangent ensemble et se soutiennent en outre au quotidien. Avec plus de 500\u00a0tables d\u2019h\u00f4tes dans toute la Suisse, l\u2019association Tavolata contribue de fa\u00e7on d\u00e9cisive \u00e0 la coh\u00e9sion sociale et \u00e0 la promotion de la qualit\u00e9 de vie. Tavolata figure sur la <a href=\"https:\/\/promotionsante.ch\/programmes-daction-cantonaux?_gl=1*1dlsqb0*_ga*MTI5MzAyNTQzNS4xNjcyMzIyNTA1*_ga_YG4EVEX5PF*MTY3Mzg3NzQ0NC40LjAuMTY3Mzg3NzQ0NS4wLjAuMA..\" target=\"_blank\" rel=\"noopener\">liste des programmes d\u2019action cantonaux<\/a> de Promotion Sant\u00e9 Suisse.<\/p>\n<h3>L\u2019association Tavolata<\/h3>\n<p>Le <a href=\"https:\/\/engagement.migros.ch\/fr\/pour-cent-culturel\" target=\"_blank\" rel=\"noopener\">Pour-cent culturel Migros<\/a> a lanc\u00e9 et mis en \u0153uvre Tavolata en 2010. L\u2019association Tavolata a \u00e9t\u00e9 cr\u00e9\u00e9e en novembre 2022. Elle poursuit la gestion du r\u00e9seau de mani\u00e8re autonome et accompagne les tables d\u2019h\u00f4tes lors de leur cr\u00e9ation ou la recherche de nouveaux membres. L\u2019association est constitu\u00e9e en r\u00e9seau avec des <a href=\"https:\/\/www.tavolata.ch\/fr\/partenaires\/\">organisations partenaires r\u00e9gionales<\/a> afin d\u2019ancrer Tavolata aupr\u00e8s des groupes cibles. Les repr\u00e9sentantes r\u00e9gionales et les repr\u00e9sentants r\u00e9gionaux de Tavolata jouent \u00e9galement un r\u00f4le important: ces membres exp\u00e9riment\u00e9s de Tavolata transmettent leur savoir-faire et encadrent des groupes Tavolata sur place.<\/p>\n<p>L&rsquo;association est financ\u00e9e par les contributions des membres et elle est soutenue financi\u00e8rement par diverses organisations. En <a href=\"https:\/\/www.tavolata.ch\/fr\/membre\/\">devenant membre<\/a>, vous contribuez \u00e0 faire conna\u00eetre l&rsquo;id\u00e9e de la Tavolata dans toute la Suisse et \u00e0 soutenir la cr\u00e9ation de communaut\u00e9s de table.<\/p>\n<h3>Comit\u00e9<\/h3>\n<ul>\n<li>Anders Stokholm (pr\u00e9sident)<\/li>\n<li>Silvia Nigg (vice-pr\u00e9sidente)<\/li>\n<li>Hansrudolf Schelling<\/li>\n<li>Ladina Gartmann<\/li>\n<li>Regula Ru\u0308ttimann<\/li>\n<li>Olivia Bessaud<\/li>\n<li>Emma Nick-L\u00e4mmlin<\/li>\n<li>Urs Koch<\/li>\n<\/ul>\n<h3>Organe de r\u00e9vision<\/h3>\n<p>Renato R\u00f6mer, Zollikerberg<\/p>\n","protected":false},"excerpt":{"rendered":"<p>L\u2019id\u00e9e Jeunes et moins jeunes cuisinent et mangent ensemble et se soutiennent en outre au quotidien. Avec plus de 500\u00a0tables d\u2019h\u00f4tes dans toute la Suisse, l\u2019association Tavolata contribue de fa\u00e7on d\u00e9cisive \u00e0 la coh\u00e9sion sociale et \u00e0 la promotion de la qualit\u00e9 de vie. Tavolata figure sur la liste des programmes d\u2019action cantonaux de Promotion [&hellip;]<\/p>\n","protected":false},"author":2,"featured_media":0,"parent":0,"menu_order":132,"comment_status":"closed","ping_status":"closed","template":"","meta":{"_acf_changed":false,"footnotes":""},"class_list":["post-1401","page","type-page","status-publish","hentry"],"acf":[],"_links":{"self":[{"href":"https:\/\/www.tavolata.ch\/fr\/wp-json\/wp\/v2\/pages\/1401","targetHints":{"allow":["GET"]}}],"collection":[{"href":"https:\/\/www.tavolata.ch\/fr\/wp-json\/wp\/v2\/pages"}],"about":[{"href":"https:\/\/www.tavolata.ch\/fr\/wp-json\/wp\/v2\/types\/page"}],"author":[{"embeddable":true,"href":"https:\/\/www.tavolata.ch\/fr\/wp-json\/wp\/v2\/users\/2"}],"replies":[{"embeddable":true,"href":"https:\/\/www.tavolata.ch\/fr\/wp-json\/wp\/v2\/comments?post=1401"}],"version-history":[{"count":26,"href":"https:\/\/www.tavolata.ch\/fr\/wp-json\/wp\/v2\/pages\/1401\/revisions"}],"predecessor-version":[{"id":16731,"href":"https:\/\/www.tavolata.ch\/fr\/wp-json\/wp\/v2\/pages\/1401\/revisions\/16731"}],"wp:attachment":[{"href":"https:\/\/www.tavolata.ch\/fr\/wp-json\/wp\/v2\/media?parent=1401"}],"curies":[{"name":"wp","href":"https:\/\/api.w.org\/{rel}","templated":true}]}}