{"id":1385,"date":"2020-07-01T00:17:00","date_gmt":"2020-06-30T22:17:00","guid":{"rendered":"https:\/\/www.tavolata.ch\/?page_id=1385"},"modified":"2026-04-17T20:24:10","modified_gmt":"2026-04-17T18:24:10","slug":"lequipe","status":"publish","type":"page","link":"https:\/\/www.tavolata.ch\/fr\/lequipe\/","title":{"rendered":"L&rsquo;\u00e9quipe"},"content":{"rendered":"<h3>Direction de l&rsquo;association Tavolata<\/h3>\n<table class=\"team-table\">\n<tbody>\n<tr>\n<td><img loading=\"lazy\" decoding=\"async\" class=\"alignnone wp-image-6166\" src=\"https:\/\/www.tavolata.ch\/wp-content\/uploads\/2020\/11\/Daniela-Specht-Web-1-300x300.jpg\" alt=\"\" width=\"150\" height=\"150\" srcset=\"https:\/\/www.tavolata.ch\/wp-content\/uploads\/2020\/11\/Daniela-Specht-Web-1.jpg 300w, https:\/\/www.tavolata.ch\/wp-content\/uploads\/2020\/11\/Daniela-Specht-Web-1-150x150.jpg 150w\" sizes=\"auto, (max-width: 150px) 100vw, 150px\" \/><\/td>\n<td><strong>Daniela Specht, Directrice et Coordinatrice Suisse al\u00e9manique<\/strong><br \/>\nDi\u00e9t\u00e9ticienne dipl. IUT<br \/>\nCAS Gesundheitsf\u00f6rderung und Pr\u00e4vention<br \/>\n<a href=\"mailto:daniela.specht@tavolata.ch\">daniela.specht@tavolata.ch<\/a><br \/>\nTel. 076 319 96 96<\/td>\n<\/tr>\n<tr>\n<td><img loading=\"lazy\" decoding=\"async\" class=\"alignnone size-thumbnail wp-image-16735\" src=\"https:\/\/www.tavolata.ch\/wp-content\/uploads\/2026\/04\/tom-ff-3-x9LSAQ7_V1s-unsplash-150x150.jpg\" alt=\"\" width=\"150\" height=\"150\" srcset=\"https:\/\/www.tavolata.ch\/wp-content\/uploads\/2026\/04\/tom-ff-3-x9LSAQ7_V1s-unsplash-150x150.jpg 150w, https:\/\/www.tavolata.ch\/wp-content\/uploads\/2026\/04\/tom-ff-3-x9LSAQ7_V1s-unsplash-300x300.jpg 300w, https:\/\/www.tavolata.ch\/wp-content\/uploads\/2026\/04\/tom-ff-3-x9LSAQ7_V1s-unsplash-1024x1024.jpg 1024w, https:\/\/www.tavolata.ch\/wp-content\/uploads\/2026\/04\/tom-ff-3-x9LSAQ7_V1s-unsplash-768x768.jpg 768w, https:\/\/www.tavolata.ch\/wp-content\/uploads\/2026\/04\/tom-ff-3-x9LSAQ7_V1s-unsplash-1536x1536.jpg 1536w, https:\/\/www.tavolata.ch\/wp-content\/uploads\/2026\/04\/tom-ff-3-x9LSAQ7_V1s-unsplash-2048x2048.jpg 2048w\" sizes=\"auto, (max-width: 150px) 100vw, 150px\" \/><\/td>\n<td><strong><strong style=\"font-family: inherit; font-size: inherit;\">Petra Forny Pannatier<\/strong>, Coordinatrice Suisse romande<\/strong><br \/>\n<a href=\"mailto:romandie@tavolata.ch\">romandie@tavolata.ch<\/a><\/td>\n<\/tr>\n<tr>\n<td><img loading=\"lazy\" decoding=\"async\" class=\"alignnone wp-image-6203\" src=\"https:\/\/www.tavolata.ch\/wp-content\/uploads\/2020\/11\/marcello_martinoni-1-e1606774637496.jpg\" alt=\"\" width=\"150\" height=\"150\" srcset=\"https:\/\/www.tavolata.ch\/wp-content\/uploads\/2020\/11\/marcello_martinoni-1-e1606774637496.jpg 200w, https:\/\/www.tavolata.ch\/wp-content\/uploads\/2020\/11\/marcello_martinoni-1-e1606774637496-150x150.jpg 150w\" sizes=\"auto, (max-width: 150px) 100vw, 150px\" \/><\/td>\n<td><strong>Marcello Martinoni, Coordinateur Suisse italienne<\/strong><br \/>\n<a href=\"mailto:svizzera.italiana@tavolata.ch\">svizzera.italiana@tavolata.ch<\/a><br \/>\nTel. 091 825 38 85<\/td>\n<\/tr>\n<tr>\n<td><img loading=\"lazy\" decoding=\"async\" class=\"alignnone wp-image-534 size-thumbnail\" src=\"https:\/\/www.tavolata.ch\/wp-content\/uploads\/2020\/06\/EstherKirchhoff-150x150.jpg\" alt=\"\" width=\"150\" height=\"150\" \/><\/td>\n<td><strong>Esther Kirchhoff, Qualit\u00e9 et d\u00e9veloppement<\/strong><br \/>\n<a href=\"mailto:esther.kirchhoff@tavolata.ch\">esther.kirchhoff@tavolata.ch<\/a><br \/>\nTel. 043 305 65 38<\/td>\n<\/tr>\n<tr>\n<td><img loading=\"lazy\" decoding=\"async\" class=\"alignnone wp-image-6350\" src=\"https:\/\/www.tavolata.ch\/wp-content\/uploads\/2021\/01\/Anina_torrado_square-web-scaled.jpeg\" alt=\"\" width=\"150\" height=\"150\" srcset=\"https:\/\/www.tavolata.ch\/wp-content\/uploads\/2021\/01\/Anina_torrado_square-web-scaled.jpeg 2560w, https:\/\/www.tavolata.ch\/wp-content\/uploads\/2021\/01\/Anina_torrado_square-web-300x300.jpeg 300w, https:\/\/www.tavolata.ch\/wp-content\/uploads\/2021\/01\/Anina_torrado_square-web-1024x1024.jpeg 1024w, https:\/\/www.tavolata.ch\/wp-content\/uploads\/2021\/01\/Anina_torrado_square-web-150x150.jpeg 150w, https:\/\/www.tavolata.ch\/wp-content\/uploads\/2021\/01\/Anina_torrado_square-web-768x768.jpeg 768w, https:\/\/www.tavolata.ch\/wp-content\/uploads\/2021\/01\/Anina_torrado_square-web-1536x1536.jpeg 1536w, https:\/\/www.tavolata.ch\/wp-content\/uploads\/2021\/01\/Anina_torrado_square-web-2048x2048.jpeg 2048w\" sizes=\"auto, (max-width: 150px) 100vw, 150px\" \/><\/td>\n<td><strong>Anina Torrado, Communication<\/strong><br \/>\n<a href=\"mailto:anina.torrado@tavolata.ch\">anina.torrado@tavolata.ch<\/a><br \/>\nTel. 044 586 39 78<\/td>\n<\/tr>\n<\/tbody>\n<\/table>\n<h3>Repr\u00e9sentante r\u00e9gionale ou repr\u00e9sentant r\u00e9gional<\/h3>\n<p>Vous souhaitez soutenir le r\u00e9seau Tavolata en tant que repr\u00e9sentante r\u00e9gionale ou repr\u00e9sentant r\u00e9gional? Contactez notres partenaires r\u00e9gionaux ou le <a href=\"mailto:romandie@tavolata.ch\">bureau de Tavolata<\/a>.<\/p>\n","protected":false},"excerpt":{"rendered":"<p>Direction de l&rsquo;association Tavolata Daniela Specht, Directrice et Coordinatrice Suisse al\u00e9manique Di\u00e9t\u00e9ticienne dipl. IUT CAS Gesundheitsf\u00f6rderung und Pr\u00e4vention daniela.specht@tavolata.ch Tel. 076 319 96 96 Petra Forny Pannatier, Coordinatrice Suisse romande romandie@tavolata.ch Marcello Martinoni, Coordinateur Suisse italienne svizzera.italiana@tavolata.ch Tel. 091 825 38 85 Esther Kirchhoff, Qualit\u00e9 et d\u00e9veloppement esther.kirchhoff@tavolata.ch Tel. 043 305 65 38 Anina Torrado, [&hellip;]<\/p>\n","protected":false},"author":2,"featured_media":0,"parent":0,"menu_order":125,"comment_status":"closed","ping_status":"closed","template":"","meta":{"_acf_changed":false,"footnotes":""},"class_list":["post-1385","page","type-page","status-publish","hentry"],"acf":[],"_links":{"self":[{"href":"https:\/\/www.tavolata.ch\/fr\/wp-json\/wp\/v2\/pages\/1385","targetHints":{"allow":["GET"]}}],"collection":[{"href":"https:\/\/www.tavolata.ch\/fr\/wp-json\/wp\/v2\/pages"}],"about":[{"href":"https:\/\/www.tavolata.ch\/fr\/wp-json\/wp\/v2\/types\/page"}],"author":[{"embeddable":true,"href":"https:\/\/www.tavolata.ch\/fr\/wp-json\/wp\/v2\/users\/2"}],"replies":[{"embeddable":true,"href":"https:\/\/www.tavolata.ch\/fr\/wp-json\/wp\/v2\/comments?post=1385"}],"version-history":[{"count":49,"href":"https:\/\/www.tavolata.ch\/fr\/wp-json\/wp\/v2\/pages\/1385\/revisions"}],"predecessor-version":[{"id":16738,"href":"https:\/\/www.tavolata.ch\/fr\/wp-json\/wp\/v2\/pages\/1385\/revisions\/16738"}],"wp:attachment":[{"href":"https:\/\/www.tavolata.ch\/fr\/wp-json\/wp\/v2\/media?parent=1385"}],"curies":[{"name":"wp","href":"https:\/\/api.w.org\/{rel}","templated":true}]}}