{"id":1378,"date":"2020-07-01T00:15:21","date_gmt":"2020-06-30T22:15:21","guid":{"rendered":"https:\/\/www.tavolata.ch\/?page_id=1378"},"modified":"2023-04-20T17:25:00","modified_gmt":"2023-04-20T15:25:00","slug":"regles-du-jeu","status":"publish","type":"page","link":"https:\/\/www.tavolata.ch\/fr\/regles-du-jeu\/","title":{"rendered":"R\u00e8gles de jeu"},"content":{"rendered":"<div class=\"p100\">\n<div class=\"content bwhite\">\n<p>Les r\u00e8gles de jeu pour cr\u00e9er son groupe et s&rsquo;engager dans une m\u00eame dynamique:<\/p>\n<ol>\n<li class=\"content textbox\">Organisation autonome.<\/li>\n<li class=\"content textbox\">R\u00e9unions r\u00e9guli\u00e8res.<\/li>\n<li class=\"content textbox\">D\u00e9cisions prises en groupe.<\/li>\n<li class=\"content textbox\">Repas \u00e9quilibr\u00e9s et savoureux.<\/li>\n<li class=\"content textbox\">Partage des t\u00e2ches et des co\u00fbts, l\u2019\u00e9quilibre entre ce que l\u2019on donne et ce que l\u2019on re\u00e7oit est essentiel.<\/li>\n<li class=\"content textbox\">Aucun but commercial ni lucratif.<\/li>\n<li class=\"content textbox\">D\u00e9signation d\u2019une personne de contact pour le r\u00e9seau Tavolata.<\/li>\n<\/ol>\n<p>La <strong>personne de contact\u00a0<\/strong>se charge de r\u00e9pondre aux demandes de personnes int\u00e9ress\u00e9es \u00e0 rejoindre le groupe (par le biais du Forum), et est invit\u00e9e aux rencontres r\u00e9gionales et nationales qui permettent un \u00e9change enrichissant d&rsquo;exp\u00e9riences. Cette personne devient alors, l&rsquo;ambassadrice de Tavolata dans sa r\u00e9gion. Elle b\u00e9n\u00e9ficie du soutien de la coordinatrice Romande.<\/p>\n<\/div>\n<\/div>\n","protected":false},"excerpt":{"rendered":"<p>Les r\u00e8gles de jeu pour cr\u00e9er son groupe et s&rsquo;engager dans une m\u00eame dynamique: Organisation autonome. R\u00e9unions r\u00e9guli\u00e8res. D\u00e9cisions prises en groupe. Repas \u00e9quilibr\u00e9s et savoureux. Partage des t\u00e2ches et des co\u00fbts, l\u2019\u00e9quilibre entre ce que l\u2019on donne et ce que l\u2019on re\u00e7oit est essentiel. Aucun but commercial ni lucratif. D\u00e9signation d\u2019une personne de contact [&hellip;]<\/p>\n","protected":false},"author":2,"featured_media":0,"parent":0,"menu_order":107,"comment_status":"closed","ping_status":"closed","template":"","meta":{"_acf_changed":false,"footnotes":""},"class_list":["post-1378","page","type-page","status-publish","hentry"],"acf":[],"_links":{"self":[{"href":"https:\/\/www.tavolata.ch\/fr\/wp-json\/wp\/v2\/pages\/1378","targetHints":{"allow":["GET"]}}],"collection":[{"href":"https:\/\/www.tavolata.ch\/fr\/wp-json\/wp\/v2\/pages"}],"about":[{"href":"https:\/\/www.tavolata.ch\/fr\/wp-json\/wp\/v2\/types\/page"}],"author":[{"embeddable":true,"href":"https:\/\/www.tavolata.ch\/fr\/wp-json\/wp\/v2\/users\/2"}],"replies":[{"embeddable":true,"href":"https:\/\/www.tavolata.ch\/fr\/wp-json\/wp\/v2\/comments?post=1378"}],"version-history":[{"count":12,"href":"https:\/\/www.tavolata.ch\/fr\/wp-json\/wp\/v2\/pages\/1378\/revisions"}],"predecessor-version":[{"id":11820,"href":"https:\/\/www.tavolata.ch\/fr\/wp-json\/wp\/v2\/pages\/1378\/revisions\/11820"}],"wp:attachment":[{"href":"https:\/\/www.tavolata.ch\/fr\/wp-json\/wp\/v2\/media?parent=1378"}],"curies":[{"name":"wp","href":"https:\/\/api.w.org\/{rel}","templated":true}]}}