{"id":1373,"date":"2020-07-01T00:14:47","date_gmt":"2020-06-30T22:14:47","guid":{"rendered":"https:\/\/www.tavolata.ch\/?page_id=1373"},"modified":"2025-09-16T14:08:05","modified_gmt":"2025-09-16T12:08:05","slug":"publications","status":"publish","type":"page","link":"https:\/\/www.tavolata.ch\/fr\/publications\/","title":{"rendered":"Publications"},"content":{"rendered":"<table class=\"team-table\">\n<tbody>\n<tr>\n<td>\n<h3><img loading=\"lazy\" decoding=\"async\" class=\"alignnone size-full wp-image-15165\" src=\"https:\/\/www.tavolata.ch\/wp-content\/uploads\/2024\/10\/Cover-FR.png\" alt=\"\" width=\"211\" height=\"299\" \/><\/h3>\n<\/td>\n<td>\n<h3><strong>Num\u00e9ro 5: novembre 2024<\/strong><\/h3>\n<p><strong>\u00abBon app\u00e9tit! &#8211; Le magazine Tavolata des bons moments<\/strong><br \/>\n<a href=\"https:\/\/www.tavolata.ch\/wp-content\/uploads\/2024\/10\/2024_Tavolata_Zeitung_fr_rz_WEB.pdf\" target=\"_blank\" rel=\"noopener\">T\u00e9l\u00e9charger (PDF)<\/a><br \/>\n<a href=\"mailto:romandie@tavolata.ch\" target=\"_blank\" rel=\"noopener noreferrer\">Commander le journal imprim\u00e9<\/a><\/td>\n<\/tr>\n<tr>\n<td><img loading=\"lazy\" decoding=\"async\" class=\"alignnone wp-image-10916 size-full\" src=\"https:\/\/www.tavolata.ch\/wp-content\/uploads\/2022\/12\/Cover-FR.png\" alt=\"\" width=\"211\" height=\"297\" \/><\/td>\n<td>\n<h3><strong>Num\u00e9ro 4: d\u00e9cembre 2022<\/strong><\/h3>\n<p><strong>\u00abBon app\u00e9tit! &#8211; Le magazine Tavolata des bons moments<\/strong><br \/>\n<a href=\"https:\/\/www.tavolata.ch\/wp-content\/uploads\/2022\/12\/220909_Tavolata_Zeitung_fr_web.pdf\" target=\"_blank\" rel=\"noopener\">T\u00e9l\u00e9charger (PDF)<\/a><\/td>\n<\/tr>\n<tr>\n<td><img loading=\"lazy\" decoding=\"async\" class=\"alignnone size-full wp-image-9004\" src=\"https:\/\/www.tavolata.ch\/wp-content\/uploads\/2021\/11\/Cover-3_2021_FR.png\" alt=\"\" width=\"211\" height=\"300\" \/><\/td>\n<td>\n<h3><strong>Num\u00e9ro 3: novembre 2021<\/strong><\/h3>\n<p><strong>\u00abBon app\u00e9tit! &#8211; Le magazine Tavolata des bons moments<\/strong><br \/>\n<a href=\"https:\/\/www.tavolata.ch\/wp-content\/uploads\/2021\/11\/Tavolata_Zeitung_Nr3_2021_web_fr-1.pdf\" target=\"_blank\" rel=\"noopener\">T\u00e9l\u00e9charger (PDF)<\/a><\/td>\n<\/tr>\n<tr>\n<td><img loading=\"lazy\" decoding=\"async\" class=\"alignnone wp-image-6231 size-medium\" src=\"https:\/\/www.tavolata.ch\/wp-content\/uploads\/2020\/12\/Bildschirmfoto-2020-12-07-um-14.53.50-211x300.png\" alt=\"\" width=\"211\" height=\"300\" srcset=\"https:\/\/www.tavolata.ch\/wp-content\/uploads\/2020\/12\/Bildschirmfoto-2020-12-07-um-14.53.50-211x300.png 211w, https:\/\/www.tavolata.ch\/wp-content\/uploads\/2020\/12\/Bildschirmfoto-2020-12-07-um-14.53.50-721x1024.png 721w, https:\/\/www.tavolata.ch\/wp-content\/uploads\/2020\/12\/Bildschirmfoto-2020-12-07-um-14.53.50-768x1091.png 768w, https:\/\/www.tavolata.ch\/wp-content\/uploads\/2020\/12\/Bildschirmfoto-2020-12-07-um-14.53.50.png 926w\" sizes=\"auto, (max-width: 211px) 100vw, 211px\" \/><\/td>\n<td>\n<h3><strong>Num\u00e9ro 2: d\u00e9cembre 2020<\/strong><\/h3>\n<p><strong>\u00abBon app\u00e9tit! &#8211; Le magazine Tavolata des bons moments<\/strong><br \/>\n<a href=\"https:\/\/www.tavolata.ch\/wp-content\/uploads\/2022\/12\/Tavolata_Zeitung_Nr2_Web_fr.pdf\">T\u00e9l\u00e9charger (PDF)<\/a><\/td>\n<\/tr>\n<tr>\n<td><img loading=\"lazy\" decoding=\"async\" class=\"alignleft wp-image-2127 size-medium\" src=\"https:\/\/www.tavolata.ch\/wp-content\/uploads\/2020\/07\/bon-appetit-211x300.png\" alt=\"\" width=\"211\" height=\"300\" srcset=\"https:\/\/www.tavolata.ch\/wp-content\/uploads\/2020\/07\/bon-appetit-211x300.png 211w, https:\/\/www.tavolata.ch\/wp-content\/uploads\/2020\/07\/bon-appetit.png 620w\" sizes=\"auto, (max-width: 211px) 100vw, 211px\" \/><\/td>\n<td><strong><strong>\u00a0<\/strong><\/strong><\/p>\n<h3><strong>Num\u00e9ro 1: juin 2020<\/strong><\/h3>\n<p><strong>\u00abBon app\u00e9tit! &#8211; Le magazine Tavolata des bons moments<\/strong><br \/>\n<a href=\"https:\/\/www.tavolata.ch\/wp-content\/uploads\/2020\/07\/Tavolata_Zeitung_Franzoesisch_GzD.pdf\" target=\"_blank\" rel=\"noopener noreferrer\">T\u00e9l\u00e9charger (PDF)<\/a><\/td>\n<\/tr>\n<tr>\n<td>\n<h3><img loading=\"lazy\" decoding=\"async\" class=\"alignnone wp-image-16222 size-full\" src=\"https:\/\/www.tavolata.ch\/wp-content\/uploads\/2025\/09\/Cover-Flyer-FR.png\" alt=\"\" width=\"211\" height=\"300\" \/><\/h3>\n<\/td>\n<td>\n<h3><strong>Flyer<br \/>\n<\/strong><\/h3>\n<p><a href=\"https:\/\/www.tavolata.ch\/wp-content\/uploads\/2025\/09\/Flyer_Tavolata_A5_FR_2025_web.pdf\">Flyer (PDF)<\/a><br \/>\n<a style=\"font-family: inherit; font-size: inherit;\" href=\"mailto:romandie@tavolata.ch\" target=\"_blank\" rel=\"noopener noreferrer\">Commander le flyer imprim\u00e9<\/a><\/td>\n<\/tr>\n<\/tbody>\n<\/table>\n<p>&nbsp;<\/p>\n","protected":false},"excerpt":{"rendered":"<p>Num\u00e9ro 5: novembre 2024 \u00abBon app\u00e9tit! &#8211; Le magazine Tavolata des bons moments T\u00e9l\u00e9charger (PDF) Commander le journal imprim\u00e9 Num\u00e9ro 4: d\u00e9cembre 2022 \u00abBon app\u00e9tit! &#8211; Le magazine Tavolata des bons moments T\u00e9l\u00e9charger (PDF) Num\u00e9ro 3: novembre 2021 \u00abBon app\u00e9tit! &#8211; Le magazine Tavolata des bons moments T\u00e9l\u00e9charger (PDF) Num\u00e9ro 2: d\u00e9cembre 2020 \u00abBon app\u00e9tit! [&hellip;]<\/p>\n","protected":false},"author":2,"featured_media":15195,"parent":0,"menu_order":104,"comment_status":"closed","ping_status":"closed","template":"","meta":{"_acf_changed":false,"footnotes":""},"class_list":["post-1373","page","type-page","status-publish","has-post-thumbnail","hentry"],"acf":[],"_links":{"self":[{"href":"https:\/\/www.tavolata.ch\/fr\/wp-json\/wp\/v2\/pages\/1373","targetHints":{"allow":["GET"]}}],"collection":[{"href":"https:\/\/www.tavolata.ch\/fr\/wp-json\/wp\/v2\/pages"}],"about":[{"href":"https:\/\/www.tavolata.ch\/fr\/wp-json\/wp\/v2\/types\/page"}],"author":[{"embeddable":true,"href":"https:\/\/www.tavolata.ch\/fr\/wp-json\/wp\/v2\/users\/2"}],"replies":[{"embeddable":true,"href":"https:\/\/www.tavolata.ch\/fr\/wp-json\/wp\/v2\/comments?post=1373"}],"version-history":[{"count":35,"href":"https:\/\/www.tavolata.ch\/fr\/wp-json\/wp\/v2\/pages\/1373\/revisions"}],"predecessor-version":[{"id":16225,"href":"https:\/\/www.tavolata.ch\/fr\/wp-json\/wp\/v2\/pages\/1373\/revisions\/16225"}],"wp:featuredmedia":[{"embeddable":true,"href":"https:\/\/www.tavolata.ch\/fr\/wp-json\/wp\/v2\/media\/15195"}],"wp:attachment":[{"href":"https:\/\/www.tavolata.ch\/fr\/wp-json\/wp\/v2\/media?parent=1373"}],"curies":[{"name":"wp","href":"https:\/\/api.w.org\/{rel}","templated":true}]}}