{"id":1358,"date":"2020-07-01T00:13:55","date_gmt":"2020-06-30T22:13:55","guid":{"rendered":"https:\/\/www.tavolata.ch\/?page_id=1358"},"modified":"2025-02-03T15:27:05","modified_gmt":"2025-02-03T14:27:05","slug":"partenaires","status":"publish","type":"page","link":"https:\/\/www.tavolata.ch\/fr\/partenaires\/","title":{"rendered":"Partenaires"},"content":{"rendered":"<p><img loading=\"lazy\" decoding=\"async\" class=\"alignnone size-medium wp-image-14179\" src=\"https:\/\/www.tavolata.ch\/wp-content\/uploads\/2024\/04\/aelterwerdenimfricktal-logo_kombo_rot-300x90.png\" alt=\"\" width=\"300\" height=\"90\" srcset=\"https:\/\/www.tavolata.ch\/wp-content\/uploads\/2024\/04\/aelterwerdenimfricktal-logo_kombo_rot-300x90.png 300w, https:\/\/www.tavolata.ch\/wp-content\/uploads\/2024\/04\/aelterwerdenimfricktal-logo_kombo_rot-1024x306.png 1024w, https:\/\/www.tavolata.ch\/wp-content\/uploads\/2024\/04\/aelterwerdenimfricktal-logo_kombo_rot-768x229.png 768w, https:\/\/www.tavolata.ch\/wp-content\/uploads\/2024\/04\/aelterwerdenimfricktal-logo_kombo_rot-1536x458.png 1536w, https:\/\/www.tavolata.ch\/wp-content\/uploads\/2024\/04\/aelterwerdenimfricktal-logo_kombo_rot-2048x611.png 2048w\" sizes=\"auto, (max-width: 300px) 100vw, 300px\" \/><\/p>\n<p><strong>\u00c4lterwerden im Fricktal<br \/>\n<\/strong>La plate-forme \u00ab\u00c4lterwerden im Fricktal\u00bb (Vieillir dans le Fricktal) a \u00e9t\u00e9 lanc\u00e9e dans le cadre de la r\u00e9gion de soins du Fricktal. Tavolata est l&rsquo;une des nombreuses offres destin\u00e9es aux personnes ayant besoin d&rsquo;une prise en charge dans la r\u00e9gion.<br \/>\n<a href=\"https:\/\/www.aelterwerden-fricktal.ch\/angebote\/der-verein-tavolata-unterstutzt-interessierte-pers?q=Tavolata%3A+Selbstorganisierte+Kochgemeinschaften\" target=\"_blank\" rel=\"noopener\">aelterwerden-fricktal.ch<\/a><\/p>\n<p>&nbsp;<\/p>\n<p><img loading=\"lazy\" decoding=\"async\" class=\"alignnone wp-image-15534 size-medium\" src=\"https:\/\/www.tavolata.ch\/wp-content\/uploads\/2025\/02\/connect_farbig_positiv__PNG__Logo_connect_mClaim_alle-1-300x110.png\" alt=\"\" width=\"300\" height=\"110\" srcset=\"https:\/\/www.tavolata.ch\/wp-content\/uploads\/2025\/02\/connect_farbig_positiv__PNG__Logo_connect_mClaim_alle-1-300x110.png 300w, https:\/\/www.tavolata.ch\/wp-content\/uploads\/2025\/02\/connect_farbig_positiv__PNG__Logo_connect_mClaim_alle-1-1024x375.png 1024w, https:\/\/www.tavolata.ch\/wp-content\/uploads\/2025\/02\/connect_farbig_positiv__PNG__Logo_connect_mClaim_alle-1-768x281.png 768w, https:\/\/www.tavolata.ch\/wp-content\/uploads\/2025\/02\/connect_farbig_positiv__PNG__Logo_connect_mClaim_alle-1-1536x563.png 1536w, https:\/\/www.tavolata.ch\/wp-content\/uploads\/2025\/02\/connect_farbig_positiv__PNG__Logo_connect_mClaim_alle-1-2048x751.png 2048w\" sizes=\"auto, (max-width: 300px) 100vw, 300px\" \/><\/p>\n<p><strong>\u00abconnect!\u00bb<\/strong><br \/>\nL\u2019association <em>\u00abconnect!\u00bb<\/em> s&rsquo;engage \u00e0 att\u00e9nuer les cons\u00e9quences n\u00e9gatives individuelles et sociales de la solitude en Suisse.<br \/>\n<a href=\"https:\/\/ch-connect.ch\/\" target=\"_blank\" rel=\"noopener\">ch-connect.ch<\/a><\/p>\n<p>&nbsp;<\/p>\n<p><img loading=\"lazy\" decoding=\"async\" class=\"alignnone wp-image-9760\" src=\"https:\/\/www.tavolata.ch\/wp-content\/uploads\/2022\/02\/svamv_logo_fr-300x247.png\" alt=\"\" width=\"200\" height=\"164\" srcset=\"https:\/\/www.tavolata.ch\/wp-content\/uploads\/2022\/02\/svamv_logo_fr-300x247.png 300w, https:\/\/www.tavolata.ch\/wp-content\/uploads\/2022\/02\/svamv_logo_fr.png 590w\" sizes=\"auto, (max-width: 200px) 100vw, 200px\" \/><\/p>\n<p><strong>F\u00e9d\u00e9ration suisse des familles monoparentales FSFM<\/strong><br \/>\nLa FSFM est l\u2019organisation fa\u00eeti\u00e8re des mono\u2013parents et l\u2019organisation sp\u00e9cialis\u00e9e pour les familles mono. Depuis 1984, l&rsquo;organisation s&rsquo;engage en faveur des familles mono et de leurs enfants.<br \/>\n<a href=\"https:\/\/svamv.ch\/fr\/\" target=\"_blank\" rel=\"noopener\">www.svamv.ch\/fr<\/a><\/p>\n<p>&nbsp;<\/p>\n<p><img loading=\"lazy\" decoding=\"async\" class=\"alignnone size-medium wp-image-390\" src=\"https:\/\/www.tavolata.ch\/wp-content\/uploads\/2020\/06\/forum-elle-logo-300x89.jpg\" alt=\"\" width=\"300\" height=\"89\" srcset=\"https:\/\/www.tavolata.ch\/wp-content\/uploads\/2020\/06\/forum-elle-logo-300x89.jpg 300w, https:\/\/www.tavolata.ch\/wp-content\/uploads\/2020\/06\/forum-elle-logo.jpg 420w\" sizes=\"auto, (max-width: 300px) 100vw, 300px\" \/><\/p>\n<p><strong>Forum elle<\/strong><br \/>\nForum elle, l&rsquo;organisation f\u00e9minine de Migros, est une plate-forme d\u00e9velopp\u00e9e par des femmes, pour des femmes. L&rsquo;organisation est ind\u00e9pendante et sans attaches politiques ou confessionnelles.<br \/>\n<a href=\"https:\/\/www.forum-elle.ch\/de\/startseite\/\" target=\"_blank\" rel=\"noopener noreferrer\">forum-elle.ch<\/a><\/p>\n<p>&nbsp;<\/p>\n<p><img loading=\"lazy\" decoding=\"async\" class=\"alignnone size-full wp-image-12653\" src=\"https:\/\/www.tavolata.ch\/wp-content\/uploads\/2023\/09\/Fourgette-verte.jpg\" alt=\"\" width=\"138\" height=\"112\" \/><\/p>\n<p><strong>Fourchette verte<br \/>\n<\/strong>L&rsquo;association Fourchette verte promeut une alimentation saine et une optimisation du mode de vie. En collaboration avec Tavolata, l&rsquo;association propose des manifestations dans diff\u00e9rents cantons.<br \/>\n<a href=\"https:\/\/www.fourchetteverte.ch\/\" target=\"_blank\" rel=\"noopener\">fourchetteverte.ch<\/a><\/p>\n<p>&nbsp;<\/p>\n<p><img loading=\"lazy\" decoding=\"async\" class=\"alignnone wp-image-13021\" src=\"https:\/\/www.tavolata.ch\/wp-content\/uploads\/2023\/12\/Bildschirmfoto-2023-12-05-um-11.47.53-300x127.png\" alt=\"\" width=\"200\" height=\"85\" srcset=\"https:\/\/www.tavolata.ch\/wp-content\/uploads\/2023\/12\/Bildschirmfoto-2023-12-05-um-11.47.53-300x127.png 300w, https:\/\/www.tavolata.ch\/wp-content\/uploads\/2023\/12\/Bildschirmfoto-2023-12-05-um-11.47.53.png 358w\" sizes=\"auto, (max-width: 200px) 100vw, 200px\" \/><\/p>\n<p><strong>Helvetic Care<\/strong><br \/>\nHelvetic Care a pour ambition de soutenir les personnes dans leur vie quotidienne. L&rsquo;organisation met en r\u00e9seau, informe et transmet des offres concr\u00e8tes et des conseils professionnels.<br \/>\n<a href=\"https:\/\/www.helveticcare.ch\/\" target=\"_blank\" rel=\"noopener\">helveticcare.ch<\/a><\/p>\n<p>&nbsp;<\/p>\n<p><img loading=\"lazy\" decoding=\"async\" class=\"alignnone wp-image-6952\" src=\"https:\/\/www.tavolata.ch\/wp-content\/uploads\/2021\/06\/F_ProSenectute_RGB_35mm_MitClaim-Schutzzone-300x142.png\" alt=\"\" width=\"163\" height=\"77\" srcset=\"https:\/\/www.tavolata.ch\/wp-content\/uploads\/2021\/06\/F_ProSenectute_RGB_35mm_MitClaim-Schutzzone-300x142.png 300w, https:\/\/www.tavolata.ch\/wp-content\/uploads\/2021\/06\/F_ProSenectute_RGB_35mm_MitClaim-Schutzzone.png 413w\" sizes=\"auto, (max-width: 163px) 100vw, 163px\" \/><\/p>\n<p><strong>Pro Senectute<br \/>\n<\/strong>Nous collaborons \u00e9troitement avec les partenaires suivants: Pro Senectute des cantons d&rsquo;Argovie, B\u00e2le-Campagne, B\u00e2le-Ville, Berne, Fribourg, Jura\/Neuch\u00e2tel, Nidwald, Saint-Gall, Thurgovie, Zoug et Zurich.<br \/>\n<a href=\"https:\/\/prosenectute.ch\/de.html\" target=\"_blank\" rel=\"noopener noreferrer\">prosenectute.ch<\/a><\/p>\n<p>&nbsp;<\/p>\n<p><img loading=\"lazy\" decoding=\"async\" class=\"alignnone wp-image-6410 size-medium\" src=\"https:\/\/www.tavolata.ch\/wp-content\/uploads\/2021\/01\/Bildschirmfoto-2021-01-22-um-08.18.42-300x88.png\" alt=\"\" width=\"300\" height=\"88\" srcset=\"https:\/\/www.tavolata.ch\/wp-content\/uploads\/2021\/01\/Bildschirmfoto-2021-01-22-um-08.18.42-300x88.png 300w, https:\/\/www.tavolata.ch\/wp-content\/uploads\/2021\/01\/Bildschirmfoto-2021-01-22-um-08.18.42.png 323w\" sizes=\"auto, (max-width: 300px) 100vw, 300px\" \/><\/p>\n<p><strong>Pr\u00e9vention de d\u00e9pendances du Bezirk B\u00fclach<br \/>\n<\/strong>Cette structure, est l\u2019adresse et le centre de comp\u00e9tences, pour tout ce qui concerne la pr\u00e9vention des d\u00e9pendances. Elle est au service des communes et soutient les services publics tels que les \u00e9coles, les parents et d\u2019autres personnes engag\u00e9es dans la pr\u00e9vention des d\u00e9pendances.<br \/>\n<a href=\"http:\/\/praevention-fabb.ch\">praevention-fabb.ch<\/a><\/p>\n<p>&nbsp;<\/p>\n<p><img loading=\"lazy\" decoding=\"async\" class=\"alignnone wp-image-5857\" src=\"https:\/\/www.tavolata.ch\/wp-content\/uploads\/2020\/10\/SGE_logo_500_RGB-300x82.jpg\" alt=\"\" width=\"300\" height=\"82\" srcset=\"https:\/\/www.tavolata.ch\/wp-content\/uploads\/2020\/10\/SGE_logo_500_RGB-300x82.jpg 300w, https:\/\/www.tavolata.ch\/wp-content\/uploads\/2020\/10\/SGE_logo_500_RGB-1024x279.jpg 1024w, https:\/\/www.tavolata.ch\/wp-content\/uploads\/2020\/10\/SGE_logo_500_RGB-768x210.jpg 768w, https:\/\/www.tavolata.ch\/wp-content\/uploads\/2020\/10\/SGE_logo_500_RGB-1536x419.jpg 1536w, https:\/\/www.tavolata.ch\/wp-content\/uploads\/2020\/10\/SGE_logo_500_RGB-2048x559.jpg 2048w\" sizes=\"auto, (max-width: 300px) 100vw, 300px\" \/><\/p>\n<p><strong>Soci\u00e9t\u00e9 Suisse de Nutrition SSN<\/strong><br \/>\n<a href=\"http:\/\/www.sge-ssn.ch\/\" target=\"_blank\" rel=\"noopener noreferrer\">www.sge-ssn.ch\/fr<\/a><\/p>\n<p>&nbsp;<\/p>\n<p><img loading=\"lazy\" decoding=\"async\" class=\"alignnone wp-image-2121\" src=\"https:\/\/www.tavolata.ch\/wp-content\/uploads\/2020\/07\/generations-logo-1-300x60.png\" alt=\"\" width=\"206\" height=\"41\" srcset=\"https:\/\/www.tavolata.ch\/wp-content\/uploads\/2020\/07\/generations-logo-1-300x60.png 300w, https:\/\/www.tavolata.ch\/wp-content\/uploads\/2020\/07\/generations-logo-1.png 400w\" sizes=\"auto, (max-width: 206px) 100vw, 206px\" \/><\/p>\n<p><strong>Soci\u00e9t\u00e9 coop\u00e9rative\u00a0g\u00e9n\u00e9rations<br \/>\n<\/strong>Le magazine g\u00e9n\u00e9rations, leader de la presse 50+, se r\u00e9jouit du partenariat qui le lie aux projet Tavolata. Mieux vivre, mieux s\u2019informer et partager avec les autres: des objectifs communs pour une vie \u00e9panouie et sans frein!<br \/>\n<a href=\"https:\/\/www.generations-plus.ch\/\" target=\"_blank\" rel=\"noopener noreferrer\">www.generations-plus.ch<\/a><\/p>\n","protected":false},"excerpt":{"rendered":"<p>\u00c4lterwerden im Fricktal La plate-forme \u00ab\u00c4lterwerden im Fricktal\u00bb (Vieillir dans le Fricktal) a \u00e9t\u00e9 lanc\u00e9e dans le cadre de la r\u00e9gion de soins du Fricktal. Tavolata est l&rsquo;une des nombreuses offres destin\u00e9es aux personnes ayant besoin d&rsquo;une prise en charge dans la r\u00e9gion. aelterwerden-fricktal.ch &nbsp; \u00abconnect!\u00bb L\u2019association \u00abconnect!\u00bb s&rsquo;engage \u00e0 att\u00e9nuer les cons\u00e9quences n\u00e9gatives individuelles [&hellip;]<\/p>\n","protected":false},"author":2,"featured_media":0,"parent":0,"menu_order":98,"comment_status":"closed","ping_status":"closed","template":"","meta":{"_acf_changed":false,"footnotes":""},"class_list":["post-1358","page","type-page","status-publish","hentry"],"acf":[],"_links":{"self":[{"href":"https:\/\/www.tavolata.ch\/fr\/wp-json\/wp\/v2\/pages\/1358","targetHints":{"allow":["GET"]}}],"collection":[{"href":"https:\/\/www.tavolata.ch\/fr\/wp-json\/wp\/v2\/pages"}],"about":[{"href":"https:\/\/www.tavolata.ch\/fr\/wp-json\/wp\/v2\/types\/page"}],"author":[{"embeddable":true,"href":"https:\/\/www.tavolata.ch\/fr\/wp-json\/wp\/v2\/users\/2"}],"replies":[{"embeddable":true,"href":"https:\/\/www.tavolata.ch\/fr\/wp-json\/wp\/v2\/comments?post=1358"}],"version-history":[{"count":41,"href":"https:\/\/www.tavolata.ch\/fr\/wp-json\/wp\/v2\/pages\/1358\/revisions"}],"predecessor-version":[{"id":15538,"href":"https:\/\/www.tavolata.ch\/fr\/wp-json\/wp\/v2\/pages\/1358\/revisions\/15538"}],"wp:attachment":[{"href":"https:\/\/www.tavolata.ch\/fr\/wp-json\/wp\/v2\/media?parent=1358"}],"curies":[{"name":"wp","href":"https:\/\/api.w.org\/{rel}","templated":true}]}}