{"id":1318,"date":"2020-07-01T00:05:39","date_gmt":"2020-06-30T22:05:39","guid":{"rendered":"https:\/\/www.tavolata.ch\/?page_id=1318"},"modified":"2023-03-30T17:43:57","modified_gmt":"2023-03-30T15:43:57","slug":"lidee","status":"publish","type":"page","link":"https:\/\/www.tavolata.ch\/fr\/lidee\/","title":{"rendered":"L&rsquo;id\u00e9e"},"content":{"rendered":"<h3 class=\"p100\">\u00abLe secret d\u2019une Tavolata? La richesse des uns et des autres!\u00bb<\/h3>\n<div class=\"p100\">\n<p>Cuisiner les uns pour les autres et conna\u00eetre de nouvelles personnes. C\u2019est l\u2019id\u00e9e m\u00eame de Tavolata: se rencontrer entre 4-6 personnes ou plus,\u00a0 une fois par mois ou plus et partager des moments inoubliables.<\/p>\n<h3>Pour qui<\/h3>\n<p>Seul ou en couple, Tavolata permet \u00e0 ceux et celles d\u2019entre vous qui\u00a0aiment cuisiner et recevoir,\u00a0de se lancer dans un nouveau projet de vie en cr\u00e9ant\u00a0<a href=\"https:\/\/www.tavolata.ch\/fr\/creer\">votre Tavolata<\/a>. Pour celles et ceux qui ne sont pas des as du\u00a0fourneau, mais\u00a0qui aiment les\u00a0bons petits plats et une bonne compagnie, il vous est possible de\u00a0<a href=\"https:\/\/www.tavolata.ch\/fr\/trouver\">rejoindre un groupe existant<\/a>.<\/p>\n<h3>C\u2019est quoi<\/h3>\n<p>L\u2019id\u00e9e est venue du Pour-cent culturel Migros:\u00a0rassembler et favoriser les contacts\u00a0entre personnes \u00e0 la retraite. Une seule condition est \u00e0 respecter:\u00a0<a href=\"https:\/\/www.tavolata.ch\/fr\/regles-du-jeu\">suivre les r\u00e8gles de jeu<\/a>. La r\u00e8gle la plus importante est la suivante: \u00abAucun but commercial ni lucratif\u00bb. Les Tavolata sont g\u00e9r\u00e9es de mani\u00e8re autonome et toutes les d\u00e9cisions sont prises dans le groupe. Les repas se d\u00e9roulent la plupart du temps dans un cadre priv\u00e9 ou dans un local,\u00a0 mis \u00e0 disposition de la commune, par exemple. Des <a href=\"https:\/\/www.tavolata.ch\/fr\/rencontres\">rencontres r\u00e9gionales et nationales<\/a> sont organis\u00e9es par l&rsquo;association Tavolata, permettant d\u2019\u00e9changer entre les groupes, de b\u00e9n\u00e9ficier d\u2019un coaching, d\u2019apporter des suggestions et r\u00e9colter vos id\u00e9es.<\/p>\n<h3>Comment proc\u00e9der<\/h3>\n<ol>\n<li>Vous souhaitez cr\u00e9er votre Tavolata? Visitez les pages de <a href=\"https:\/\/www.tavolata.ch\/fr\/creer\">notre site<\/a> et faites-vous une id\u00e9e.<br \/>\nN\u2019oubliez pas: vous ne devez pas ouvrir une Tavolata seul-e\u00a0; parlez-en avec une connaissance, un-e ex-coll\u00e8gue, un-e voisin-e!\u00a0\u00a0Ou alors, consultez les pages du <a href=\"https:\/\/www.tavolata.ch\/fr\/forum\">Forum<\/a>, peut-\u00eatre qu\u2019une personne dans votre r\u00e9gion a le m\u00eame d\u00e9sir que vous? Vous pouvez \u00e9galement <a href=\"https:\/\/www.tavolata.ch\/fr\/forum\/soumettre-une-annonce\">ins\u00e9rer une annonce<\/a> et d\u00e9crire la personne recherch\u00e9e.<\/li>\n<li>Vous souhaitez rejoindre une Tavolata?<br \/>\nLes\u00a0places vacantes\u00a0\u00a0sont visibles dans la rubrique <a href=\"https:\/\/www.tavolata.ch\/fr\/forum\">Forum<\/a>. Consultez ces pages pour rechercher votre tabl\u00e9e Tavolata.<br \/>\nNous sommes \u00e0 votre disposition!<\/li>\n<\/ol>\n<p>A partir du moment o\u00f9 vous souhaitez cr\u00e9er votre Tavolata, vous serez invit\u00e9-e \u00e0 une s\u00e9ance d\u2019informations dans votre r\u00e9gion, durant laquelle tous les renseignements n\u00e9cessaires vous serons transmis. Pour chaque \u00e9tape, la coordinatrice Romande est \u00e0 votre disposition: <a href=\"romandie@tavolata.ch\">romandie@tavolata.ch<\/a><\/p>\n<\/div>\n","protected":false},"excerpt":{"rendered":"<p>\u00abLe secret d\u2019une Tavolata? La richesse des uns et des autres!\u00bb Cuisiner les uns pour les autres et conna\u00eetre de nouvelles personnes. C\u2019est l\u2019id\u00e9e m\u00eame de Tavolata: se rencontrer entre 4-6 personnes ou plus,\u00a0 une fois par mois ou plus et partager des moments inoubliables. Pour qui Seul ou en couple, Tavolata permet \u00e0 ceux [&hellip;]<\/p>\n","protected":false},"author":2,"featured_media":0,"parent":0,"menu_order":59,"comment_status":"closed","ping_status":"closed","template":"","meta":{"_acf_changed":false,"footnotes":""},"class_list":["post-1318","page","type-page","status-publish","hentry"],"acf":[],"_links":{"self":[{"href":"https:\/\/www.tavolata.ch\/fr\/wp-json\/wp\/v2\/pages\/1318","targetHints":{"allow":["GET"]}}],"collection":[{"href":"https:\/\/www.tavolata.ch\/fr\/wp-json\/wp\/v2\/pages"}],"about":[{"href":"https:\/\/www.tavolata.ch\/fr\/wp-json\/wp\/v2\/types\/page"}],"author":[{"embeddable":true,"href":"https:\/\/www.tavolata.ch\/fr\/wp-json\/wp\/v2\/users\/2"}],"replies":[{"embeddable":true,"href":"https:\/\/www.tavolata.ch\/fr\/wp-json\/wp\/v2\/comments?post=1318"}],"version-history":[{"count":18,"href":"https:\/\/www.tavolata.ch\/fr\/wp-json\/wp\/v2\/pages\/1318\/revisions"}],"predecessor-version":[{"id":11651,"href":"https:\/\/www.tavolata.ch\/fr\/wp-json\/wp\/v2\/pages\/1318\/revisions\/11651"}],"wp:attachment":[{"href":"https:\/\/www.tavolata.ch\/fr\/wp-json\/wp\/v2\/media?parent=1318"}],"curies":[{"name":"wp","href":"https:\/\/api.w.org\/{rel}","templated":true}]}}