{"id":1315,"date":"2020-07-01T00:05:11","date_gmt":"2020-06-30T22:05:11","guid":{"rendered":"https:\/\/www.tavolata.ch\/?page_id=1315"},"modified":"2025-07-02T18:15:14","modified_gmt":"2025-07-02T16:15:14","slug":"creer","status":"publish","type":"page","link":"https:\/\/www.tavolata.ch\/fr\/creer\/","title":{"rendered":"Cr\u00e9er"},"content":{"rendered":"<p>D\u00e9sirez-vous cr\u00e9er une Tavolata ou en inscrire une d\u00e9ja existante dans le r\u00e9seau Tavolata? Ce qui suit s&rsquo;adresse\u00a0 \u00e0 vous. En cr\u00e9ant votre Tavolata, nous vous apportons notre soutien:<\/p>\n<ol>\n<li>en vous\u00a0invitant\u00a0\u00e0 une\u00a0<a href=\"https:\/\/www.tavolata.ch\/fr\/rencontres\/\" rel=\"noopener noreferrer\">s\u00e9ance d&rsquo;information<\/a> qui vous apportera les cl\u00e9s pour votre table d&rsquo;h\u00f4te;<\/li>\n<li>en mettant \u00e0 disposition\u00a0une <a href=\"https:\/\/www.tavolata.ch\/fr\/forum\/\" rel=\"noopener noreferrer\">plate-forme de discussion;<\/a><\/li>\n<li>en organisant\u00a0des\u00a0<a href=\"https:\/\/www.tavolata.ch\/rencontres?lang=fr\">s\u00e9minaires\u00a0\u00e0 th\u00e8mes<\/a> toujours tr\u00e8s appr\u00e9ci\u00e9s;<\/li>\n<li>en recevant 3 \u00e0 4 fois par ann\u00e9e des informations concernant Tavolata;<\/li>\n<li>en mettant \u00e0 disposition\u00a0une personne de <a href=\"https:\/\/www.tavolata.ch\/fr\/contact\/\" target=\"_blank\" rel=\"noopener noreferrer\">contact<\/a>.<\/li>\n<\/ol>\n<p>Vous souhaitez en savoir plus? Consultez les documents propos\u00e9s ci-dessous:<\/p>\n<ul>\n<li><a href=\"https:\/\/www.tavolata.ch\/fr\/publications\/\">Flyer et \u00abBon App\u00e9tit!\u00bb<\/a><\/li>\n<li><a href=\"https:\/\/www.tavolata.ch\/fr\/regles-du-jeu\/\" target=\"_blank\" rel=\"noopener noreferrer\">Les r\u00e8gles de jeu<\/a><\/li>\n<\/ul>\n<p><a href=\"https:\/\/www.tavolata.ch\/fr\/contact\/\" rel=\"noopener noreferrer\">Faites-nous savoir<\/a> si nous pouvons vous envoyer des flyers.<\/p>\n        <div class=\"o-aid-tavolata\">\n\t\t\t\n            <div class=\"o-tavolata-form\">\n                <div class=\"o-form js-o-form\">\n                    <form\n                            id=\"tavolata-form\"\n                            class=\"o-form__form js-o-form__form\"\n                            action=\"https:\/\/www.tavolata.ch\/wp-admin\/admin-post.php\"\n                            method=\"POST\" enctype=\"multipart\/form-data\" novalidate data-parsley-focus=\"none\">\n                        <input type=\"hidden\" name=\"action\" value=\"aid_tavolata_submit\">\n\t\t\t\t\t\t<h3 class=\"pb-5\">Je suis une personne de contact et j\u2019enregistre ma Tavolata<\/h3>                        <div class=\"o-tavolata-form__first-row row\">\n\t\t\t\t\t\t\t                            <div class=\"col col-12 col-md-6 col-lg-4\">\n                                <div class=\"m-form-element js-m-form-element\">\n                                    <div class=\"a-select js-a-select\">\n                                        <label class=\"a-select__label\" for=\"aid-tavolata-region\">\n\t\t\t\t\t\t\t\t\t\t\tCanton *\n\t\t\t\t\t\t\t\t\t\t\t[]                                        <\/label>\n                                        <select class=\"a-select__select js-a-select__select\" name=\"tavolata-region\" id=\"aid-tavolata-region\" required data-parsley-trigger=\"change\"\n                                                data-parsley-trigger-after-failure=\"change\">\n                                            <option selected disabled>Canton<\/option>\n\t\t\t\t\t\t\t\t\t\t\t<option value=\"ag-fr\">AG<\/option><option value=\"ai-ar-fr\">AI\/AR<\/option><option value=\"be-fr\">BE<\/option><option value=\"bl-bs-fr\">BL\/BS<\/option><option value=\"fr-fr\">FR<\/option><option value=\"ge-fr\">GE<\/option><option value=\"gl-fr\">GL<\/option><option value=\"gr-fr\">GR<\/option><option value=\"ju-fr\">JU<\/option><option value=\"lu-fr\">LU<\/option><option value=\"ne-fr\">NE<\/option><option value=\"nw-ow-fr\">NW\/OW<\/option><option value=\"sg-fr\">SG<\/option><option value=\"sh-fr\">SH<\/option><option value=\"so-fr\">SO<\/option><option value=\"sz-fr\">SZ<\/option><option value=\"tg-fr\">TG<\/option><option value=\"ti-fr\">TI<\/option><option value=\"ur-fr\">UR<\/option><option value=\"vd-fr\">VD<\/option><option value=\"vs-fr\">VS<\/option><option value=\"zg-fr\">ZG<\/option><option value=\"zh-fr\">ZH<\/option>                                        <\/select>\n                                    <\/div>\n                                <\/div>\n                            <\/div>\n\n                        <\/div>\n                        <div class=\"row\">\n                            <div class=\"col col-12 col-md-6 col-lg-5\">\n\n\t\t\t\t\t\t\t\t                                <div class=\"m-form-element js-m-form-element\">\n                                    <div class=\"a-text-input\">\n                                        <label class=\"a-text-input__label\" for=\"aid-tavolata-institution\">\n\t\t\t\t\t\t\t\t\t\t\tTavolata                                        <\/label>\n                                        <input class=\"a-text-input__input\" id=\"aid-tavolata-institution\" type=\"text\" name=\"institution\" value=\"\"\/>\n                                    <\/div>\n                                <\/div>\n                                <div class=\"m-form-element js-m-form-element\">\n                                    <div class=\"a-text-input\">\n                                        <label class=\"a-text-input__label\" for=\"aid-tavolata-firstname\">\n\t\t\t\t\t\t\t\t\t\t\tPr\u00e9nom                                        <\/label>\n                                        <input class=\"a-text-input__input\" id=\"aid-tavolata-firstname\" type=\"text\" name=\"firstname\" value=\"\"\/>\n                                    <\/div>\n                                <\/div>\n                                <div class=\"m-form-element js-m-form-element\">\n                                    <div class=\"a-text-input\">\n                                        <label class=\"a-text-input__label\" for=\"aid-tavolata-lastname\">\n\t\t\t\t\t\t\t\t\t\t\tNom                                        <\/label>\n                                        <input class=\"a-text-input__input\" id=\"aid-tavolata-lastname\" type=\"text\" name=\"lastname\" value=\"\"\/>\n                                    <\/div>\n                                <\/div>\n\n                                <div class=\"m-form-element js-m-form-element\">\n                                    <div class=\"a-text-input\">\n                                        <label class=\"a-text-input__label\" for=\"aid-tavolata-street\">\n\t\t\t\t\t\t\t\t\t\t\tRue                                        <\/label>\n                                        <input class=\"a-text-input__input\" id=\"aid-tavolata-street\" type=\"text\" name=\"street\" value=\"\"\/>\n                                    <\/div>\n                                <\/div>\n                                <div class=\"m-form-element js-m-form-element\">\n                                    <div class=\"a-text-input\">\n                                        <label class=\"a-text-input__label\" for=\"aid-tavolata-plz\">\n\t\t\t\t\t\t\t\t\t\t\tCode postal                                        <\/label>\n                                        <input class=\"a-text-input__input\" id=\"aid-tavolata-plz\" type=\"number\" min=\"1000\" max=\"9999\" name=\"plz\" value=\"\"\/>\n                                    <\/div>\n                                <\/div>\n                                <div class=\"m-form-element js-m-form-element\">\n                                    <div class=\"a-text-input\">\n                                        <label class=\"a-text-input__label\" for=\"aid-tavolata-ort\">\n\t\t\t\t\t\t\t\t\t\t\tLocalit\u00e9                                        <\/label>\n                                        <input class=\"a-text-input__input\" id=\"aid-tavolata-ort\" type=\"text\" name=\"ort\" value=\"\"\/>\n                                    <\/div>\n                                <\/div>\n                                <div class=\"m-form-element js-m-form-element\">\n                                    <div class=\"a-text-input\">\n                                        <label class=\"a-text-input__label\" for=\"aid-tavolata-email\">\n\t\t\t\t\t\t\t\t\t\t\tE-Mail *\n                                        <\/label>\n                                        <input class=\"a-text-input__input\" id=\"aid-tavolata-email\" type=\"email\" name=\"email\" value=\"\" required\/>\n                                    <\/div>\n                                <\/div>\n                                <div class=\"m-form-element js-m-form-element\">\n                                    <div class=\"a-text-input\">\n                                        <label class=\"a-text-input__label\" for=\"aid-tavolata-tel\">\n\t\t\t\t\t\t\t\t\t\t\tT\u00e9l\u00e9phone *\n                                        <\/label>\n                                        <input class=\"a-text-input__input\" id=\"aid-tavolata-tel\" type=\"text\" name=\"tel\" value=\"\" required\/>\n                                    <\/div>\n                                <\/div>\n                                <div class=\"m-form-element js-m-form-element\">\n                                    <div class=\"a-text-input\">\n                                        <label class=\"a-text-input__label\" for=\"aid-tavolata-mobile\">\n\t\t\t\t\t\t\t\t\t\t\tNum\u00e9ro de t\u00e9l\u00e9phone mobile                                        <\/label>\n                                        <input class=\"a-text-input__input\" id=\"aid-tavolata-mobile\" type=\"text\" name=\"mobile\" value=\"\"\/>\n                                    <\/div>\n                                <\/div>\n                                <div class=\"m-form-element js-m-form-element\">\n                                    <div class=\"a-file-upload js-a-file-upload-tavolata\">\n                                        <label class=\"a-file-upload__label\" for=\"aid-projects-images\">\n\t\t\t\t\t\t\t\t\t\t\tPhotos                                        <\/label>\n                                        <div class=\"a-file-upload__button-wrapper\">\n                                            <input class=\"a-file-upload__input js-a-file-upload__input\" id=\"aid-projects-images\" type=\"file\" name=\"bild[]\" multiple=\"multiple\"\n                                                   accept=\"image\/*\"\/>\n                                            <label class=\"a-file-upload__button\" for=\"aid-projects-images\">\n\t\t\t\t\t\t\t\t\t\t\t\tS\u00e9lectionner des photos                                            <\/label>\n                                        <\/div>\n                                        <div class=\"a-file-upload__file-wrapper\">\n                                            <span class=\"a-file-upload__selected-file-name js-a-file-upload__selected-file-name\"><\/span>\n                                            <div>\n                                                <button class=\"a-file-upload__remove-file js-a-file-upload__remove-file\" type=\"button\">\n\t\t\t\t\t\t\t\t\t\t\t\t\tBilder l\u00f6schen                                                <\/button>\n                                            <\/div>\n                                        <\/div>\n                                    <\/div>\n                                <\/div>\n                                <div class=\"m-form-element js-m-form-element\">\n\t\t\t\t\t\t\t\t\t\n                                    <script src=\"https:\/\/www.google.com\/recaptcha\/api.js\"><\/script>\n                                    <script>\n                                        function onSubmit(token) {\n\n                                            \/\/ send event to document \"tavolata-validate\"\n                                            document.dispatchEvent(new Event('tavolata-validate-and-submit'));\n                                        }\n                                    <\/script>\n                                <\/div>\n\t\t\t\t\t\t\t\t                            <\/div>\n                            <div class=\"col col-12 col-md-6 col-lg-5 offset-lg-2\">\n                                <h3>D\u00e9tails<\/h3>\n                                <div class=\"m-form-element js-m-form-element\">\n                                    <div class=\"a-text-input\">\n                                        <label class=\"a-text-input__label\" for=\"aid-tavolata-title\">\n\t\t\t\t\t\t\t\t\t\t\tNom de la Tavolata *\n                                        <\/label>\n                                        <input class=\"a-text-input__input\" id=\"aid-tavolata-title\" type=\"text\" name=\"title\" value=\"\" required\/>\n                                    <\/div>\n                                <\/div>\n                                <div class=\"m-form-element js-m-form-element\">\n                                    <fieldset class=\"m-checkbox-group\">\n                                        <div class=\"m-checkbox-group__items\">\n                                            <div class=\"a-checkbox\">\n                                                <input class=\"a-checkbox__input\" id=\"aid-tavolata-checkbox-1\" type=\"checkbox\" name=\"accept_agb\"  required\/>\n                                                <label class=\"a-checkbox__label\" for=\"aid-tavolata-checkbox-1\">\n\t\t\t\t\t\t\t\t\t\t\t\t\tJ'ai pris connaissance des r\u00e8gles de jeu de Tavolata et je les approuve.                                                <\/label>\n                                            <\/div>\n\n                                            <div class=\"a-checkbox\">\n                                                <input class=\"a-checkbox__input\" id=\"aid-tavolata-checkbox-2\" type=\"checkbox\"\n                                                       name=\"accept_kontaktperson\"  \/>\n                                                <label class=\"a-checkbox__label\" for=\"aid-tavolata-checkbox-2\">\n\t\t\t\t\t\t\t\t\t\t\t\t\tAvec l'enregistrement, je deviens la personne de contact pour le r\u00e9seau Tavolata.                                                <\/label>\n                                            <\/div>\n                                            <div class=\"a-checkbox\">\n                                                <input class=\"a-checkbox__input\" id=\"aid-tavolata-checkbox-3\" type=\"checkbox\"\n                                                       name=\"accept_publish_name\"  \/>\n                                                <label class=\"a-checkbox__label\" for=\"aid-tavolata-checkbox-3\">\n\t\t\t\t\t\t\t\t\t\t\t\t\tMon nom et mon adresse seront visibles sur le site web de Tavolata.                                                <\/label>\n                                            <\/div>\n                                            <div class=\"a-checkbox\">\n                                                <input class=\"a-checkbox__input\" id=\"aid-tavolata-checkbox-4\" type=\"checkbox\" name=\"show_contact_form\" checked \/>\n                                                <label class=\"a-checkbox__label\" for=\"aid-tavolata-checkbox-4\">\n\t\t\t\t\t\t\t\t\t\t\t\t\tUn formulaire de contact anonyme doit \u00eatre affich\u00e9.                                                <\/label>\n                                            <\/div>\n                                        <\/div>\n                                    <\/fieldset>\n                                <\/div>\n\n\t\t\t\t\t\t\t\t                                <div class=\"m-form-element js-m-form-element\">\n                                    <div class=\"a-text-area js-a-text-area\">\n                                        <label class=\"a-text-area__label\" for=\"aid-tavolata-termine\">\n\t\t\t\t\t\t\t\t\t\t\tDates & inscription                                        <\/label>\n                                        <textarea class=\"a-text-area__input js-a-text-area__input\" id=\"aid-tavolata-termine\" name=\"termine\"><\/textarea>\n                                    <\/div>\n                                <\/div>\n\n                                <div class=\"m-form-element js-m-form-element\">\n                                    <div class=\"a-text-area js-a-text-area\">\n                                        <label class=\"a-text-area__label\" for=\"aid-tavolata-bemerkungen\">\n\t\t\t\t\t\t\t\t\t\t\tDescription                                        <\/label>\n                                        <textarea class=\"a-text-area__input js-a-text-area__input\" id=\"aid-tavolata-bemerkungen\" name=\"bemerkungen\"><\/textarea>\n                                    <\/div>\n                                <\/div>\n\n                                <div class=\"m-form-element js-m-form-element\">\n                                    <div class=\"a-text-area js-a-text-area\">\n                                        <label class=\"a-text-area__label\" for=\"aid-tavolata-bemerkungen-intern\">\n\t\t\t\t\t\t\t\t\t\t\tRemarques (ne seront pas publi\u00e9es)                                        <\/label>\n                                        <textarea class=\"a-text-area__input js-a-text-area__input\" id=\"aid-tavolata-bemerkungen-intern\"\n                                                  name=\"bemerkungen_intern\"><\/textarea>\n                                    <\/div>\n                                <\/div>\n\n                                <div class=\"m-form-element js-m-form-element\">\n                                    <button\n                                            id=\"save-form\"\n                                            type=\"submit\"\n                                            class=\"g-recaptcha a-button\"\n                                            data-sitekey=\"6Le7KzoeAAAAAOigTQo7bc-mSynE34_D2IxrU6ho\"\n                                            data-callback='onSubmit'\n                                            data-action='submit'>\n\t\t\t\t\t\t\t\t\t\tEnvoyer                                    <\/button>\n                                <\/div>\n                            <\/div>\n                        <\/div>\n                    <\/form>\n                <\/div>\n            <\/div>\n        <\/div>\n\n        <!-- mitglieder-form -->\n        <form id=\"mitglieder-popup\" class=\"white-popup-block mfp-hide\" method=\"post\" action=\"https:\/\/www.tavolata.ch\/wp-admin\/admin-ajax.php\">\n            <input type=\"hidden\" name=\"token\" value=\"\">\n            <input type=\"hidden\" name=\"action\" value=\"aid_add_mitglied\">\n            <div class=\"popup-form\">\n                <div class=\"row\">\n                    <div class=\"col-12\">\n                        <h3>Ajouter un nouveau membre<\/h3>\n                    <\/div>\n                    <div class=\"col-12 col-md-6\">\n                        <div class=\"m-form-element js-m-form-element\">\n                            <div class=\"a-text-input\">\n                                <label class=\"a-text-input__label\" for=\"aid-tavolata-mitglied-vorname\">\n\t\t\t\t\t\t\t\t\tPr\u00e9nom *\n                                <\/label>\n                                <input class=\"a-text-input__input\" id=\"aid-tavolata-mitglied-vorname\" type=\"text\" name=\"mitglied-vorname\" required\/>\n                            <\/div>\n                        <\/div>\n                    <\/div>\n                    <div class=\"col-12 col-md-6\">\n                        <div class=\"m-form-element js-m-form-element\">\n                            <div class=\"a-text-input\">\n                                <label class=\"a-text-input__label\" for=\"aid-tavolata-mitglied-name\">\n\t\t\t\t\t\t\t\t\tNom *\n                                <\/label>\n                                <input class=\"a-text-input__input\" id=\"aid-tavolata-mitglied-name\" type=\"text\" name=\"mitglied-name\" required\/>\n                            <\/div>\n                        <\/div>\n                    <\/div>\n                    <div class=\"col-12\">\n                        <div class=\"m-form-element js-m-form-element\">\n                            <div class=\"a-text-input\">\n                                <label class=\"a-text-input__label\" for=\"aid-tavolata-mitglied-strasse\">\n\t\t\t\t\t\t\t\t\tRue                                <\/label>\n                                <input class=\"a-text-input__input\" id=\"aid-tavolata-mitglied-strasse\" type=\"text\" name=\"mitglied-strasse\"\/>\n                            <\/div>\n                        <\/div>\n                    <\/div>\n                    <div class=\"col-6\">\n                        <div class=\"m-form-element js-m-form-element\">\n                            <div class=\"a-text-input\">\n                                <label class=\"a-text-input__label\" for=\"aid-tavolata-mitglied-plz\">\n\t\t\t\t\t\t\t\t\tCode postal                                <\/label>\n                                <input class=\"a-text-input__input\" id=\"aid-tavolata-mitglied-plz\" type=\"number\" name=\"mitglied-plz\"\/>\n                            <\/div>\n                        <\/div>\n                    <\/div>\n                    <div class=\"col-6\">\n                        <div class=\"m-form-element js-m-form-element\">\n                            <div class=\"a-text-input\">\n                                <label class=\"a-text-input__label\" for=\"aid-tavolata-mitglied-ort\">\n\t\t\t\t\t\t\t\t\tLocalit\u00e9                                <\/label>\n                                <input class=\"a-text-input__input\" id=\"aid-tavolata-mitglied-ort\" type=\"text\" name=\"mitglied-ort\"\/>\n                            <\/div>\n                        <\/div>\n                    <\/div>\n                    <div class=\"col-12 col-md-6\">\n                        <div class=\"m-form-element js-m-form-element\">\n                            <div class=\"a-text-input\">\n                                <label class=\"a-text-input__label\" for=\"aid-tavolata-mitglied-email\">\n\t\t\t\t\t\t\t\t\tE-Mail                                <\/label>\n                                <input class=\"a-text-input__input\" id=\"aid-tavolata-mitglied-email\" type=\"email\" name=\"mitglied-email\"\/>\n                            <\/div>\n                        <\/div>\n                    <\/div>\n                    <div class=\"col-12 col-md-6\">\n                        <div class=\"m-form-element js-m-form-element\">\n                            <div class=\"a-text-input\">\n                                <label class=\"a-text-input__label\" for=\"aid-tavolata-mitglied-telefon\">\n\t\t\t\t\t\t\t\t\tT\u00e9l\u00e9phone                                <\/label>\n                                <input class=\"a-text-input__input\" id=\"aid-tavolata-mitglied-telefon\" type=\"text\" name=\"mitglied-telefon\"\/>\n                            <\/div>\n                        <\/div>\n                    <\/div>\n                <\/div>\n                <div class=\"row\">\n                    <div class=\"col-12\"><p class=\"mitglieder-response a-form-error__item\"><\/p><\/div>\n                    <div class=\"col-6\">\n                        <div class=\"m-form-element js-m-form-element\">\n                            <button class=\"js-add-mitglied-action a-button\">\n                                <span class=\"button-text\">Ajouter<\/span>\n                                <div class=\"spinner-border d-none button-loader\" role=\"status\">\n                                    <span class=\"sr-only\">Loading...<\/span>\n                                <\/div>\n                            <\/button>\n                        <\/div>\n                    <\/div>\n                    <div class=\"col-6\">\n                        <div class=\"m-form-element js-m-form-element\">\n                            <button class=\"a-button\" type=\"button\" onclick=\"$.magnificPopup.close();\">Annuler<\/button>\n                        <\/div>\n                    <\/div>\n                <\/div>\n            <\/div>\n        <\/form>\n\n\t\t\n<p>&nbsp;<\/p>\n","protected":false},"excerpt":{"rendered":"<p>D\u00e9sirez-vous cr\u00e9er une Tavolata ou en inscrire une d\u00e9ja existante dans le r\u00e9seau Tavolata? Ce qui suit s&rsquo;adresse\u00a0 \u00e0 vous. En cr\u00e9ant votre Tavolata, nous vous apportons notre soutien: en vous\u00a0invitant\u00a0\u00e0 une\u00a0s\u00e9ance d&rsquo;information qui vous apportera les cl\u00e9s pour votre table d&rsquo;h\u00f4te; en mettant \u00e0 disposition\u00a0une plate-forme de discussion; en organisant\u00a0des\u00a0s\u00e9minaires\u00a0\u00e0 th\u00e8mes toujours tr\u00e8s appr\u00e9ci\u00e9s; [&hellip;]<\/p>\n","protected":false},"author":2,"featured_media":0,"parent":0,"menu_order":54,"comment_status":"closed","ping_status":"closed","template":"","meta":{"_acf_changed":false,"footnotes":""},"class_list":["post-1315","page","type-page","status-publish","hentry"],"acf":[],"_links":{"self":[{"href":"https:\/\/www.tavolata.ch\/fr\/wp-json\/wp\/v2\/pages\/1315","targetHints":{"allow":["GET"]}}],"collection":[{"href":"https:\/\/www.tavolata.ch\/fr\/wp-json\/wp\/v2\/pages"}],"about":[{"href":"https:\/\/www.tavolata.ch\/fr\/wp-json\/wp\/v2\/types\/page"}],"author":[{"embeddable":true,"href":"https:\/\/www.tavolata.ch\/fr\/wp-json\/wp\/v2\/users\/2"}],"replies":[{"embeddable":true,"href":"https:\/\/www.tavolata.ch\/fr\/wp-json\/wp\/v2\/comments?post=1315"}],"version-history":[{"count":23,"href":"https:\/\/www.tavolata.ch\/fr\/wp-json\/wp\/v2\/pages\/1315\/revisions"}],"predecessor-version":[{"id":16060,"href":"https:\/\/www.tavolata.ch\/fr\/wp-json\/wp\/v2\/pages\/1315\/revisions\/16060"}],"wp:attachment":[{"href":"https:\/\/www.tavolata.ch\/fr\/wp-json\/wp\/v2\/media?parent=1315"}],"curies":[{"name":"wp","href":"https:\/\/api.w.org\/{rel}","templated":true}]}}