{"id":1312,"date":"2020-07-01T00:04:45","date_gmt":"2020-06-30T22:04:45","guid":{"rendered":"https:\/\/www.tavolata.ch\/?page_id=1312"},"modified":"2020-07-30T20:36:23","modified_gmt":"2020-07-30T18:36:23","slug":"sante-et-echange","status":"publish","type":"page","link":"https:\/\/www.tavolata.ch\/fr\/sante-et-echange\/","title":{"rendered":"\u00c9change"},"content":{"rendered":"<p>Un \u00e9change anim\u00e9 est important pour nous. Nous offrons \u00e0 nos membres des outils de travail et des possibilit\u00e9s d&rsquo;\u00e9change d&rsquo;exp\u00e9riences.<\/p>\n<h3>Rencontre annuelle de Tavolata<\/h3>\n<p>Les conf\u00e9rences donnent de nouvelles impulsions. Les participants peuvent m\u00eame essayer une activit\u00e9 nouvelle lors des ateliers propos\u00e9s. <a href=\"https:\/\/www.tavolata.ch\/fr\/rencontres\/archive\">Dates et rencontres annuelles pr\u00e9c\u00e9dentes<\/a>.<\/p>\n<h3>Intervision<\/h3>\n<p>Sur demande, nous organisons l&rsquo;intervision pour plusieurs RegTaV, en un seul lieu ou virtuellement. <a href=\"https:\/\/www.tavolata.ch\/fr\/contact\" rel=\"noopener noreferrer\">\u00c9crivez-nous!<\/a><\/p>\n","protected":false},"excerpt":{"rendered":"<p>Un \u00e9change anim\u00e9 est important pour nous. Nous offrons \u00e0 nos membres des outils de travail et des possibilit\u00e9s d&rsquo;\u00e9change d&rsquo;exp\u00e9riences. Rencontre annuelle de Tavolata Les conf\u00e9rences donnent de nouvelles impulsions. Les participants peuvent m\u00eame essayer une activit\u00e9 nouvelle lors des ateliers propos\u00e9s. Dates et rencontres annuelles pr\u00e9c\u00e9dentes. Intervision Sur demande, nous organisons l&rsquo;intervision pour [&hellip;]<\/p>\n","protected":false},"author":2,"featured_media":0,"parent":0,"menu_order":33,"comment_status":"closed","ping_status":"closed","template":"","meta":{"_acf_changed":false,"footnotes":""},"class_list":["post-1312","page","type-page","status-publish","hentry"],"acf":[],"_links":{"self":[{"href":"https:\/\/www.tavolata.ch\/fr\/wp-json\/wp\/v2\/pages\/1312","targetHints":{"allow":["GET"]}}],"collection":[{"href":"https:\/\/www.tavolata.ch\/fr\/wp-json\/wp\/v2\/pages"}],"about":[{"href":"https:\/\/www.tavolata.ch\/fr\/wp-json\/wp\/v2\/types\/page"}],"author":[{"embeddable":true,"href":"https:\/\/www.tavolata.ch\/fr\/wp-json\/wp\/v2\/users\/2"}],"replies":[{"embeddable":true,"href":"https:\/\/www.tavolata.ch\/fr\/wp-json\/wp\/v2\/comments?post=1312"}],"version-history":[{"count":13,"href":"https:\/\/www.tavolata.ch\/fr\/wp-json\/wp\/v2\/pages\/1312\/revisions"}],"predecessor-version":[{"id":3839,"href":"https:\/\/www.tavolata.ch\/fr\/wp-json\/wp\/v2\/pages\/1312\/revisions\/3839"}],"wp:attachment":[{"href":"https:\/\/www.tavolata.ch\/fr\/wp-json\/wp\/v2\/media?parent=1312"}],"curies":[{"name":"wp","href":"https:\/\/api.w.org\/{rel}","templated":true}]}}