{"id":11856,"date":"2023-04-25T01:36:11","date_gmt":"2023-04-24T23:36:11","guid":{"rendered":"https:\/\/www.tavolata.ch\/tavolata-jahrestagung-2023\/"},"modified":"2023-07-06T15:14:14","modified_gmt":"2023-07-06T13:14:14","slug":"tavolata-jahrestagung-2023","status":"publish","type":"page","link":"https:\/\/www.tavolata.ch\/fr\/tavolata-jahrestagung-2023\/","title":{"rendered":"Rencontre annuelle 2023"},"content":{"rendered":"<h3>La r\u00e9union annuelle de Tavolata s&rsquo;est tenue le 27 juin 2023 dans l&rsquo;ancienne caserne de Winterthur, avec environ 140 participants. La rencontre \u00e9tait plac\u00e9e sous le signe du mouvement, de l&rsquo;agilit\u00e9 et de la sant\u00e9. Revenons sur les plus beaux moments:<\/h3>\n<div id='gallery-1' class='gallery galleryid-11856 gallery-columns-1 gallery-size-large'><figure class='gallery-item'>\n\t\t\t<div class='gallery-icon landscape'>\n\t\t\t\t<a href='https:\/\/www.tavolata.ch\/wp-content\/uploads\/2023\/06\/IMG_7995.jpg'><img loading=\"lazy\" decoding=\"async\" width=\"1024\" height=\"685\" src=\"https:\/\/www.tavolata.ch\/wp-content\/uploads\/2023\/06\/IMG_7995-1024x685.jpg\" class=\"attachment-large size-large\" alt=\"\" srcset=\"https:\/\/www.tavolata.ch\/wp-content\/uploads\/2023\/06\/IMG_7995-1024x685.jpg 1024w, https:\/\/www.tavolata.ch\/wp-content\/uploads\/2023\/06\/IMG_7995-300x201.jpg 300w, https:\/\/www.tavolata.ch\/wp-content\/uploads\/2023\/06\/IMG_7995-768x514.jpg 768w, https:\/\/www.tavolata.ch\/wp-content\/uploads\/2023\/06\/IMG_7995.jpg 1200w\" sizes=\"auto, (max-width: 1024px) 100vw, 1024px\" \/><\/a>\n\t\t\t<\/div><\/figure><figure class='gallery-item'>\n\t\t\t<div class='gallery-icon landscape'>\n\t\t\t\t<a href='https:\/\/www.tavolata.ch\/wp-content\/uploads\/2023\/06\/IMG_7958-scaled.jpg'><img loading=\"lazy\" decoding=\"async\" width=\"1024\" height=\"775\" src=\"https:\/\/www.tavolata.ch\/wp-content\/uploads\/2023\/06\/IMG_7958-1024x775.jpg\" class=\"attachment-large size-large\" alt=\"\" srcset=\"https:\/\/www.tavolata.ch\/wp-content\/uploads\/2023\/06\/IMG_7958-1024x775.jpg 1024w, https:\/\/www.tavolata.ch\/wp-content\/uploads\/2023\/06\/IMG_7958-300x227.jpg 300w, https:\/\/www.tavolata.ch\/wp-content\/uploads\/2023\/06\/IMG_7958-768x581.jpg 768w, https:\/\/www.tavolata.ch\/wp-content\/uploads\/2023\/06\/IMG_7958-1536x1163.jpg 1536w, https:\/\/www.tavolata.ch\/wp-content\/uploads\/2023\/06\/IMG_7958-2048x1550.jpg 2048w\" sizes=\"auto, (max-width: 1024px) 100vw, 1024px\" \/><\/a>\n\t\t\t<\/div><\/figure><figure class='gallery-item'>\n\t\t\t<div class='gallery-icon landscape'>\n\t\t\t\t<a href='https:\/\/www.tavolata.ch\/wp-content\/uploads\/2023\/06\/IMG_4354-Kopie-scaled.jpg'><img loading=\"lazy\" decoding=\"async\" width=\"1024\" height=\"678\" src=\"https:\/\/www.tavolata.ch\/wp-content\/uploads\/2023\/06\/IMG_4354-Kopie-1024x678.jpg\" class=\"attachment-large size-large\" alt=\"\" srcset=\"https:\/\/www.tavolata.ch\/wp-content\/uploads\/2023\/06\/IMG_4354-Kopie-1024x678.jpg 1024w, https:\/\/www.tavolata.ch\/wp-content\/uploads\/2023\/06\/IMG_4354-Kopie-300x199.jpg 300w, https:\/\/www.tavolata.ch\/wp-content\/uploads\/2023\/06\/IMG_4354-Kopie-768x509.jpg 768w, https:\/\/www.tavolata.ch\/wp-content\/uploads\/2023\/06\/IMG_4354-Kopie-1536x1018.jpg 1536w, https:\/\/www.tavolata.ch\/wp-content\/uploads\/2023\/06\/IMG_4354-Kopie-2048x1357.jpg 2048w\" sizes=\"auto, (max-width: 1024px) 100vw, 1024px\" \/><\/a>\n\t\t\t<\/div><\/figure><figure class='gallery-item'>\n\t\t\t<div class='gallery-icon landscape'>\n\t\t\t\t<a href='https:\/\/www.tavolata.ch\/wp-content\/uploads\/2023\/06\/IMG_4323-Kopie-scaled.jpg'><img loading=\"lazy\" decoding=\"async\" width=\"1024\" height=\"768\" src=\"https:\/\/www.tavolata.ch\/wp-content\/uploads\/2023\/06\/IMG_4323-Kopie-1024x768.jpg\" class=\"attachment-large size-large\" alt=\"\" srcset=\"https:\/\/www.tavolata.ch\/wp-content\/uploads\/2023\/06\/IMG_4323-Kopie-1024x768.jpg 1024w, https:\/\/www.tavolata.ch\/wp-content\/uploads\/2023\/06\/IMG_4323-Kopie-300x225.jpg 300w, https:\/\/www.tavolata.ch\/wp-content\/uploads\/2023\/06\/IMG_4323-Kopie-768x576.jpg 768w, https:\/\/www.tavolata.ch\/wp-content\/uploads\/2023\/06\/IMG_4323-Kopie-1536x1152.jpg 1536w, https:\/\/www.tavolata.ch\/wp-content\/uploads\/2023\/06\/IMG_4323-Kopie-2048x1536.jpg 2048w\" sizes=\"auto, (max-width: 1024px) 100vw, 1024px\" \/><\/a>\n\t\t\t<\/div><\/figure><figure class='gallery-item'>\n\t\t\t<div class='gallery-icon landscape'>\n\t\t\t\t<a href='https:\/\/www.tavolata.ch\/wp-content\/uploads\/2023\/06\/IMG_8082.jpg'><img loading=\"lazy\" decoding=\"async\" width=\"1024\" height=\"556\" src=\"https:\/\/www.tavolata.ch\/wp-content\/uploads\/2023\/06\/IMG_8082-1024x556.jpg\" class=\"attachment-large size-large\" alt=\"\" srcset=\"https:\/\/www.tavolata.ch\/wp-content\/uploads\/2023\/06\/IMG_8082-1024x556.jpg 1024w, https:\/\/www.tavolata.ch\/wp-content\/uploads\/2023\/06\/IMG_8082-300x163.jpg 300w, https:\/\/www.tavolata.ch\/wp-content\/uploads\/2023\/06\/IMG_8082-768x417.jpg 768w, https:\/\/www.tavolata.ch\/wp-content\/uploads\/2023\/06\/IMG_8082.jpg 1200w\" sizes=\"auto, (max-width: 1024px) 100vw, 1024px\" \/><\/a>\n\t\t\t<\/div><\/figure><figure class='gallery-item'>\n\t\t\t<div class='gallery-icon landscape'>\n\t\t\t\t<a href='https:\/\/www.tavolata.ch\/wp-content\/uploads\/2023\/06\/IMG_4330-Kopie-scaled.jpg'><img loading=\"lazy\" decoding=\"async\" width=\"1024\" height=\"872\" src=\"https:\/\/www.tavolata.ch\/wp-content\/uploads\/2023\/06\/IMG_4330-Kopie-1024x872.jpg\" class=\"attachment-large size-large\" alt=\"\" srcset=\"https:\/\/www.tavolata.ch\/wp-content\/uploads\/2023\/06\/IMG_4330-Kopie-1024x872.jpg 1024w, https:\/\/www.tavolata.ch\/wp-content\/uploads\/2023\/06\/IMG_4330-Kopie-300x256.jpg 300w, https:\/\/www.tavolata.ch\/wp-content\/uploads\/2023\/06\/IMG_4330-Kopie-768x654.jpg 768w, https:\/\/www.tavolata.ch\/wp-content\/uploads\/2023\/06\/IMG_4330-Kopie-1536x1308.jpg 1536w, https:\/\/www.tavolata.ch\/wp-content\/uploads\/2023\/06\/IMG_4330-Kopie-2048x1744.jpg 2048w\" sizes=\"auto, (max-width: 1024px) 100vw, 1024px\" \/><\/a>\n\t\t\t<\/div><\/figure><figure class='gallery-item'>\n\t\t\t<div class='gallery-icon landscape'>\n\t\t\t\t<a href='https:\/\/www.tavolata.ch\/wp-content\/uploads\/2023\/06\/IMG_4269-Kopie-scaled.jpg'><img loading=\"lazy\" decoding=\"async\" width=\"1024\" height=\"768\" src=\"https:\/\/www.tavolata.ch\/wp-content\/uploads\/2023\/06\/IMG_4269-Kopie-1024x768.jpg\" class=\"attachment-large size-large\" alt=\"\" srcset=\"https:\/\/www.tavolata.ch\/wp-content\/uploads\/2023\/06\/IMG_4269-Kopie-1024x768.jpg 1024w, https:\/\/www.tavolata.ch\/wp-content\/uploads\/2023\/06\/IMG_4269-Kopie-300x225.jpg 300w, https:\/\/www.tavolata.ch\/wp-content\/uploads\/2023\/06\/IMG_4269-Kopie-768x576.jpg 768w, https:\/\/www.tavolata.ch\/wp-content\/uploads\/2023\/06\/IMG_4269-Kopie-1536x1152.jpg 1536w, https:\/\/www.tavolata.ch\/wp-content\/uploads\/2023\/06\/IMG_4269-Kopie-2048x1536.jpg 2048w\" sizes=\"auto, (max-width: 1024px) 100vw, 1024px\" \/><\/a>\n\t\t\t<\/div><\/figure><figure class='gallery-item'>\n\t\t\t<div class='gallery-icon landscape'>\n\t\t\t\t<a href='https:\/\/www.tavolata.ch\/wp-content\/uploads\/2023\/06\/IMG_4286-Kopie-scaled.jpg'><img loading=\"lazy\" decoding=\"async\" width=\"1024\" height=\"768\" src=\"https:\/\/www.tavolata.ch\/wp-content\/uploads\/2023\/06\/IMG_4286-Kopie-1024x768.jpg\" class=\"attachment-large size-large\" alt=\"\" srcset=\"https:\/\/www.tavolata.ch\/wp-content\/uploads\/2023\/06\/IMG_4286-Kopie-1024x768.jpg 1024w, https:\/\/www.tavolata.ch\/wp-content\/uploads\/2023\/06\/IMG_4286-Kopie-300x225.jpg 300w, https:\/\/www.tavolata.ch\/wp-content\/uploads\/2023\/06\/IMG_4286-Kopie-768x576.jpg 768w, https:\/\/www.tavolata.ch\/wp-content\/uploads\/2023\/06\/IMG_4286-Kopie-1536x1152.jpg 1536w, https:\/\/www.tavolata.ch\/wp-content\/uploads\/2023\/06\/IMG_4286-Kopie-2048x1536.jpg 2048w\" sizes=\"auto, (max-width: 1024px) 100vw, 1024px\" \/><\/a>\n\t\t\t<\/div><\/figure><figure class='gallery-item'>\n\t\t\t<div class='gallery-icon portrait'>\n\t\t\t\t<a href='https:\/\/www.tavolata.ch\/wp-content\/uploads\/2023\/06\/IMG_4295-Kopie-scaled.jpg'><img loading=\"lazy\" decoding=\"async\" width=\"768\" height=\"1024\" src=\"https:\/\/www.tavolata.ch\/wp-content\/uploads\/2023\/06\/IMG_4295-Kopie-768x1024.jpg\" class=\"attachment-large size-large\" alt=\"\" srcset=\"https:\/\/www.tavolata.ch\/wp-content\/uploads\/2023\/06\/IMG_4295-Kopie-768x1024.jpg 768w, https:\/\/www.tavolata.ch\/wp-content\/uploads\/2023\/06\/IMG_4295-Kopie-225x300.jpg 225w, https:\/\/www.tavolata.ch\/wp-content\/uploads\/2023\/06\/IMG_4295-Kopie-1152x1536.jpg 1152w, https:\/\/www.tavolata.ch\/wp-content\/uploads\/2023\/06\/IMG_4295-Kopie-1536x2048.jpg 1536w, https:\/\/www.tavolata.ch\/wp-content\/uploads\/2023\/06\/IMG_4295-Kopie-scaled.jpg 1920w\" sizes=\"auto, (max-width: 768px) 100vw, 768px\" \/><\/a>\n\t\t\t<\/div><\/figure><figure class='gallery-item'>\n\t\t\t<div class='gallery-icon landscape'>\n\t\t\t\t<a href='https:\/\/www.tavolata.ch\/wp-content\/uploads\/2023\/06\/IMG_4297-Kopie-scaled.jpg'><img loading=\"lazy\" decoding=\"async\" width=\"1024\" height=\"776\" src=\"https:\/\/www.tavolata.ch\/wp-content\/uploads\/2023\/06\/IMG_4297-Kopie-1024x776.jpg\" class=\"attachment-large size-large\" alt=\"\" srcset=\"https:\/\/www.tavolata.ch\/wp-content\/uploads\/2023\/06\/IMG_4297-Kopie-1024x776.jpg 1024w, https:\/\/www.tavolata.ch\/wp-content\/uploads\/2023\/06\/IMG_4297-Kopie-300x227.jpg 300w, https:\/\/www.tavolata.ch\/wp-content\/uploads\/2023\/06\/IMG_4297-Kopie-768x582.jpg 768w, https:\/\/www.tavolata.ch\/wp-content\/uploads\/2023\/06\/IMG_4297-Kopie-1536x1164.jpg 1536w, https:\/\/www.tavolata.ch\/wp-content\/uploads\/2023\/06\/IMG_4297-Kopie-2048x1552.jpg 2048w\" sizes=\"auto, (max-width: 1024px) 100vw, 1024px\" \/><\/a>\n\t\t\t<\/div><\/figure><figure class='gallery-item'>\n\t\t\t<div class='gallery-icon landscape'>\n\t\t\t\t<a href='https:\/\/www.tavolata.ch\/wp-content\/uploads\/2023\/06\/IMG_4296-Kopie-scaled.jpg'><img loading=\"lazy\" decoding=\"async\" width=\"1024\" height=\"613\" src=\"https:\/\/www.tavolata.ch\/wp-content\/uploads\/2023\/06\/IMG_4296-Kopie-1024x613.jpg\" class=\"attachment-large size-large\" alt=\"\" srcset=\"https:\/\/www.tavolata.ch\/wp-content\/uploads\/2023\/06\/IMG_4296-Kopie-1024x613.jpg 1024w, https:\/\/www.tavolata.ch\/wp-content\/uploads\/2023\/06\/IMG_4296-Kopie-300x180.jpg 300w, https:\/\/www.tavolata.ch\/wp-content\/uploads\/2023\/06\/IMG_4296-Kopie-768x460.jpg 768w, https:\/\/www.tavolata.ch\/wp-content\/uploads\/2023\/06\/IMG_4296-Kopie-1536x920.jpg 1536w, https:\/\/www.tavolata.ch\/wp-content\/uploads\/2023\/06\/IMG_4296-Kopie-2048x1226.jpg 2048w\" sizes=\"auto, (max-width: 1024px) 100vw, 1024px\" \/><\/a>\n\t\t\t<\/div><\/figure><figure class='gallery-item'>\n\t\t\t<div class='gallery-icon landscape'>\n\t\t\t\t<a href='https:\/\/www.tavolata.ch\/wp-content\/uploads\/2023\/06\/IMG_4315-Kopie-scaled.jpg'><img loading=\"lazy\" decoding=\"async\" width=\"1024\" height=\"696\" src=\"https:\/\/www.tavolata.ch\/wp-content\/uploads\/2023\/06\/IMG_4315-Kopie-1024x696.jpg\" class=\"attachment-large size-large\" alt=\"\" srcset=\"https:\/\/www.tavolata.ch\/wp-content\/uploads\/2023\/06\/IMG_4315-Kopie-1024x696.jpg 1024w, https:\/\/www.tavolata.ch\/wp-content\/uploads\/2023\/06\/IMG_4315-Kopie-300x204.jpg 300w, https:\/\/www.tavolata.ch\/wp-content\/uploads\/2023\/06\/IMG_4315-Kopie-768x522.jpg 768w, https:\/\/www.tavolata.ch\/wp-content\/uploads\/2023\/06\/IMG_4315-Kopie-1536x1044.jpg 1536w, https:\/\/www.tavolata.ch\/wp-content\/uploads\/2023\/06\/IMG_4315-Kopie-2048x1392.jpg 2048w\" sizes=\"auto, (max-width: 1024px) 100vw, 1024px\" \/><\/a>\n\t\t\t<\/div><\/figure><figure class='gallery-item'>\n\t\t\t<div class='gallery-icon landscape'>\n\t\t\t\t<a href='https:\/\/www.tavolata.ch\/wp-content\/uploads\/2023\/06\/IMG_8074.jpg'><img loading=\"lazy\" decoding=\"async\" width=\"1024\" height=\"604\" src=\"https:\/\/www.tavolata.ch\/wp-content\/uploads\/2023\/06\/IMG_8074-1024x604.jpg\" class=\"attachment-large size-large\" alt=\"\" srcset=\"https:\/\/www.tavolata.ch\/wp-content\/uploads\/2023\/06\/IMG_8074-1024x604.jpg 1024w, https:\/\/www.tavolata.ch\/wp-content\/uploads\/2023\/06\/IMG_8074-300x177.jpg 300w, https:\/\/www.tavolata.ch\/wp-content\/uploads\/2023\/06\/IMG_8074-768x453.jpg 768w, https:\/\/www.tavolata.ch\/wp-content\/uploads\/2023\/06\/IMG_8074.jpg 1200w\" sizes=\"auto, (max-width: 1024px) 100vw, 1024px\" \/><\/a>\n\t\t\t<\/div><\/figure><figure class='gallery-item'>\n\t\t\t<div class='gallery-icon landscape'>\n\t\t\t\t<a href='https:\/\/www.tavolata.ch\/wp-content\/uploads\/2023\/06\/IMG_8071.jpg'><img loading=\"lazy\" decoding=\"async\" width=\"1024\" height=\"681\" src=\"https:\/\/www.tavolata.ch\/wp-content\/uploads\/2023\/06\/IMG_8071-1024x681.jpg\" class=\"attachment-large size-large\" alt=\"\" srcset=\"https:\/\/www.tavolata.ch\/wp-content\/uploads\/2023\/06\/IMG_8071-1024x681.jpg 1024w, https:\/\/www.tavolata.ch\/wp-content\/uploads\/2023\/06\/IMG_8071-300x200.jpg 300w, https:\/\/www.tavolata.ch\/wp-content\/uploads\/2023\/06\/IMG_8071-768x511.jpg 768w, https:\/\/www.tavolata.ch\/wp-content\/uploads\/2023\/06\/IMG_8071.jpg 1200w\" sizes=\"auto, (max-width: 1024px) 100vw, 1024px\" \/><\/a>\n\t\t\t<\/div><\/figure><figure class='gallery-item'>\n\t\t\t<div class='gallery-icon landscape'>\n\t\t\t\t<a href='https:\/\/www.tavolata.ch\/wp-content\/uploads\/2023\/06\/IMG_8036.jpg'><img loading=\"lazy\" decoding=\"async\" width=\"1024\" height=\"713\" src=\"https:\/\/www.tavolata.ch\/wp-content\/uploads\/2023\/06\/IMG_8036-1024x713.jpg\" class=\"attachment-large size-large\" alt=\"\" srcset=\"https:\/\/www.tavolata.ch\/wp-content\/uploads\/2023\/06\/IMG_8036-1024x713.jpg 1024w, https:\/\/www.tavolata.ch\/wp-content\/uploads\/2023\/06\/IMG_8036-300x209.jpg 300w, https:\/\/www.tavolata.ch\/wp-content\/uploads\/2023\/06\/IMG_8036-768x534.jpg 768w, https:\/\/www.tavolata.ch\/wp-content\/uploads\/2023\/06\/IMG_8036.jpg 1200w\" sizes=\"auto, (max-width: 1024px) 100vw, 1024px\" \/><\/a>\n\t\t\t<\/div><\/figure><figure class='gallery-item'>\n\t\t\t<div class='gallery-icon landscape'>\n\t\t\t\t<a href='https:\/\/www.tavolata.ch\/wp-content\/uploads\/2023\/06\/IMG_7966.jpg'><img loading=\"lazy\" decoding=\"async\" width=\"1024\" height=\"683\" src=\"https:\/\/www.tavolata.ch\/wp-content\/uploads\/2023\/06\/IMG_7966-1024x683.jpg\" class=\"attachment-large size-large\" alt=\"\" srcset=\"https:\/\/www.tavolata.ch\/wp-content\/uploads\/2023\/06\/IMG_7966-1024x683.jpg 1024w, https:\/\/www.tavolata.ch\/wp-content\/uploads\/2023\/06\/IMG_7966-300x200.jpg 300w, https:\/\/www.tavolata.ch\/wp-content\/uploads\/2023\/06\/IMG_7966-768x512.jpg 768w, https:\/\/www.tavolata.ch\/wp-content\/uploads\/2023\/06\/IMG_7966.jpg 1200w\" sizes=\"auto, (max-width: 1024px) 100vw, 1024px\" \/><\/a>\n\t\t\t<\/div><\/figure><figure class='gallery-item'>\n\t\t\t<div class='gallery-icon landscape'>\n\t\t\t\t<a href='https:\/\/www.tavolata.ch\/wp-content\/uploads\/2023\/06\/IMG_7906.jpg'><img loading=\"lazy\" decoding=\"async\" width=\"1024\" height=\"683\" src=\"https:\/\/www.tavolata.ch\/wp-content\/uploads\/2023\/06\/IMG_7906-1024x683.jpg\" class=\"attachment-large size-large\" alt=\"\" srcset=\"https:\/\/www.tavolata.ch\/wp-content\/uploads\/2023\/06\/IMG_7906-1024x683.jpg 1024w, https:\/\/www.tavolata.ch\/wp-content\/uploads\/2023\/06\/IMG_7906-300x200.jpg 300w, https:\/\/www.tavolata.ch\/wp-content\/uploads\/2023\/06\/IMG_7906-768x512.jpg 768w, https:\/\/www.tavolata.ch\/wp-content\/uploads\/2023\/06\/IMG_7906.jpg 1200w\" sizes=\"auto, (max-width: 1024px) 100vw, 1024px\" \/><\/a>\n\t\t\t<\/div><\/figure>\n\t\t<\/div>\n\n<hr \/>\n<h3>Programme<\/h3>\n<p><strong>D\u00e8s 9 h 00<\/strong><br \/>\nAccueil avec caf\u00e9 et croissants<\/p>\n<p><strong>9 h 45: Amuse-bouche<\/strong><\/p>\n<ul>\n<li>Accueil par Franziska Kiss et Daniela Specht<\/li>\n<li>Mot de bienvenue du pr\u00e9sident Robert Sempach<\/li>\n<\/ul>\n<p><strong>10 h 00: \u00abL\u2019engagement donne de l\u2019\u00e9nergie, am\u00e9liore les comp\u00e9tences et la forme\u00bb:<\/strong><br \/>\nElisabeth Michel-Alder est chercheuse en sciences sociales, auteure de livres, journaliste et conseill\u00e8re d\u2019entreprise. Elle remet en cause le mainstream social et tient un blog sur le march\u00e9 du travail pour les personnes de plus de 50 ans. Elle est convaincue que l\u203aengagement social permet de rester jeune et en bonne sant\u00e9. <a href=\"https:\/\/www.tavolata.ch\/wp-content\/uploads\/2023\/07\/Tavolata-Praesentation-Michel-Alder-Juni-2023.pdf\" target=\"_blank\" rel=\"noopener\">Vers la pr\u00e9sentation (en allemand)<\/a><\/p>\n<p><strong>11 h 00: Agile et stable tout au long de la vie:<\/strong><br \/>\nun entra\u00eenement r\u00e9gulier pour am\u00e9liorer l\u2019\u00e9quilibre des personnes \u00e2g\u00e9es Le physioth\u00e9rapeute Matthias Gerber pr\u00e9sente la campagne de pr\u00e9vention \u00ab\u00c9quilibre-en-marche\u00bb, fournit des informations de fond pour plus de s\u00e9curit\u00e9 au quotidien, montre comment s\u2019entra\u00eener correctement et quels cours sont disponibles. <a href=\"https:\/\/www.equilibre-en-marche.ch\/infos\" target=\"_blank\" rel=\"noopener\">Agilit\u00e9 et stabilit\u00e9 au quotidien\u00a0<\/a><\/p>\n<p><strong>11 h 45: Place du march\u00e9\u00a0<\/strong><br \/>\nRendez-vous au stand du march\u00e9 de votre r\u00e9gion et faites connaissance avec les Tavolata de votre r\u00e9gion!<\/p>\n<p><strong>12 h 15: Repas de midi avec du temps pour bavarder <\/strong><\/p>\n<p><strong>14 h 00: Transition vers les points de rencontre des ateliers <\/strong><\/p>\n<p><strong>14 h 15: D\u00e9but des ateliers <\/strong><\/p>\n<p><strong>15 h 50: R\u00e9trospective de la journ\u00e9e dans la salle <\/strong><\/p>\n<p><strong>16 h 00: Cl\u00f4ture \u00e0 l\u2019ap\u00e9ritif <\/strong><\/p>\n<p><strong>16 h 30: Au revoir<\/strong><\/p>\n<hr \/>\n<h3>Ateliers<\/h3>\n<ol>\n<li><strong>Engagement macht munter, kompetent und gesund<\/strong><br \/>\nWie k\u00f6nnen \u00e4ltere Menschen ihre Ressourcen einsetzen, um Nutzen fu\u0308r die Gesellschaft zu stiften? Ein kreativer Austausch mit Elisabeth Michel-Alder u\u0308ber ein erfu\u0308lltes Leben im dritten Lebensabschnitt.<\/li>\n<li><strong>Agil und stabil durchs Leben: mit regelm\u00e4ssigem Training zu mehr Gleichgewicht im Alter.<\/strong><br \/>\nMatthias Gerber erhebt mit den Teilnehmern zusammen den Stand des Gleichgewichts und der Kraft. Anschliessend zeigt er ein sturzpr\u00e4ventives Training mit einfachen und effektiven \u00dcbungen fu\u0308r zu Hause.<\/li>\n<li><strong>Tai Chi und Qi Gong:<\/strong><br \/>\nFredy Buttauer zeigt, wie Sie Tai-Chi- und Qi-Gong-\u00dcbungen in den Alltag integrieren und so den K\u00f6rper st\u00e4rken, den Kreislauf anregen und den Geist entspannen.<\/li>\n<li><strong>Auf den Spuren von Luchs, Wolf und Przewalskipferd:<\/strong><br \/>\nRuth Werren fu\u0308hrt Sie durch den Wildpark Bruderhaus. Hier leben 11 Tierarten. Die Fu\u0308hrung dauert eine Stunde, der Hin- und Ru\u0308ckweg zu Fuss je 20 Minuten.<\/li>\n<li><strong>Zeit fu\u0308r die Zeit:<\/strong><br \/>\nDas Uhrenmuseum in Winterthur ist ein Juwel: Entdecken Sie bei einer Fu\u0308hrung die hochkar\u00e4tigen Sammlungen Konrad Kellenberger und Oscar Schwank.<\/li>\n<li><strong>Ein Streifzug durch Winterthur:<\/strong><br \/>\nWaren Sie noch nie oder schon l\u00e4nger nicht mehr in Winterthur? An der Stadtfu\u0308hrung entdecken Sie die sechstgr\u00f6sste Stadt der Schweiz (en fran\u00e7ais et en allemand)<\/li>\n<li><strong>Kochen mit Simon Crescente:<\/strong><br \/>\nUnser \u00abAmuse-bouche\u00bb-Koch Simon Crescente aus Winterthur kocht regional, saisonal und gesund. Vieles pflanzt er im eigenen Garten an. Er zeigt einfache Rezepte, die Sie gleich probieren k\u00f6nnen.<\/li>\n<li><strong>Leporello gestalten:<\/strong><br \/>\nMit ausgesuchten Papieren, Farben, Stift und Schere kreieren Sie mit Esther St\u00f6ssel ein pers\u00f6nliches Leporello: Probieren Sie die vielf\u00e4ltigen gestalterischen M\u00f6glichkeiten aus!<\/li>\n<li><strong>Ein Helferlein fu\u0308r die Ku\u0308che oder das Bad:<\/strong><br \/>\nSie sind praktisch und trendig: Schw\u00e4mme aus Bubble-Garn! Ruth Illi und Ida Bitter stricken mit den Teilnehmenden ein einfaches und praktisches Helferlein fu\u0308r Ku\u0308che und Bad.<\/li>\n<li><strong>Die Kraft der Heilsteine:<\/strong><br \/>\nRuth Rios von diopteia Heilsteinberatung befasst sich seit 30 Jahren mit der Kraft von Heilsteinen. Erfahren Sie, wie beim Auflegen oder Tragen eines Heilsteins bestimmte Stoffwechsel- und Organfunktionen sowie das seelische Erleben, das Denken, Gefu\u0308hle und der geistige Wille stimuliert werden.<\/li>\n<\/ol>\n","protected":false},"excerpt":{"rendered":"<p>La r\u00e9union annuelle de Tavolata s&rsquo;est tenue le 27 juin 2023 dans l&rsquo;ancienne caserne de Winterthur, avec environ 140 participants. La rencontre \u00e9tait plac\u00e9e sous le signe du mouvement, de l&rsquo;agilit\u00e9 et de la sant\u00e9. Revenons sur les plus beaux moments: Programme D\u00e8s 9 h 00 Accueil avec caf\u00e9 et croissants 9 h 45: Amuse-bouche [&hellip;]<\/p>\n","protected":false},"author":2,"featured_media":0,"parent":0,"menu_order":11,"comment_status":"closed","ping_status":"closed","template":"","meta":{"_acf_changed":false,"footnotes":""},"class_list":["post-11856","page","type-page","status-publish","hentry"],"acf":[],"_links":{"self":[{"href":"https:\/\/www.tavolata.ch\/fr\/wp-json\/wp\/v2\/pages\/11856","targetHints":{"allow":["GET"]}}],"collection":[{"href":"https:\/\/www.tavolata.ch\/fr\/wp-json\/wp\/v2\/pages"}],"about":[{"href":"https:\/\/www.tavolata.ch\/fr\/wp-json\/wp\/v2\/types\/page"}],"author":[{"embeddable":true,"href":"https:\/\/www.tavolata.ch\/fr\/wp-json\/wp\/v2\/users\/2"}],"replies":[{"embeddable":true,"href":"https:\/\/www.tavolata.ch\/fr\/wp-json\/wp\/v2\/comments?post=11856"}],"version-history":[{"count":13,"href":"https:\/\/www.tavolata.ch\/fr\/wp-json\/wp\/v2\/pages\/11856\/revisions"}],"predecessor-version":[{"id":12265,"href":"https:\/\/www.tavolata.ch\/fr\/wp-json\/wp\/v2\/pages\/11856\/revisions\/12265"}],"wp:attachment":[{"href":"https:\/\/www.tavolata.ch\/fr\/wp-json\/wp\/v2\/media?parent=11856"}],"curies":[{"name":"wp","href":"https:\/\/api.w.org\/{rel}","templated":true}]}}