{"id":11317,"date":"2023-01-18T20:04:58","date_gmt":"2023-01-18T19:04:58","guid":{"rendered":"https:\/\/www.tavolata.ch\/ich-moechte-spenden\/"},"modified":"2023-01-20T13:55:29","modified_gmt":"2023-01-20T12:55:29","slug":"don","status":"publish","type":"page","link":"https:\/\/www.tavolata.ch\/fr\/don\/","title":{"rendered":"Je souhaite faire un don"},"content":{"rendered":"<h3>Tavolata se r\u00e9jouit de votre don.<\/h3>\n<p>Depuis novembre 2022, Tavolata est une association. Elle est financ\u00e9e par les cotisations de ses membres, des dons et des contributions de donatrices et donateurs. Nous d\u00e9pendons de dons afin de pouvoir soutenir Tavolata de mani\u00e8re optimale dans toutes les r\u00e9gions de Suisse.<\/p>\n<p>Nous serions particuli\u00e8rement heureux que vous deveniez <a href=\"https:\/\/www.tavolata.ch\/fr\/membre\/\">membre de l\u2019association<\/a>. Mais un don unique nous aide aussi beaucoup. Vous pouvez faire un don par<\/p>\n<ul>\n<li><a class=\"aioseop-link\" href=\"https:\/\/donate.raisenow.io\/dnvwv\">Twint<\/a><\/li>\n<li>Virement bancaire \u00e0 l\u2019IBAN CH36 0070 0114 8073 2132 1, Z\u00fcrcher Kantonalbank, Postfach, 8010 Z\u00fcrich<\/li>\n<\/ul>\n<h3>Nous soutenez-vous? Merci!<\/h3>\n<div id=\"rnw-paylink-button\"><\/div>\n<p><script type=\"module\">\nimport {PaylinkButton} from \"https:\/\/donate.raisenow.io\/button.js\"\nPaylinkButton.render('#rnw-paylink-button', {'solution-id': \"dnvwv\", 'solution-type': \"donate\", language: \"fr\", size: \"large\", width: \"fixed\", 'color-scheme': \"dark\"})\n<\/script><\/p>\n","protected":false},"excerpt":{"rendered":"<p>Tavolata se r\u00e9jouit de votre don. Depuis novembre 2022, Tavolata est une association. Elle est financ\u00e9e par les cotisations de ses membres, des dons et des contributions de donatrices et donateurs. Nous d\u00e9pendons de dons afin de pouvoir soutenir Tavolata de mani\u00e8re optimale dans toutes les r\u00e9gions de Suisse. Nous serions particuli\u00e8rement heureux que vous [&hellip;]<\/p>\n","protected":false},"author":2,"featured_media":0,"parent":0,"menu_order":14,"comment_status":"closed","ping_status":"closed","template":"","meta":{"_acf_changed":false,"footnotes":""},"class_list":["post-11317","page","type-page","status-publish","hentry"],"acf":[],"_links":{"self":[{"href":"https:\/\/www.tavolata.ch\/fr\/wp-json\/wp\/v2\/pages\/11317","targetHints":{"allow":["GET"]}}],"collection":[{"href":"https:\/\/www.tavolata.ch\/fr\/wp-json\/wp\/v2\/pages"}],"about":[{"href":"https:\/\/www.tavolata.ch\/fr\/wp-json\/wp\/v2\/types\/page"}],"author":[{"embeddable":true,"href":"https:\/\/www.tavolata.ch\/fr\/wp-json\/wp\/v2\/users\/2"}],"replies":[{"embeddable":true,"href":"https:\/\/www.tavolata.ch\/fr\/wp-json\/wp\/v2\/comments?post=11317"}],"version-history":[{"count":3,"href":"https:\/\/www.tavolata.ch\/fr\/wp-json\/wp\/v2\/pages\/11317\/revisions"}],"predecessor-version":[{"id":11329,"href":"https:\/\/www.tavolata.ch\/fr\/wp-json\/wp\/v2\/pages\/11317\/revisions\/11329"}],"wp:attachment":[{"href":"https:\/\/www.tavolata.ch\/fr\/wp-json\/wp\/v2\/media?parent=11317"}],"curies":[{"name":"wp","href":"https:\/\/api.w.org\/{rel}","templated":true}]}}