{"id":10802,"date":"2022-11-29T17:36:59","date_gmt":"2022-11-29T16:36:59","guid":{"rendered":"https:\/\/www.tavolata.ch\/anmeldung-als-mitglied-des-vereins-tavolata\/"},"modified":"2025-04-01T13:58:47","modified_gmt":"2025-04-01T11:58:47","slug":"membre","status":"publish","type":"page","link":"https:\/\/www.tavolata.ch\/fr\/membre\/","title":{"rendered":"Inscription \u00e0 l\u2019association Tavolata"},"content":{"rendered":"<h3>Peuvent devenir membres:<\/h3>\n<ul>\n<li>toutes les personnes engag\u00e9es dans une Tavolata locale;<\/li>\n<li>les personnes int\u00e9ress\u00e9es et les ami-es de Tavolata (personnes physiques ou morales);<\/li>\n<li>Le r\u00e9seau Tavolata continuera \u00e0 exister sous la m\u00eame forme. Nul besoin d\u2019\u00eatre membre pour <a href=\"https:\/\/www.tavolata.ch\/fr\/creer\/\">s\u2019inscrire<\/a> en tant que Tavolata sur notre site Internet.<\/li>\n<\/ul>\n<h3>Vos avantages<\/h3>\n<ul>\n<li>Vous participez aux d\u00e9cisions concernant l&rsquo;avenir du R\u00e9seau Tavolata lors de l&rsquo;assembl\u00e9e g\u00e9n\u00e9rale annuelle.<\/li>\n<li>Vous participez gratuitement \u00e0 la conf\u00e9rence annuelle.<\/li>\n<\/ul>\n<h3>Cotisation des membres 2024<\/h3>\n<h4>Personnes physiques<\/h4>\n<ul>\n<li>Membre individuel: CHF 40.- \/ le droit de vote est accord\u00e9 au membre pr\u00e9sent \u00e0 l&rsquo;assembl\u00e9e g\u00e9n\u00e9rale.<\/li>\n<li>Personnes b\u00e9n\u00e9ficiant de prestations compl\u00e9mentaires: CHF 20.- (auto-d\u00e9claration).<\/li>\n<li>Membre collectif (Tavolata s&rsquo;inscrit en commun): CHF 120.- \/ Seuls les membres inscrits et pr\u00e9sents \u00e0 l&rsquo;assembl\u00e9e g\u00e9n\u00e9rale ont le droit de vote.<\/li>\n<\/ul>\n<h4>Organisations\/Personnes morales<\/h4>\n<ul>\n<li>Cotisation: CHF 1&rsquo;000.- \/ Droit de vote \u00e0 l&rsquo;assembl\u00e9e g\u00e9n\u00e9rale: 1 voix chacune.<\/li>\n<\/ul>\n<h4>Donateurs et donatrices<\/h4>\n<ul>\n<li>Les donateurs et donatrices sont des membres qui versent au moins 100 CHF par an. Les contributions sup\u00e9rieures \u00e0 CHF 40.- et inf\u00e9rieures \u00e0 CHF 99.- sont consid\u00e9r\u00e9es comme des dons (d\u00e9duction faite de la cotisation de membre de CHF 40.-).<\/li>\n<\/ul>\n<h3>Plus d&rsquo;informations<\/h3>\n<ul>\n<li><a href=\"https:\/\/www.tavolata.ch\/wp-content\/uploads\/2024\/04\/26032024_Tavolata_Politique-d-adhesion-FR.pdf\">Concept d&rsquo;adh\u00e9sion<\/a><\/li>\n<li><a href=\"https:\/\/www.tavolata.ch\/wp-content\/uploads\/2022\/12\/Statuten-Tavolata_221123.pdf\" target=\"_blank\" rel=\"noopener\">Statuts de l\u2019association Tavolata du 23.11.2022<\/a> (en allemand)<\/li>\n<\/ul>\n<h3>Inscription<\/h3>\n<div class=\"webling-form \"><form action=\"?\" method=\"post\" enctype=\"multipart\/form-data\" onsubmit=\"webling_disableSubmitButton()\"><input type=\"hidden\" id=\"_wpnonce\" name=\"_wpnonce\" value=\"10f804f338\" \/><input type=\"hidden\" name=\"_wp_http_referer\" value=\"\/fr\/wp-json\/wp\/v2\/pages\/10802\" \/><input type=\"hidden\" name=\"webling-form-id\" value=\"2\"\/><input type=\"hidden\" name=\"webling-form-redirect\" value=\"https:\/\/www.tavolata.ch\/fr\/membre\/\"\/><div class=\"webling-form__group webling-form__group--top  webling-form__group--field-Civilit\"><label for=\"webling-form-field-1340\" class=\"webling-form__label\">Civilit\u00e9 <span class=\"webling-form__required\">*<\/span><\/label><div class=\"webling-form__field\"><select name=\"webling-form-field[1340]\" id=\"webling-form-field-1340\" class=\"webling-form__select\" required><option value=\"Frau \/ Madame \/ Sig.ra\">Frau \/ Madame \/ Sig.ra<\/option><option value=\"Herr \/ Monsieur \/ Sig.\">Herr \/ Monsieur \/ Sig.<\/option><option value=\"Familie \/ Famille \/ Famiglia\">Familie \/ Famille \/ Famiglia<\/option><option value=\"Firma \/ Soci\u00e9t\u00e9 \/ Societ\u00e0\">Firma \/ Soci\u00e9t\u00e9 \/ Societ\u00e0<\/option><option value=\"Tavolata\">Tavolata<\/option><option value=\"Keine Angabe \/ Aucune donn\u00e9e \/ Non specificato\">Keine Angabe \/ Aucune donn\u00e9e \/ Non specificato<\/option><option value=\"Frau\">Frau<\/option><option value=\"Herr\">Herr<\/option><option value=\"Madame\">Madame<\/option><\/select><\/div><\/div><div class=\"webling-form__group webling-form__group--top  webling-form__group--field-Prnom\"><label for=\"webling-form-field-1341\" class=\"webling-form__label\">Pr\u00e9nom <span class=\"webling-form__required\">*<\/span><\/label><div class=\"webling-form__field\"><input type=\"text\" name=\"webling-form-field[1341]\" id=\"webling-form-field-1341\" placeholder=\"\" class=\"webling-form__input\" required><\/div><\/div><div class=\"webling-form__group webling-form__group--top  webling-form__group--field-Nom\"><label for=\"webling-form-field-1342\" class=\"webling-form__label\">Nom <span class=\"webling-form__required\">*<\/span><\/label><div class=\"webling-form__field\"><input type=\"text\" name=\"webling-form-field[1342]\" id=\"webling-form-field-1342\" placeholder=\"\" class=\"webling-form__input\" required><\/div><\/div><div class=\"webling-form__group webling-form__group--top  webling-form__group--field-Organisationentrepriseinstitution\"><label for=\"webling-form-field-1343\" class=\"webling-form__label\">Organisation \/ entreprise \/ institution<\/label><div class=\"webling-form__field\"><input type=\"text\" name=\"webling-form-field[1343]\" id=\"webling-form-field-1343\" placeholder=\"\" class=\"webling-form__input\" ><\/div><\/div><div class=\"webling-form__group webling-form__group--top  webling-form__group--field-Rue\"><label for=\"webling-form-field-1344\" class=\"webling-form__label\">Rue <span class=\"webling-form__required\">*<\/span><\/label><div class=\"webling-form__field\"><input type=\"text\" name=\"webling-form-field[1344]\" id=\"webling-form-field-1344\" placeholder=\"\" class=\"webling-form__input\" required><\/div><\/div><div class=\"webling-form__group webling-form__group--top  webling-form__group--field-NPA\"><label for=\"webling-form-field-1345\" class=\"webling-form__label\">NPA <span class=\"webling-form__required\">*<\/span><\/label><div class=\"webling-form__field\"><input type=\"text\" name=\"webling-form-field[1345]\" id=\"webling-form-field-1345\" placeholder=\"\" class=\"webling-form__input\" required><\/div><\/div><div class=\"webling-form__group webling-form__group--top  webling-form__group--field-Localit\"><label for=\"webling-form-field-1346\" class=\"webling-form__label\">Localit\u00e9 <span class=\"webling-form__required\">*<\/span><\/label><div class=\"webling-form__field\"><input type=\"text\" name=\"webling-form-field[1346]\" id=\"webling-form-field-1346\" placeholder=\"\" class=\"webling-form__input\" required><\/div><\/div><div class=\"webling-form__group webling-form__group--top  webling-form__group--field-Email\"><label for=\"webling-form-field-1347\" class=\"webling-form__label\">E-mail<\/label><div class=\"webling-form__field\"><input type=\"email\" name=\"webling-form-field[1347]\" id=\"webling-form-field-1347\" placeholder=\"\" class=\"webling-form__input\" ><\/div><\/div><div class=\"webling-form__group webling-form__group--top  webling-form__group--field-Ntlphone\"><label for=\"webling-form-field-1348\" class=\"webling-form__label\">N\u00b0 t\u00e9l\u00e9phone<\/label><div class=\"webling-form__field\"><input type=\"tel\" name=\"webling-form-field[1348]\" id=\"webling-form-field-1348\" placeholder=\"\" class=\"webling-form__input\" ><\/div><\/div><div class=\"webling-form__group webling-form__group--top  webling-form__group--field-Nportable\"><label for=\"webling-form-field-1349\" class=\"webling-form__label\">N\u00b0 portable<\/label><div class=\"webling-form__field\"><input type=\"tel\" name=\"webling-form-field[1349]\" id=\"webling-form-field-1349\" placeholder=\"\" class=\"webling-form__input\" ><\/div><\/div><div class=\"webling-form__group webling-form__group--top  webling-form__group--field-Datedenaissance\"><label for=\"webling-form-field-1350\" class=\"webling-form__label\">Date de naissance<\/label><div class=\"webling-form__field\"><input type=\"date\" name=\"webling-form-field[1350]\" id=\"webling-form-field-1350\" placeholder=\"TT.MM.JJJJ\" class=\"webling-form__input\" ><\/div><\/div><div class=\"webling-form__group webling-form__group--top  webling-form__group--field-Langue\"><label for=\"webling-form-field-1351\" class=\"webling-form__label\">Langue <span class=\"webling-form__required\">*<\/span><\/label><div class=\"webling-form__field\"><select name=\"webling-form-field[1351]\" id=\"webling-form-field-1351\" class=\"webling-form__select\" required><option value=\"Deutsch\">Deutsch<\/option><option value=\"Fran\u00e7ais\">Fran\u00e7ais<\/option><option value=\"Italiano\">Italiano<\/option><\/select><\/div><\/div><div class=\"webling-form__group webling-form__group--top  webling-form__group--field-FaitesvouspartieduneTavolata\"><label for=\"webling-form-field-1352\" class=\"webling-form__label\">Faites-vous partie d\u2019une Tavolata? <\/label><div class=\"webling-form__field\"><input type=\"text\" name=\"webling-form-field[1352]\" id=\"webling-form-field-1352\" placeholder=\"\" class=\"webling-form__input\" ><small class=\"webling-form__description\">Si oui, veuillez indiquer son nom.<\/small><\/div><\/div><div class=\"webling-form__group webling-form__group--top  webling-form__group--field-Veuillezchoisir\"><label for=\"webling-form-field-1353\" class=\"webling-form__label\">Veuillez choisir<\/label><div class=\"webling-form__field\"><select name=\"webling-form-field[1353]\" id=\"webling-form-field-1353\" class=\"webling-form__select\" ><option value=\"Einzelmitgliedschaft \/ Membre individuel \/ Iscrizione individuale: CHF 40.-\">Einzelmitgliedschaft \/ Membre individuel \/ Iscrizione individuale: CHF 40.-<\/option><option value=\"Einzelmitgliedschaft reduziert \/ Membre individuel r\u00e9duit \/ Membro individuale ridotto: CHF 20.-\">Einzelmitgliedschaft reduziert \/ Membre individuel r\u00e9duit \/ Membro individuale ridotto: CHF 20.-<\/option><option value=\"Kollektivmitgliedschaft \/ Membres collectifs \/ Iscrizione collettiva: CHF 120.-\">Kollektivmitgliedschaft \/ Membres collectifs \/ Iscrizione collettiva: CHF 120.-<\/option><option value=\"G\u00f6nnerschaft \/ Donation \/ Sostenitori: min. CHF 100.-\">G\u00f6nnerschaft \/ Donation \/ Sostenitori: min. CHF 100.-<\/option><option value=\"Organisationen \/ Organisations \/ Organizzazioni: CHF 1000.-\">Organisationen \/ Organisations \/ Organizzazioni: CHF 1000.-<\/option><option value=\"Tr\u00e4gerschaften: bitte nehmen Sie Kontakt mit uns auf\">Tr\u00e4gerschaften: bitte nehmen Sie Kontakt mit uns auf<\/option><\/select><\/div><\/div><div class=\"webling-form__group webling-form__group--top  webling-form__group--field-Pourlesmembrescollectifs\"><label for=\"webling-form-field-1354\" class=\"webling-form__label\">Pour les membres collectifs:<\/label><div class=\"webling-form__field\"><textarea rows=\"6\" name=\"webling-form-field[1354]\" id=\"webling-form-field-1354\" placeholder=\"Pr\u00e9nom et nom de tous les membres de la Tavolata\" class=\"webling-form__input\" ><\/textarea><small class=\"webling-form__description\">Les personnes inscrites participent gratuitement \u00e0 la r\u00e9union annuelle et \u00e0 l&#039;assembl\u00e9e g\u00e9n\u00e9rale.<\/small><\/div><\/div><div class=\"webling-form__group webling-form__group--top  webling-form__group--field-Envoidefacturepourlacotisationdemembre\"><label for=\"webling-form-field-1355\" class=\"webling-form__label\">Envoi de facture (pour la cotisation de membre) <span class=\"webling-form__required\">*<\/span><\/label><div class=\"webling-form__field\"><select name=\"webling-form-field[1355]\" id=\"webling-form-field-1355\" class=\"webling-form__select\" required><option value=\"Elektronisch - \u00e9lectronique - Per posta elettronica (E-mail)\">Elektronisch - \u00e9lectronique - Per posta elettronica (E-mail)<\/option><option value=\"Per Post - par voie postale - Per posta tradizionale\">Per Post - par voie postale - Per posta tradizionale<\/option><\/select><\/div><\/div><div class=\"webling-form__group webling-form__group--top  webling-form__group--field-Remarques\"><label for=\"webling-form-field-1356\" class=\"webling-form__label\">Remarques<\/label><div class=\"webling-form__field\"><textarea rows=\"6\" name=\"webling-form-field[1356]\" id=\"webling-form-field-1356\" placeholder=\"\" class=\"webling-form__input\" ><\/textarea><\/div><\/div><input type=\"text\" id=\"webling-form-field_0\" autocomplete=\"off\" name=\"webling-form-field[0]\" value=\"\"\/><p><input type=\"submit\" value=\"Envoyer\" class=\"webling-form__submit\" id=\"webling-form__submit\"><\/p><\/form><script type=\"text\/javascript\">\n\/\/ disable submit button after form was submitted to prevent multiple entries\nfunction webling_disableSubmitButton() {\n    document.getElementById(\"webling-form__submit\").disabled = true;\n}\n<\/script><\/div>\n<p>&nbsp;<\/p>\n<h3>Vous pr\u00e9f\u00e9rez faire un don \u00e0 Tavolata ?<\/h3>\n<div id=\"rnw-paylink-button\"><\/div>\n<p><script type=\"module\">\nimport {PaylinkButton} from \"https:\/\/donate.raisenow.io\/button.js\"\nPaylinkButton.render('#rnw-paylink-button', {'solution-id': \"dnvwv\", 'solution-type': \"donate\", language: \"fr\", size: \"large\", width: \"fixed\", 'color-scheme': \"dark\"})\n<\/script><\/p>\n","protected":false},"excerpt":{"rendered":"<p>Peuvent devenir membres: toutes les personnes engag\u00e9es dans une Tavolata locale; les personnes int\u00e9ress\u00e9es et les ami-es de Tavolata (personnes physiques ou morales); Le r\u00e9seau Tavolata continuera \u00e0 exister sous la m\u00eame forme. Nul besoin d\u2019\u00eatre membre pour s\u2019inscrire en tant que Tavolata sur notre site Internet. Vos avantages Vous participez aux d\u00e9cisions concernant l&rsquo;avenir [&hellip;]<\/p>\n","protected":false},"author":2,"featured_media":0,"parent":0,"menu_order":23,"comment_status":"closed","ping_status":"closed","template":"","meta":{"_acf_changed":false,"footnotes":""},"class_list":["post-10802","page","type-page","status-publish","hentry"],"acf":[],"_links":{"self":[{"href":"https:\/\/www.tavolata.ch\/fr\/wp-json\/wp\/v2\/pages\/10802","targetHints":{"allow":["GET"]}}],"collection":[{"href":"https:\/\/www.tavolata.ch\/fr\/wp-json\/wp\/v2\/pages"}],"about":[{"href":"https:\/\/www.tavolata.ch\/fr\/wp-json\/wp\/v2\/types\/page"}],"author":[{"embeddable":true,"href":"https:\/\/www.tavolata.ch\/fr\/wp-json\/wp\/v2\/users\/2"}],"replies":[{"embeddable":true,"href":"https:\/\/www.tavolata.ch\/fr\/wp-json\/wp\/v2\/comments?post=10802"}],"version-history":[{"count":21,"href":"https:\/\/www.tavolata.ch\/fr\/wp-json\/wp\/v2\/pages\/10802\/revisions"}],"predecessor-version":[{"id":15660,"href":"https:\/\/www.tavolata.ch\/fr\/wp-json\/wp\/v2\/pages\/10802\/revisions\/15660"}],"wp:attachment":[{"href":"https:\/\/www.tavolata.ch\/fr\/wp-json\/wp\/v2\/media?parent=10802"}],"curies":[{"name":"wp","href":"https:\/\/api.w.org\/{rel}","templated":true}]}}